{"id":153,"date":"2022-10-13T17:22:57","date_gmt":"2022-10-13T21:22:57","guid":{"rendered":"https:\/\/www.ithq.qc.ca\/repertoiretechnologies\/wp\/?page_id=153"},"modified":"2024-10-30T11:23:59","modified_gmt":"2024-10-30T15:23:59","slug":"a-propos","status":"publish","type":"page","link":"https:\/\/www.ithq.qc.ca\/repertoiretechnologies\/a-propos\/","title":{"rendered":"\u00c0 propos"},"content":{"rendered":"\t\t<div data-elementor-type=\"wp-page\" data-elementor-id=\"153\" class=\"elementor elementor-153\" data-elementor-post-type=\"page\">\n\t\t\t\t\t\t<section class=\"elementor-section elementor-top-section elementor-element elementor-element-2d33c14 elementor-section-full_width elementor-section-height-default elementor-section-height-default\" data-id=\"2d33c14\" data-element_type=\"section\" data-e-type=\"section\" data-settings=\"{&quot;jet_parallax_layout_list&quot;:[]}\">\n\t\t\t\t\t\t<div class=\"elementor-container elementor-column-gap-no\">\n\t\t\t\t\t<div class=\"elementor-column elementor-col-50 elementor-top-column elementor-element elementor-element-69d6eb8\" data-id=\"69d6eb8\" data-element_type=\"column\" data-e-type=\"column\">\n\t\t\t<div class=\"elementor-widget-wrap elementor-element-populated\">\n\t\t\t\t\t\t<div class=\"elementor-element elementor-element-7617024 elementor-widget elementor-widget-heading\" data-id=\"7617024\" data-element_type=\"widget\" data-e-type=\"widget\" data-widget_type=\"heading.default\">\n\t\t\t\t<div class=\"elementor-widget-container\">\n\t\t\t\t\t<h2 class=\"elementor-heading-title elementor-size-default\">\u00c0 propos<\/h2>\t\t\t\t<\/div>\n\t\t\t\t<\/div>\n\t\t\t\t<div class=\"elementor-element elementor-element-a1a910b elementor-widget elementor-widget-text-editor\" data-id=\"a1a910b\" data-element_type=\"widget\" data-e-type=\"widget\" data-widget_type=\"text-editor.default\">\n\t\t\t\t<div class=\"elementor-widget-container\">\n\t\t\t\t\t\t\t\t\t<p>N\u00e9 d\u2019une fi\u00e8re collaboration entre l\u2019\u00e9quipe du MTLab et le Centre d\u2019expertise de l\u2019ITHQ, ce r\u00e9pertoire pr\u00e9sente les derni\u00e8res avanc\u00e9es technologiques qui transforment l\u2019industrie de la restauration. De la gestion des inventaires \u00e0 la gestion des r\u00e9servations, en passant par les commandes en ligne et les applications de livraison, on y trouve les applications et les technologies num\u00e9riques innovantes ayant le potentiel d\u2019aider les restaurateurs \u00e0 optimiser leurs op\u00e9rations tout en offrant une exp\u00e9rience client de qualit\u00e9.<\/p><p>Ce r\u00e9pertoire est des plus utiles pour d\u00e9couvrir les possibilit\u00e9s technologiques actuellement disponibles sur le march\u00e9, mais il ne s\u2019agit pas d\u2019un outil diagnostique. Votre vigilance est de mise dans l\u2019exploration et l\u2019\u00e9tude des solutions pr\u00e9sent\u00e9es afin de vous assurer que les fonctionnalit\u00e9s conviennent \u00e0 votre entreprise.<\/p><p>Bonne d\u00e9couverte!\u00a0<\/p>\t\t\t\t\t\t\t\t<\/div>\n\t\t\t\t<\/div>\n\t\t\t\t\t<\/div>\n\t\t<\/div>\n\t\t\t\t<div class=\"elementor-column elementor-col-50 elementor-top-column elementor-element elementor-element-cc77c8b\" data-id=\"cc77c8b\" data-element_type=\"column\" data-e-type=\"column\">\n\t\t\t<div class=\"elementor-widget-wrap elementor-element-populated\">\n\t\t\t\t\t\t<div class=\"elementor-element elementor-element-ce4c525 elementor-widget elementor-widget-image\" data-id=\"ce4c525\" data-element_type=\"widget\" data-e-type=\"widget\" data-widget_type=\"image.default\">\n\t\t\t\t<div class=\"elementor-widget-container\">\n\t\t\t\t\t\t\t\t\t\t\t\t\t\t\t<img fetchpriority=\"high\" decoding=\"async\" width=\"763\" height=\"949\" src=\"https:\/\/assets.boitebeet.com\/ithq\/technology-directory\/prod\/public\/uploads\/2024\/05\/Groupe-541.png\" class=\"attachment-large size-large wp-image-3226\" alt=\"\" srcset=\"https:\/\/assets.boitebeet.com\/ithq\/technology-directory\/prod\/public\/uploads\/2024\/05\/Groupe-541.png 763w, https:\/\/assets.boitebeet.com\/ithq\/technology-directory\/prod\/public\/uploads\/2024\/05\/Groupe-541-241x300.png 241w, https:\/\/assets.boitebeet.com\/ithq\/technology-directory\/prod\/public\/uploads\/2024\/05\/Groupe-541-121x150.png 121w\" sizes=\"(max-width: 763px) 100vw, 763px\" \/>\t\t\t\t\t\t\t\t\t\t\t\t\t\t\t<\/div>\n\t\t\t\t<\/div>\n\t\t\t\t\t<\/div>\n\t\t<\/div>\n\t\t\t\t\t<\/div>\n\t\t<\/section>\n\t\t\t\t<section class=\"elementor-section elementor-top-section elementor-element elementor-element-587d0e8 elementor-reverse-tablet elementor-reverse-mobile elementor-section-boxed elementor-section-height-default elementor-section-height-default\" data-id=\"587d0e8\" data-element_type=\"section\" data-e-type=\"section\" data-settings=\"{&quot;jet_parallax_layout_list&quot;:[],&quot;background_background&quot;:&quot;classic&quot;}\">\n\t\t\t\t\t\t<div class=\"elementor-container elementor-column-gap-no\">\n\t\t\t\t\t<div class=\"elementor-column elementor-col-50 elementor-top-column elementor-element elementor-element-99096a0\" data-id=\"99096a0\" data-element_type=\"column\" data-e-type=\"column\">\n\t\t\t<div class=\"elementor-widget-wrap elementor-element-populated\">\n\t\t\t\t\t\t<div class=\"elementor-element elementor-element-9261617 elementor-widget elementor-widget-image\" data-id=\"9261617\" data-element_type=\"widget\" data-e-type=\"widget\" data-widget_type=\"image.default\">\n\t\t\t\t<div class=\"elementor-widget-container\">\n\t\t\t\t\t\t\t\t\t\t\t\t\t\t\t<img decoding=\"async\" width=\"854\" height=\"873\" src=\"https:\/\/assets.boitebeet.com\/ithq\/technology-directory\/prod\/public\/uploads\/2024\/06\/louis-hansel-wVoP_Q2Bg_A-unsplash.jpg\" class=\"attachment-full size-full wp-image-3752\" alt=\"\" srcset=\"https:\/\/assets.boitebeet.com\/ithq\/technology-directory\/prod\/public\/uploads\/2024\/06\/louis-hansel-wVoP_Q2Bg_A-unsplash.jpg 854w, https:\/\/assets.boitebeet.com\/ithq\/technology-directory\/prod\/public\/uploads\/2024\/06\/louis-hansel-wVoP_Q2Bg_A-unsplash-293x300.jpg 293w, https:\/\/assets.boitebeet.com\/ithq\/technology-directory\/prod\/public\/uploads\/2024\/06\/louis-hansel-wVoP_Q2Bg_A-unsplash-147x150.jpg 147w, https:\/\/assets.boitebeet.com\/ithq\/technology-directory\/prod\/public\/uploads\/2024\/06\/louis-hansel-wVoP_Q2Bg_A-unsplash-768x785.jpg 768w\" sizes=\"(max-width: 854px) 100vw, 854px\" \/>\t\t\t\t\t\t\t\t\t\t\t\t\t\t\t<\/div>\n\t\t\t\t<\/div>\n\t\t\t\t\t<\/div>\n\t\t<\/div>\n\t\t\t\t<div class=\"elementor-column elementor-col-50 elementor-top-column elementor-element elementor-element-d4595d8\" data-id=\"d4595d8\" data-element_type=\"column\" data-e-type=\"column\">\n\t\t\t<div class=\"elementor-widget-wrap elementor-element-populated\">\n\t\t\t\t\t\t<div class=\"elementor-element elementor-element-ea926bc elementor-widget elementor-widget-heading\" data-id=\"ea926bc\" data-element_type=\"widget\" data-e-type=\"widget\" data-widget_type=\"heading.default\">\n\t\t\t\t<div class=\"elementor-widget-container\">\n\t\t\t\t\t<h2 class=\"elementor-heading-title elementor-size-default\">Nous joindre<\/h2>\t\t\t\t<\/div>\n\t\t\t\t<\/div>\n\t\t\t\t<div class=\"elementor-element elementor-element-e713853 elementor-widget-divider--view-line elementor-widget elementor-widget-divider\" data-id=\"e713853\" data-element_type=\"widget\" data-e-type=\"widget\" data-widget_type=\"divider.default\">\n\t\t\t\t<div class=\"elementor-widget-container\">\n\t\t\t\t\t\t\t<div class=\"elementor-divider\">\n\t\t\t<span class=\"elementor-divider-separator\">\n\t\t\t\t\t\t<\/span>\n\t\t<\/div>\n\t\t\t\t\t\t<\/div>\n\t\t\t\t<\/div>\n\t\t\t\t<div class=\"elementor-element elementor-element-7e01bba elementor-widget elementor-widget-heading\" data-id=\"7e01bba\" data-element_type=\"widget\" data-e-type=\"widget\" data-widget_type=\"heading.default\">\n\t\t\t\t<div class=\"elementor-widget-container\">\n\t\t\t\t\t<p class=\"elementor-heading-title elementor-size-default\"><a href=\"mailto:technologies.restauration@ithq.qc.ca\">technologies.restauration@www.ithq.qc.ca\/repertoiretechnologies<\/a><\/p>\t\t\t\t<\/div>\n\t\t\t\t<\/div>\n\t\t\t\t<div class=\"elementor-element elementor-element-768b255 elementor-widget elementor-widget-heading\" data-id=\"768b255\" data-element_type=\"widget\" data-e-type=\"widget\" data-widget_type=\"heading.default\">\n\t\t\t\t<div class=\"elementor-widget-container\">\n\t\t\t\t\t<p class=\"elementor-heading-title elementor-size-default\">514 282-5115, option 3 <br>\nou, sans frais, 1 800 361-5111, poste 4237\n <\/p>\t\t\t\t<\/div>\n\t\t\t\t<\/div>\n\t\t\t\t\t<\/div>\n\t\t<\/div>\n\t\t\t\t\t<\/div>\n\t\t<\/section>\n\t\t\t\t<\/div>\n\t\t","protected":false},"excerpt":{"rendered":"<p>\u00c0 propos N\u00e9 d\u2019une fi\u00e8re collaboration entre l\u2019\u00e9quipe du MTLab et le Centre d\u2019expertise de l\u2019ITHQ, ce r\u00e9pertoire pr\u00e9sente les derni\u00e8res avanc\u00e9es technologiques qui transforment l\u2019industrie de la restauration. De la gestion des inventaires \u00e0 la gestion des r\u00e9servations, en passant par les commandes en ligne et les applications de livraison, on y trouve les [&hellip;]<\/p>\n","protected":false},"author":1,"featured_media":4270,"parent":0,"menu_order":0,"comment_status":"closed","ping_status":"closed","template":"elementor_header_footer","meta":{"_acf_changed":false,"footnotes":""},"class_list":["post-153","page","type-page","status-publish","has-post-thumbnail","hentry"],"acf":[],"yoast_head":"<!-- This site is optimized with the Yoast SEO plugin v27.4 - https:\/\/yoast.com\/product\/yoast-seo-wordpress\/ -->\n<title>\u00c0 propos - ITHQ R\u00e9pertoire<\/title>\n<meta name=\"robots\" content=\"index, follow, max-snippet:-1, max-image-preview:large, max-video-preview:-1\" \/>\n<link rel=\"canonical\" href=\"https:\/\/www.ithq.qc.ca\/repertoiretechnologies\/a-propos\/\" \/>\n<meta property=\"og:locale\" content=\"fr_CA\" \/>\n<meta property=\"og:type\" content=\"article\" \/>\n<meta property=\"og:title\" content=\"\u00c0 propos - ITHQ R\u00e9pertoire\" \/>\n<meta property=\"og:description\" content=\"\u00c0 propos N\u00e9 d\u2019une fi\u00e8re collaboration entre l\u2019\u00e9quipe du MTLab et le Centre d\u2019expertise de l\u2019ITHQ, ce r\u00e9pertoire pr\u00e9sente les derni\u00e8res avanc\u00e9es technologiques qui transforment l\u2019industrie de la restauration. De la gestion des inventaires \u00e0 la gestion des r\u00e9servations, en passant par les commandes en ligne et les applications de livraison, on y trouve les [&hellip;]\" \/>\n<meta property=\"og:url\" content=\"https:\/\/www.ithq.qc.ca\/repertoiretechnologies\/a-propos\/\" \/>\n<meta property=\"og:site_name\" content=\"ITHQ R\u00e9pertoire\" \/>\n<meta property=\"article:modified_time\" content=\"2024-10-30T15:23:59+00:00\" \/>\n<meta property=\"og:image\" content=\"https:\/\/assets.boitebeet.com\/ithq\/technology-directory\/prod\/public\/uploads\/2024\/10\/FB_Featured__0016_logo.jpg\" \/>\n\t<meta property=\"og:image:width\" content=\"1200\" \/>\n\t<meta property=\"og:image:height\" content=\"628\" \/>\n\t<meta property=\"og:image:type\" content=\"image\/jpeg\" \/>\n<meta name=\"twitter:card\" content=\"summary_large_image\" \/>\n<meta name=\"twitter:label1\" content=\"Estimation du temps de lecture\" \/>\n\t<meta name=\"twitter:data1\" content=\"2 minutes\" \/>\n<script type=\"application\/ld+json\" class=\"yoast-schema-graph\">{\"@context\":\"https:\\\/\\\/schema.org\",\"@graph\":[{\"@type\":\"WebPage\",\"@id\":\"https:\\\/\\\/www.ithq.qc.ca\\\/repertoiretechnologies\\\/a-propos\\\/\",\"url\":\"https:\\\/\\\/www.ithq.qc.ca\\\/repertoiretechnologies\\\/a-propos\\\/\",\"name\":\"\u00c0 propos - ITHQ R\u00e9pertoire\",\"isPartOf\":{\"@id\":\"https:\\\/\\\/www.ithq.qc.ca\\\/repertoiretechnologies\\\/#website\"},\"primaryImageOfPage\":{\"@id\":\"https:\\\/\\\/www.ithq.qc.ca\\\/repertoiretechnologies\\\/a-propos\\\/#primaryimage\"},\"image\":{\"@id\":\"https:\\\/\\\/www.ithq.qc.ca\\\/repertoiretechnologies\\\/a-propos\\\/#primaryimage\"},\"thumbnailUrl\":\"https:\\\/\\\/assets.boitebeet.com\\\/ithq\\\/technology-directory\\\/prod\\\/public\\\/uploads\\\/2024\\\/10\\\/FB_Featured__0016_logo.jpg\",\"datePublished\":\"2022-10-13T21:22:57+00:00\",\"dateModified\":\"2024-10-30T15:23:59+00:00\",\"breadcrumb\":{\"@id\":\"https:\\\/\\\/www.ithq.qc.ca\\\/repertoiretechnologies\\\/a-propos\\\/#breadcrumb\"},\"inLanguage\":\"fr-CA\",\"potentialAction\":[{\"@type\":\"ReadAction\",\"target\":[\"https:\\\/\\\/www.ithq.qc.ca\\\/repertoiretechnologies\\\/a-propos\\\/\"]}]},{\"@type\":\"ImageObject\",\"inLanguage\":\"fr-CA\",\"@id\":\"https:\\\/\\\/www.ithq.qc.ca\\\/repertoiretechnologies\\\/a-propos\\\/#primaryimage\",\"url\":\"https:\\\/\\\/assets.boitebeet.com\\\/ithq\\\/technology-directory\\\/prod\\\/public\\\/uploads\\\/2024\\\/10\\\/FB_Featured__0016_logo.jpg\",\"contentUrl\":\"https:\\\/\\\/assets.boitebeet.com\\\/ithq\\\/technology-directory\\\/prod\\\/public\\\/uploads\\\/2024\\\/10\\\/FB_Featured__0016_logo.jpg\",\"width\":1200,\"height\":628},{\"@type\":\"BreadcrumbList\",\"@id\":\"https:\\\/\\\/www.ithq.qc.ca\\\/repertoiretechnologies\\\/a-propos\\\/#breadcrumb\",\"itemListElement\":[{\"@type\":\"ListItem\",\"position\":1,\"name\":\"Home\",\"item\":\"https:\\\/\\\/www.ithq.qc.ca\\\/repertoiretechnologies\\\/\"},{\"@type\":\"ListItem\",\"position\":2,\"name\":\"\u00c0 propos\"}]},{\"@type\":\"WebSite\",\"@id\":\"https:\\\/\\\/www.ithq.qc.ca\\\/repertoiretechnologies\\\/#website\",\"url\":\"https:\\\/\\\/www.ithq.qc.ca\\\/repertoiretechnologies\\\/\",\"name\":\"ITHQ R\u00e9pertoire\",\"description\":\"R\u00e9pertoire des technologies en restauration\",\"potentialAction\":[{\"@type\":\"SearchAction\",\"target\":{\"@type\":\"EntryPoint\",\"urlTemplate\":\"https:\\\/\\\/www.ithq.qc.ca\\\/repertoiretechnologies\\\/?s={search_term_string}\"},\"query-input\":{\"@type\":\"PropertyValueSpecification\",\"valueRequired\":true,\"valueName\":\"search_term_string\"}}],\"inLanguage\":\"fr-CA\"}]}<\/script>\n<!-- \/ Yoast SEO plugin. -->","yoast_head_json":{"title":"\u00c0 propos - ITHQ R\u00e9pertoire","robots":{"index":"index","follow":"follow","max-snippet":"max-snippet:-1","max-image-preview":"max-image-preview:large","max-video-preview":"max-video-preview:-1"},"canonical":"https:\/\/www.ithq.qc.ca\/repertoiretechnologies\/a-propos\/","og_locale":"fr_CA","og_type":"article","og_title":"\u00c0 propos - ITHQ R\u00e9pertoire","og_description":"\u00c0 propos N\u00e9 d\u2019une fi\u00e8re collaboration entre l\u2019\u00e9quipe du MTLab et le Centre d\u2019expertise de l\u2019ITHQ, ce r\u00e9pertoire pr\u00e9sente les derni\u00e8res avanc\u00e9es technologiques qui transforment l\u2019industrie de la restauration. De la gestion des inventaires \u00e0 la gestion des r\u00e9servations, en passant par les commandes en ligne et les applications de livraison, on y trouve les [&hellip;]","og_url":"https:\/\/www.ithq.qc.ca\/repertoiretechnologies\/a-propos\/","og_site_name":"ITHQ R\u00e9pertoire","article_modified_time":"2024-10-30T15:23:59+00:00","og_image":[{"width":1200,"height":628,"url":"https:\/\/assets.boitebeet.com\/ithq\/technology-directory\/prod\/public\/uploads\/2024\/10\/FB_Featured__0016_logo.jpg","type":"image\/jpeg"}],"twitter_card":"summary_large_image","twitter_misc":{"Estimation du temps de lecture":"2 minutes"},"schema":{"@context":"https:\/\/schema.org","@graph":[{"@type":"WebPage","@id":"https:\/\/www.ithq.qc.ca\/repertoiretechnologies\/a-propos\/","url":"https:\/\/www.ithq.qc.ca\/repertoiretechnologies\/a-propos\/","name":"\u00c0 propos - ITHQ R\u00e9pertoire","isPartOf":{"@id":"https:\/\/www.ithq.qc.ca\/repertoiretechnologies\/#website"},"primaryImageOfPage":{"@id":"https:\/\/www.ithq.qc.ca\/repertoiretechnologies\/a-propos\/#primaryimage"},"image":{"@id":"https:\/\/www.ithq.qc.ca\/repertoiretechnologies\/a-propos\/#primaryimage"},"thumbnailUrl":"https:\/\/assets.boitebeet.com\/ithq\/technology-directory\/prod\/public\/uploads\/2024\/10\/FB_Featured__0016_logo.jpg","datePublished":"2022-10-13T21:22:57+00:00","dateModified":"2024-10-30T15:23:59+00:00","breadcrumb":{"@id":"https:\/\/www.ithq.qc.ca\/repertoiretechnologies\/a-propos\/#breadcrumb"},"inLanguage":"fr-CA","potentialAction":[{"@type":"ReadAction","target":["https:\/\/www.ithq.qc.ca\/repertoiretechnologies\/a-propos\/"]}]},{"@type":"ImageObject","inLanguage":"fr-CA","@id":"https:\/\/www.ithq.qc.ca\/repertoiretechnologies\/a-propos\/#primaryimage","url":"https:\/\/assets.boitebeet.com\/ithq\/technology-directory\/prod\/public\/uploads\/2024\/10\/FB_Featured__0016_logo.jpg","contentUrl":"https:\/\/assets.boitebeet.com\/ithq\/technology-directory\/prod\/public\/uploads\/2024\/10\/FB_Featured__0016_logo.jpg","width":1200,"height":628},{"@type":"BreadcrumbList","@id":"https:\/\/www.ithq.qc.ca\/repertoiretechnologies\/a-propos\/#breadcrumb","itemListElement":[{"@type":"ListItem","position":1,"name":"Home","item":"https:\/\/www.ithq.qc.ca\/repertoiretechnologies\/"},{"@type":"ListItem","position":2,"name":"\u00c0 propos"}]},{"@type":"WebSite","@id":"https:\/\/www.ithq.qc.ca\/repertoiretechnologies\/#website","url":"https:\/\/www.ithq.qc.ca\/repertoiretechnologies\/","name":"ITHQ R\u00e9pertoire","description":"R\u00e9pertoire des technologies en restauration","potentialAction":[{"@type":"SearchAction","target":{"@type":"EntryPoint","urlTemplate":"https:\/\/www.ithq.qc.ca\/repertoiretechnologies\/?s={search_term_string}"},"query-input":{"@type":"PropertyValueSpecification","valueRequired":true,"valueName":"search_term_string"}}],"inLanguage":"fr-CA"}]}},"_links":{"self":[{"href":"https:\/\/www.ithq.qc.ca\/repertoiretechnologies\/wp-json\/wp\/v2\/pages\/153","targetHints":{"allow":["GET"]}}],"collection":[{"href":"https:\/\/www.ithq.qc.ca\/repertoiretechnologies\/wp-json\/wp\/v2\/pages"}],"about":[{"href":"https:\/\/www.ithq.qc.ca\/repertoiretechnologies\/wp-json\/wp\/v2\/types\/page"}],"author":[{"embeddable":true,"href":"https:\/\/www.ithq.qc.ca\/repertoiretechnologies\/wp-json\/wp\/v2\/users\/1"}],"replies":[{"embeddable":true,"href":"https:\/\/www.ithq.qc.ca\/repertoiretechnologies\/wp-json\/wp\/v2\/comments?post=153"}],"version-history":[{"count":52,"href":"https:\/\/www.ithq.qc.ca\/repertoiretechnologies\/wp-json\/wp\/v2\/pages\/153\/revisions"}],"predecessor-version":[{"id":3755,"href":"https:\/\/www.ithq.qc.ca\/repertoiretechnologies\/wp-json\/wp\/v2\/pages\/153\/revisions\/3755"}],"wp:featuredmedia":[{"embeddable":true,"href":"https:\/\/www.ithq.qc.ca\/repertoiretechnologies\/wp-json\/wp\/v2\/media\/4270"}],"wp:attachment":[{"href":"https:\/\/www.ithq.qc.ca\/repertoiretechnologies\/wp-json\/wp\/v2\/media?parent=153"}],"curies":[{"name":"wp","href":"https:\/\/api.w.org\/{rel}","templated":true}]}}