{"id":47204,"date":"2024-08-05T16:13:14","date_gmt":"2024-08-05T20:13:14","guid":{"rendered":"https:\/\/www.ithq.qc.ca\/?page_id=47204"},"modified":"2024-08-13T13:34:29","modified_gmt":"2024-08-13T17:34:29","slug":"request-for-information-about-group-training-courses","status":"publish","type":"page","link":"https:\/\/www.ithq.qc.ca\/en\/corporate-services\/request-for-information-about-group-training-courses\/","title":{"rendered":"Request for information about group training courses"},"content":{"rendered":"<script type=\"text\/javascript\">\n\/* <![CDATA[ *\/\nvar gform;gform||(document.addEventListener(\"gform_main_scripts_loaded\",function(){gform.scriptsLoaded=!0}),document.addEventListener(\"gform\/theme\/scripts_loaded\",function(){gform.themeScriptsLoaded=!0}),window.addEventListener(\"DOMContentLoaded\",function(){gform.domLoaded=!0}),gform={domLoaded:!1,scriptsLoaded:!1,themeScriptsLoaded:!1,isFormEditor:()=>\"function\"==typeof InitializeEditor,callIfLoaded:function(o){return!(!gform.domLoaded||!gform.scriptsLoaded||!gform.themeScriptsLoaded&&!gform.isFormEditor()||(gform.isFormEditor()&&console.warn(\"The use of gform.initializeOnLoaded() is deprecated in the form editor context and will be removed in Gravity Forms 3.1.\"),o(),0))},initializeOnLoaded:function(o){gform.callIfLoaded(o)||(document.addEventListener(\"gform_main_scripts_loaded\",()=>{gform.scriptsLoaded=!0,gform.callIfLoaded(o)}),document.addEventListener(\"gform\/theme\/scripts_loaded\",()=>{gform.themeScriptsLoaded=!0,gform.callIfLoaded(o)}),window.addEventListener(\"DOMContentLoaded\",()=>{gform.domLoaded=!0,gform.callIfLoaded(o)}))},hooks:{action:{},filter:{}},addAction:function(o,r,e,t){gform.addHook(\"action\",o,r,e,t)},addFilter:function(o,r,e,t){gform.addHook(\"filter\",o,r,e,t)},doAction:function(o){gform.doHook(\"action\",o,arguments)},applyFilters:function(o){return gform.doHook(\"filter\",o,arguments)},removeAction:function(o,r){gform.removeHook(\"action\",o,r)},removeFilter:function(o,r,e){gform.removeHook(\"filter\",o,r,e)},addHook:function(o,r,e,t,n){null==gform.hooks[o][r]&&(gform.hooks[o][r]=[]);var d=gform.hooks[o][r];null==n&&(n=r+\"_\"+d.length),gform.hooks[o][r].push({tag:n,callable:e,priority:t=null==t?10:t})},doHook:function(r,o,e){var t;if(e=Array.prototype.slice.call(e,1),null!=gform.hooks[r][o]&&((o=gform.hooks[r][o]).sort(function(o,r){return o.priority-r.priority}),o.forEach(function(o){\"function\"!=typeof(t=o.callable)&&(t=window[t]),\"action\"==r?t.apply(null,e):e[0]=t.apply(null,e)})),\"filter\"==r)return e[0]},removeHook:function(o,r,t,n){var e;null!=gform.hooks[o][r]&&(e=(e=gform.hooks[o][r]).filter(function(o,r,e){return!!(null!=n&&n!=o.tag||null!=t&&t!=o.priority)}),gform.hooks[o][r]=e)}});\n\/* ]]> *\/\n<\/script>\n\n                <div class='gf_browser_gecko gform_wrapper gravity-theme gform-theme--no-framework' data-form-theme='gravity-theme' data-form-index='0' id='gform_wrapper_119' ><div id='gf_119' class='gform_anchor' tabindex='-1'><\/div>\n                        <div class='gform_heading'>\n                            <p class='gform_description'>Would you like to know more about our group training courses? Let us know your needs by filling out the following form.<\/p>\n\t\t\t\t\t\t\t<p class='gform_required_legend'>&quot;<span class=\"gfield_required gfield_required_asterisk\">*<\/span>&quot; indicates required fields<\/p>\n                        <\/div><form method='post' enctype='multipart\/form-data'  id='gform_119'  action='\/en\/wp-json\/wp\/v2\/pages\/47204#gf_119' data-formid='119' novalidate><div class='gf_invisible ginput_recaptchav3' data-sitekey='6LdjBmcsAAAAABfo1O2FWmOqXDKwXkAZu6kH4f0f' data-tabindex='0'><input id=\"input_392f1fd9a657c6d17d1ba678cfd34588\" class=\"gfield_recaptcha_response\" type=\"hidden\" name=\"input_392f1fd9a657c6d17d1ba678cfd34588\" value=\"\"\/><\/div>\n                        <div class='gform-body gform_body'><div id='gform_fields_119' class='gform_fields top_label form_sublabel_below description_below validation_below'><div id=\"field_119_1\" class=\"gfield gfield--type-text gfield--input-type-text gfield_contains_required field_sublabel_below gfield--no-description field_description_below field_validation_below gfield_visibility_visible gfield--text gfield--text\"  data-field-class=\"gfield--text gfield--text\" ><label class='gfield_label gform-field-label' for='input_119_1'>First name<span class=\"gfield_required\"><span class=\"gfield_required gfield_required_asterisk\">*<\/span><\/span><\/label><div class='ginput_container ginput_container_text'><input name='input_1' id='input_119_1' type='text' value='' class='large'     aria-required=\"true\" aria-invalid=\"false\"   \/><\/div><\/div><div id=\"field_119_3\" class=\"gfield gfield--type-text gfield--input-type-text gfield--width-full gfield_contains_required field_sublabel_below gfield--no-description field_description_below field_validation_below gfield_visibility_visible gfield--text gfield--text\"  data-field-class=\"gfield--text gfield--text\" ><label class='gfield_label gform-field-label' for='input_119_3'>Last name<span class=\"gfield_required\"><span class=\"gfield_required gfield_required_asterisk\">*<\/span><\/span><\/label><div class='ginput_container ginput_container_text'><input name='input_3' id='input_119_3' type='text' value='' class='large'     aria-required=\"true\" aria-invalid=\"false\"   \/><\/div><\/div><div id=\"field_119_12\" class=\"gfield gfield--type-email gfield--input-type-email gfield--width-full gfield_contains_required field_sublabel_below gfield--no-description field_description_below field_validation_below gfield_visibility_visible gfield--email gfield--email\"  data-field-class=\"gfield--email gfield--email\" ><label class='gfield_label gform-field-label' for='input_119_12'>Email adress<span class=\"gfield_required\"><span class=\"gfield_required gfield_required_asterisk\">*<\/span><\/span><\/label><div class='ginput_container ginput_container_email'>\n                            <input name='input_12' id='input_119_12' type='email' value='' class='large'    aria-required=\"true\" aria-invalid=\"false\"  \/>\n                        <\/div><\/div><div id=\"field_119_5\" class=\"gfield gfield--type-phone gfield--input-type-phone gfield--width-full field_sublabel_below gfield--no-description field_description_below field_validation_below gfield_visibility_visible gfield--phone gfield--phone\"  data-field-class=\"gfield--phone gfield--phone\" ><label class='gfield_label gform-field-label' for='input_119_5'>Phone number<\/label><div class='ginput_container ginput_container_phone'><input name='input_5' id='input_119_5' type='tel' value='' class='large'    aria-invalid=\"false\"   \/><\/div><\/div><div id=\"field_119_6\" class=\"gfield gfield--type-text gfield--input-type-text gfield--width-full gfield_contains_required field_sublabel_below gfield--no-description field_description_below field_validation_below gfield_visibility_visible gfield--text gfield--text\"  data-field-class=\"gfield--text gfield--text\" ><label class='gfield_label gform-field-label' for='input_119_6'>Name of organization<span class=\"gfield_required\"><span class=\"gfield_required gfield_required_asterisk\">*<\/span><\/span><\/label><div class='ginput_container ginput_container_text'><input name='input_6' id='input_119_6' type='text' value='' class='large'     aria-required=\"true\" aria-invalid=\"false\"   \/><\/div><\/div><div id=\"field_119_7\" class=\"gfield gfield--type-select gfield--input-type-select gfield--width-full gfield_contains_required field_sublabel_below gfield--no-description field_description_below field_validation_below gfield_visibility_visible gfield--select gfield--select\"  data-field-class=\"gfield--select gfield--select\" ><label class='gfield_label gform-field-label' for='input_119_7'>Which training course are you interested in?<span class=\"gfield_required\"><span class=\"gfield_required gfield_required_asterisk\">*<\/span><\/span><\/label><div class='ginput_container ginput_container_select'><select name='input_7' id='input_119_7' class='large gfield_select'    aria-required=\"true\" aria-invalid=\"false\" ><option value='' selected='selected' class='gf_placeholder'>Formation<\/option><option value='Les bases du service en Restauration I' >Les bases du service en Restauration I<\/option><option value='Les bases du service en Restauration II' >Les bases du service en Restauration II<\/option><option value='V\u00e9g\u00e9taliser ses menus' >V\u00e9g\u00e9taliser ses menus<\/option><option value='Les bases en mixologie' >Les bases en mixologie<\/option><option value='100 % accueillant' >100 % accueillant<\/option><option value='Action service' >Action service<\/option><option value='Hygiene and Food Safety' >Hygiene and Food Safety<\/option><\/select><\/div><\/div><div id=\"field_119_11\" class=\"gfield gfield--type-textarea gfield--input-type-textarea gfield--width-full field_sublabel_below gfield--no-description field_description_below field_validation_below gfield_visibility_visible gfield--textarea gfield--textarea\"  data-field-class=\"gfield--textarea gfield--textarea\" ><label class='gfield_label gform-field-label' for='input_119_11'>Please specify your requirements, deadlines and budget<\/label><div class='ginput_container ginput_container_textarea'><textarea name='input_11' id='input_119_11' class='textarea large'      aria-invalid=\"false\"   rows='10' cols='50'><\/textarea><\/div><\/div><fieldset id=\"field_119_9\" class=\"gfield gfield--type-checkbox gfield--type-choice gfield--input-type-checkbox gfield--width-full field_sublabel_below gfield--no-description field_description_below hidden_label field_validation_below gfield_visibility_visible gfield--checkbox gfield--checkbox gfield--has-multiple-inputs\"  data-field-class=\"gfield--checkbox gfield--checkbox gfield--has-multiple-inputs\" ><legend class='gfield_label gform-field-label gfield_label_before_complex' >Sans titre<\/legend><div class='ginput_container ginput_container_checkbox'><div class='gfield_checkbox ' id='input_119_9'><div class='gchoice gchoice_119_9_1'>\n\t\t\t\t\t\t\t\t<input class='gfield-choice-input' name='input_9.1' type='checkbox'  value='I would like to receive information on training courses and certifications for companies and professionals.'  id='choice_119_9_1'   \/>\n\t\t\t\t\t\t\t\t<label for='choice_119_9_1' id='label_119_9_1' class='gform-field-label gform-field-label--type-inline'>I would like to receive information on training courses and certifications for companies and professionals.<\/label>\n\t\t\t\t\t\t\t<\/div><\/div><\/div><\/fieldset><div id=\"field_119_10\" class=\"gfield gfield--type-html gfield--input-type-html gfield--width-full gfield_html gfield_html_formatted gfield_no_follows_desc field_sublabel_below gfield--no-description field_description_below field_validation_below gfield_visibility_visible gfield--html gfield--html\"  data-field-class=\"gfield--html gfield--html\" ><h3 style=\"margin:0px 0px 20px; font-size:1.6rem\" >Consent to collection and use of personal information<\/h3>\n\n<p style=\"margin:0px 0px 20px; font-size:1.4rem\">In order for the ITHQ to respond to your request for information and send you its newsletter if applicable, the personal information you have indicated above must be collected. Your consent to its use for these purposes by the ITHQ is implied. <\/p>\n\n<p style=\"margin:0px 0px 20px; font-size:1.4rem\">You can withdraw your consent by writing to centre.expertise@ithq.qc.ca, however, this will result in your request for information not being processed. For further information, including your right to access and correct your personal information, please see our <a target=\"_blank\" href=\"https:\/\/www.ithq.qc.ca\/en\/about-the-ithq\/publications-and-official-texts\/general-policies-and-regulations\/privacy-policy\/\">Privacy Policy<\/a>.   <\/p>\n\n<p style=\"margin:0px 0px 20px; font-size:1.4rem\">If you require assistance to help you understand the scope of the consent given, you may contact the person responsible for the protection of personal information in our organization by writing to responsable-adprp@ithq.qc.ca. <\/p>\n\n<p style=\"margin:0px 0px 20px; font-size:1.4rem\" ><em>This site is protected by reCAPTCHA and the Google <a target=\"_blank\" href=\"https:\/\/policies.google.com\/privacy?hl=en\" rel=\"noopener\">Privacy Policy<\/a> and <a target=\"_blank\" href=\"https:\/\/policies.google.com\/terms?hl=en\" rel=\"noopener\">Terms of Service<\/a> apply.<\/em><\/p><\/div><\/div><\/div>\n        <div class='gform-footer gform_footer top_label'> <button type='submit' id='gform_submit_button_119' class='btn--plain gform_button button' onclick='gform.submission.handleButtonClick(this);' data-submission-type='submit' value='Send'  ><i class=\"vtx-icon vtx-icon-down_arrow first-arrow\"><\/i><span>Send<\/span><i class=\"vtx-icon vtx-icon-down_arrow second-arrow\"><\/i><\/button> \n            <input type='hidden' class='gform_hidden' name='gform_submission_method' data-js='gform_submission_method_119' value='postback' \/>\n            <input type='hidden' class='gform_hidden' name='gform_theme' data-js='gform_theme_119' id='gform_theme_119' value='gravity-theme' \/>\n            <input type='hidden' class='gform_hidden' name='gform_style_settings' data-js='gform_style_settings_119' id='gform_style_settings_119' value='{&quot;inputPrimaryColor&quot;:&quot;#204ce5&quot;}' \/>\n            <input type='hidden' class='gform_hidden' name='is_submit_119' value='1' \/>\n            <input type='hidden' class='gform_hidden' name='gform_submit' value='119' \/>\n            \n            <input type='hidden' class='gform_hidden' name='gform_currency' data-currency='CAD' value='+fS\/joH6BGd\/GglK\/Cac6o4oK1twftQpw45WCy4GEw0qt+1R+2eh5RrE9QaRaZKJ\/j35yB0kYqdmrpgAWkBe2jAITWWV\/F7ObeORalyaOnXkv2M=' \/>\n            <input type='hidden' class='gform_hidden' name='gform_unique_id' value='' \/>\n            <input type='hidden' class='gform_hidden' name='state_119' value='WyJ7XCI3XCI6W1wiY2FiOGYwY2E2OWI4YTdjYTUzZWYwZWMzN2EwMzlhNDdcIixcImVlMGFiYjE2MjU1M2EwNzkxOGUyN2JkNjczZDA1OWI5XCIsXCIyNjY0N2QzOGRjZjE3YzZjOGU3YWI0ZGQ5NDliM2VkYVwiLFwiZmVkZTJmYTBlOTYyYWU1OWUwZTkyNmY2NmFhYmQzNGZcIixcImFjZjNhMTAxZDY3NDI4MjAzZThkZWI3YzNlNGU4ZTJmXCIsXCI1N2VkNDE3YTcyZjk5YjVmZjIwNTU2N2EzOGFlMDkyZlwiLFwiMzRmOTA0ZDQxN2I5NGZmOTc5MzY2NTYwNzNlZGJmMThcIl0sXCI5LjFcIjpcIjQwNzZmMGMyZWU3MmVkYzViZDYyODJiOTQwMmVjOWYzXCJ9IiwiZTgxOTliYzg4NTgwY2Q5YjE0ZWU4N2Q5MmIwMWFkYzYiXQ==' \/>\n            <input type='hidden' autocomplete='off' class='gform_hidden' name='gform_target_page_number_119' id='gform_target_page_number_119' value='0' \/>\n            <input type='hidden' autocomplete='off' class='gform_hidden' name='gform_source_page_number_119' id='gform_source_page_number_119' value='1' \/>\n            <input type='hidden' name='gform_field_values' value='' \/>\n            \n        <\/div>\n                        <\/form>\n                        <\/div><script type=\"text\/javascript\">\n\/* <![CDATA[ *\/\ndocument.addEventListener( \"DOMContentLoaded\", function() {  gform.initializeOnLoaded( function() {gformInitSpinner( 119, 'https:\/\/www.ithq.qc.ca\/app\/plugins\/gravityforms\/images\/spinner.svg', true );jQuery('#gform_ajax_frame_119').on('load',function(){var contents = jQuery(this).contents().find('*').html();var is_postback = contents.indexOf('GF_AJAX_POSTBACK') >= 0;if(!is_postback){return;}var form_content = jQuery(this).contents().find('#gform_wrapper_119');var is_confirmation = jQuery(this).contents().find('#gform_confirmation_wrapper_119').length > 0;var is_redirect = contents.indexOf('gformRedirect(){') >= 0;var is_form = form_content.length > 0 && ! is_redirect && ! is_confirmation;var mt = parseInt(jQuery('html').css('margin-top'), 10) + parseInt(jQuery('body').css('margin-top'), 10) + 100;if(is_form){jQuery('#gform_wrapper_119').html(form_content.html());if(form_content.hasClass('gform_validation_error')){jQuery('#gform_wrapper_119').addClass('gform_validation_error');} else {jQuery('#gform_wrapper_119').removeClass('gform_validation_error');}setTimeout( function() { \/* delay the scroll by 50 milliseconds to fix a bug in chrome *\/ jQuery(document).scrollTop(jQuery('#gform_wrapper_119').offset().top - mt); }, 50 );if(window['gformInitDatepicker']) {gformInitDatepicker();}if(window['gformInitPriceFields']) {gformInitPriceFields();}var current_page = jQuery('#gform_source_page_number_119').val();gformInitSpinner( 119, 'https:\/\/www.ithq.qc.ca\/app\/plugins\/gravityforms\/images\/spinner.svg', true );jQuery(document).trigger('gform_page_loaded', [119, current_page]);window['gf_submitting_119'] = false;}else if(!is_redirect){var confirmation_content = jQuery(this).contents().find('.GF_AJAX_POSTBACK').html();if(!confirmation_content){confirmation_content = contents;}jQuery('#gform_wrapper_119').replaceWith(confirmation_content);jQuery(document).scrollTop(jQuery('#gf_119').offset().top - mt);jQuery(document).trigger('gform_confirmation_loaded', [119]);window['gf_submitting_119'] = false;wp.a11y.speak(jQuery('#gform_confirmation_message_119').text());}else{jQuery('#gform_119').append(contents);if(window['gformRedirect']) {gformRedirect();}}jQuery(document).trigger(\"gform_pre_post_render\", [{ formId: \"119\", currentPage: \"current_page\", abort: function() { this.preventDefault(); } }]);        if (event && event.defaultPrevented) {                return;        }        const gformWrapperDiv = document.getElementById( \"gform_wrapper_119\" );        if ( gformWrapperDiv ) {            const visibilitySpan = document.createElement( \"span\" );            visibilitySpan.id = \"gform_visibility_test_119\";            gformWrapperDiv.insertAdjacentElement( \"afterend\", visibilitySpan );        }        const visibilityTestDiv = document.getElementById( \"gform_visibility_test_119\" );        let postRenderFired = false;        function triggerPostRender() {            if ( postRenderFired ) {                return;            }            postRenderFired = true;            gform.core.triggerPostRenderEvents( 119, current_page );            if ( visibilityTestDiv ) {                visibilityTestDiv.parentNode.removeChild( visibilityTestDiv );            }        }        function debounce( func, wait, immediate ) {            var timeout;            return function() {                var context = this, args = arguments;                var later = function() {                    timeout = null;                    if ( !immediate ) func.apply( context, args );                };                var callNow = immediate && !timeout;                clearTimeout( timeout );                timeout = setTimeout( later, wait );                if ( callNow ) func.apply( context, args );            };        }        const debouncedTriggerPostRender = debounce( function() {            triggerPostRender();        }, 200 );        if ( visibilityTestDiv && visibilityTestDiv.offsetParent === null ) {            const observer = new MutationObserver( ( mutations ) => {                mutations.forEach( ( mutation ) => {                    if ( mutation.type === 'attributes' && visibilityTestDiv.offsetParent !== null ) {                        debouncedTriggerPostRender();                        observer.disconnect();                    }                });            });            observer.observe( document.body, {                attributes: true,                childList: false,                subtree: true,                attributeFilter: [ 'style', 'class' ],            });        } else {            triggerPostRender();        }    } );} );  }, false );\n\/* ]]> *\/\n<\/script>\n","protected":false},"excerpt":{"rendered":"","protected":false},"author":963,"featured_media":0,"parent":24033,"menu_order":0,"comment_status":"closed","ping_status":"closed","template":"","meta":{"_acf_changed":false,"_oasis_is_in_workflow":0,"_oasis_original":0,"_oasis_task_priority":"","_price":"","_stock":"","_tribe_ticket_header":"","_tribe_default_ticket_provider":"","_ticket_start_date":"","_ticket_end_date":"","_tribe_ticket_show_description":"","_tribe_ticket_show_not_going":false,"_tribe_ticket_use_global_stock":"","_tribe_ticket_global_stock_level":"","_global_stock_mode":"","_global_stock_cap":"","_tribe_rsvp_for_event":"","_tribe_ticket_going_count":"","_tribe_ticket_not_going_count":"","_tribe_tickets_list":"[]","_tribe_ticket_has_attendee_info_fields":false,"wpo365_audiences":[],"wpo365_private":false,"footnotes":"","_tec_slr_enabled":"","_tec_slr_layout":""},"class_list":["post-47204","page","type-page","status-publish","hentry"],"acf":[],"ticketed":false,"_links":{"self":[{"href":"https:\/\/www.ithq.qc.ca\/en\/wp-json\/wp\/v2\/pages\/47204","targetHints":{"allow":["GET"]}}],"collection":[{"href":"https:\/\/www.ithq.qc.ca\/en\/wp-json\/wp\/v2\/pages"}],"about":[{"href":"https:\/\/www.ithq.qc.ca\/en\/wp-json\/wp\/v2\/types\/page"}],"author":[{"embeddable":true,"href":"https:\/\/www.ithq.qc.ca\/en\/wp-json\/wp\/v2\/users\/963"}],"replies":[{"embeddable":true,"href":"https:\/\/www.ithq.qc.ca\/en\/wp-json\/wp\/v2\/comments?post=47204"}],"version-history":[{"count":0,"href":"https:\/\/www.ithq.qc.ca\/en\/wp-json\/wp\/v2\/pages\/47204\/revisions"}],"up":[{"embeddable":true,"href":"https:\/\/www.ithq.qc.ca\/en\/wp-json\/wp\/v2\/pages\/24033"}],"wp:attachment":[{"href":"https:\/\/www.ithq.qc.ca\/en\/wp-json\/wp\/v2\/media?parent=47204"}],"curies":[{"name":"wp","href":"https:\/\/api.w.org\/{rel}","templated":true}]}}