{"id":26157,"date":"2023-02-15T16:34:06","date_gmt":"2023-02-15T21:34:06","guid":{"rendered":"https:\/\/www.ithq.qc.ca\/?page_id=26157"},"modified":"2025-08-05T09:42:23","modified_gmt":"2025-08-05T13:42:23","slug":"plan-your-arrival","status":"publish","type":"page","link":"https:\/\/www.ithq.qc.ca\/en\/international-students\/plan-your-arrival\/","title":{"rendered":"Plan your arrival"},"content":{"rendered":"\n<p><strong>Congratulations on being admitted to the ITHQ!<\/strong> Here are the steps to follow to obtain the necessary authorizations for studying in Qu\u00e9bec, along with some tips to help you prepare for your arrival.<\/p>\n\n\n  <section class=\"anchors-banner-block theme-block alignfull\">\n    <div class=\"anchors-banner__links container\">\n              <div class=\"anchors-banner__btns\">\n          <div class=\"anchors-banner__btns__wrapper anchors-banner__btns-carousel swiper\">\n            <div class=\"swiper-wrapper\">\n                                <div class=\"swiper-slide\">\n                    <a href=\"#immigration-process\" class=\"link\"><span>Immigration process<\/span><\/a>                  <\/div>\n                  \n                                    <div class=\"swiper-slide\">\n                    <a href=\"#entry-requirements\" class=\"link\"><span>Entry requirements for Canada<\/span><\/a>                  <\/div>\n                  \n                                    <div class=\"swiper-slide\">\n                    <a href=\"#insurance\" class=\"link\"><span>Insurance<\/span><\/a>                  <\/div>\n                  \n                                    <div class=\"swiper-slide\">\n                    <a href=\"#housing\" class=\"link\"><span>Housing<\/span><\/a>                  <\/div>\n                  \n                                    <div class=\"swiper-slide\">\n                    <a href=\"#living-in-montreal\" class=\"link\"><span>Living in Montr\u00e9al<\/span><\/a>                  <\/div>\n                  \n                                    <div class=\"swiper-slide\">\n                    <a href=\"#support-service\" class=\"link\"><span>Support service<\/span><\/a>                  <\/div>\n                  \n                              <\/div>\n          <\/div>\n        <\/div>\n          <\/div>\n  <\/section>\n  \n\n\n<h2 class=\"wp-block-heading\" id=\"immigration-process\">Immigration process<\/h2>\n\n\n\n<p>To be started as soon as you receive the admission confirmation email from the ITHQ!<\/p>\n\n\n<section  class=\"block-accordions-group theme-block aligndefault\" >     \n  \n    \n<section class=\"accordion\">\n  <div class=\"accordion__table\">\n    <div class=\"accordion__accordion\">\n          \n      <button class=\"accordion__header-row accordion-toggle\" id=\"accordion69e3d00769158id\" aria-controls=\"sect69e3d00769158\" aria-expanded=\"false\"\n        aria-label=\"Open or close accordion &quot;<p>Check the processing times<\/p>\n&quot;.&#8221;>\n                  <span class=\"accordion__header__title\"><p>Check the processing times<\/p>\n<\/span>\n                <span class=\"accordion__header__icon accordion__header__icon--plus\" role=\"presentation\">\n          <i class=\"plus\"><\/i>\n        <\/span>\n        <span class=\"accordion__header__icon accordion__header__icon--arrow\" role=\"presentation\">\n          <i class=\"vtx-icon vtx-icon-down_arrow\"><\/i>\n        <\/span>\n      <\/button>\n    \n        \n      <div class=\"accordion__sub-rows wysiwyg\" id=\"sect69e3d00769158\" role=\"region\" aria-labelledby=\"accordion69e3d00769158id\">\n        \n\n<ul class=\"wp-block-list\">\n<li>Depending on your country of origin, <strong>the immigration process can take up to 6 months.<\/strong><\/li>\n\n\n\n<li>It is therefore essential to begin your procedures <strong>as soon as you receive the admission confirmation email from the ITHQ.<\/strong><\/li>\n\n\n\n<li>To help you plan the next steps and meet the deadlines related to your immigration process, we encourage you to check the <a href=\"https:\/\/www.canada.ca\/en\/immigration-refugees-citizenship\/services\/application\/check-processing-times.html\" target=\"_blank\" rel=\"noreferrer noopener\">current processing times<\/a> as soon as you receive this email.<\/li>\n<\/ul>\n\n      <\/div>\n\n    <\/div>\n  <\/div>\n<\/section>\n\n\n    \n<section class=\"accordion\">\n  <div class=\"accordion__table\">\n    <div class=\"accordion__accordion\">\n          \n      <button class=\"accordion__header-row accordion-toggle\" id=\"accordion69e3d007696d6id\" aria-controls=\"sect69e3d007696d6\" aria-expanded=\"false\"\n        aria-label=\"Open or close accordion &quot;<p>Verify your passport\u2019s expiration date<\/p>\n&quot;.&#8221;>\n                  <span class=\"accordion__header__title\"><p>Verify your passport\u2019s expiration date<\/p>\n<\/span>\n                <span class=\"accordion__header__icon accordion__header__icon--plus\" role=\"presentation\">\n          <i class=\"plus\"><\/i>\n        <\/span>\n        <span class=\"accordion__header__icon accordion__header__icon--arrow\" role=\"presentation\">\n          <i class=\"vtx-icon vtx-icon-down_arrow\"><\/i>\n        <\/span>\n      <\/button>\n    \n        \n      <div class=\"accordion__sub-rows wysiwyg\" id=\"sect69e3d007696d6\" role=\"region\" aria-labelledby=\"accordion69e3d007696d6id\">\n        \n\n<ul class=\"wp-block-list\">\n<li><strong>Make sure your passport is valid<\/strong>, as it will be required during your immigration process.<\/li>\n\n\n\n<li>Since the study permit cannot be issued beyond your passport\u2019s expiry date, it is recommended that your passport be valid <strong>for the entire duration of your studies.<\/strong><\/li>\n<\/ul>\n\n      <\/div>\n\n    <\/div>\n  <\/div>\n<\/section>\n\n\n    \n<section class=\"accordion\">\n  <div class=\"accordion__table\">\n    <div class=\"accordion__accordion\">\n          \n      <button class=\"accordion__header-row accordion-toggle\" id=\"accordion69e3d00769d88id\" aria-controls=\"sect69e3d00769d88\" aria-expanded=\"false\"\n        aria-label=\"Open or close accordion &quot;<p>Prepare your proof of financial capacity<\/p>\n&quot;.&#8221;>\n                  <span class=\"accordion__header__title\"><p>Prepare your proof of financial capacity<\/p>\n<\/span>\n                <span class=\"accordion__header__icon accordion__header__icon--plus\" role=\"presentation\">\n          <i class=\"plus\"><\/i>\n        <\/span>\n        <span class=\"accordion__header__icon accordion__header__icon--arrow\" role=\"presentation\">\n          <i class=\"vtx-icon vtx-icon-down_arrow\"><\/i>\n        <\/span>\n      <\/button>\n    \n        \n      <div class=\"accordion__sub-rows wysiwyg\" id=\"sect69e3d00769d88\" role=\"region\" aria-labelledby=\"accordion69e3d00769d88id\">\n        \n\n<p>To obtain authorization to study in Qu\u00e9bec, <strong>candidates must demonstrate that they have sufficient financial resources<\/strong> to cover their tuition fees, health and hospitalization insurance, transportation costs (round trip from their country of origin), installation costs for the first year, and living expenses for the duration of their stay.<\/p>\n\n\n\n<ul class=\"wp-block-list\">\n<li>To help you estimate the financial resources needed for your stay, consult&nbsp;the <a href=\"https:\/\/www.quebec.ca\/en\/tuition-fees-cost-living\" target=\"_blank\" rel=\"noreferrer noopener\">estimate of living expenses<\/a>&nbsp;established by the Minist\u00e8re de l&#8217;Immigration, de la Francisation et de l&#8217;Int\u00e9gration du Qu\u00e9bec (MIFI).<\/li>\n\n\n\n<li>To estimate the costs you will need to cover for your study program, refer to the <a href=\"https:\/\/www.ithq.qc.ca\/en\/future-students\/program-fee-calculator\/\" data-type=\"page\" data-id=\"34556\">Program fee calculator<\/a>.<\/li>\n\n\n\n<li>Please note that international students are not eligible for the Qu\u00e9bec government\u2019s loans and bursaries program.<\/li>\n<\/ul>\n\n      <\/div>\n\n    <\/div>\n  <\/div>\n<\/section>\n\n\n    \n<section class=\"accordion\">\n  <div class=\"accordion__table\">\n    <div class=\"accordion__accordion\">\n          \n      <button class=\"accordion__header-row accordion-toggle\" id=\"accordion69e3d0076a7bfid\" aria-controls=\"sect69e3d0076a7bf\" aria-expanded=\"false\"\n        aria-label=\"Open or close accordion &quot;<p>Apply for your Qu\u00e9bec Acceptance Certificate (CAQ)<\/p>\n&quot;.&#8221;>\n                  <span class=\"accordion__header__title\"><p>Apply for your Qu\u00e9bec Acceptance Certificate (CAQ)<\/p>\n<\/span>\n                <span class=\"accordion__header__icon accordion__header__icon--plus\" role=\"presentation\">\n          <i class=\"plus\"><\/i>\n        <\/span>\n        <span class=\"accordion__header__icon accordion__header__icon--arrow\" role=\"presentation\">\n          <i class=\"vtx-icon vtx-icon-down_arrow\"><\/i>\n        <\/span>\n      <\/button>\n    \n        \n      <div class=\"accordion__sub-rows wysiwyg\" id=\"sect69e3d0076a7bf\" role=\"region\" aria-labelledby=\"accordion69e3d0076a7bfid\">\n        \n\n<ul class=\"wp-block-list\">\n<li>The first document you need to apply for is the <a href=\"https:\/\/www.quebec.ca\/en\/education\/study-quebec\/obtaining-authorizations\/authorizations\" target=\"_blank\" rel=\"noreferrer noopener\">Qu\u00e9bec Acceptance Certificate<\/a> (CAQ) for studies issued by the Minist\u00e8re de l&#8217;Immigration, de la Francisation et de l&#8217;Int\u00e9gration du Qu\u00e9bec (MIFI).<\/li>\n\n\n\n<li>In Qu\u00e9bec, the CAQ also serves as the <a href=\"https:\/\/www.canada.ca\/en\/immigration-refugees-citizenship\/services\/study-canada\/study-permit\/get-documents\/provincial-attestation-letter.html\" rel=\"noopener\">provincial attestation letter<\/a> (PAL).<\/li>\n\n\n\n<li>For more information, visit the <a href=\"https:\/\/www.quebec.ca\/en\/education\/study-quebec\/temporary-selection-studies\" target=\"_blank\" rel=\"noreferrer noopener\">Applying for temporary selection for studies<\/a> section of the Qu\u00e9bec governement website.<\/li>\n<\/ul>\n\n\n\n<div class=\"wp-block-vortex-blocks-notification-message notification-message-block\"><div class=\"notification-message-block__inner\"><p class=\"notification-message-block__title notification-title\">Important notice<\/p>\n<p>The number of CAQs is limited by the Qu\u00e9bec government for each educational institution. Although the ITHQ closely monitors the number of available quotas, <strong>it is possible that you may not be able to obtain a CAQ at the time of your application, even if you have been admitted to the ITHQ.<\/strong> However, exemptions are provided for certain individuals with temporary resident status.<\/p>\n<\/div><\/div>\n\n      <\/div>\n\n    <\/div>\n  <\/div>\n<\/section>\n\n\n    \n<section class=\"accordion\">\n  <div class=\"accordion__table\">\n    <div class=\"accordion__accordion\">\n          \n      <button class=\"accordion__header-row accordion-toggle\" id=\"accordion69e3d0076ab70id\" aria-controls=\"sect69e3d0076ab70\" aria-expanded=\"false\"\n        aria-label=\"Open or close accordion &quot;<p>Apply for your study and work permits<\/p>\n&quot;.&#8221;>\n                  <span class=\"accordion__header__title\"><p>Apply for your study and work permits<\/p>\n<\/span>\n                <span class=\"accordion__header__icon accordion__header__icon--plus\" role=\"presentation\">\n          <i class=\"plus\"><\/i>\n        <\/span>\n        <span class=\"accordion__header__icon accordion__header__icon--arrow\" role=\"presentation\">\n          <i class=\"vtx-icon vtx-icon-down_arrow\"><\/i>\n        <\/span>\n      <\/button>\n    \n        \n      <div class=\"accordion__sub-rows wysiwyg\" id=\"sect69e3d0076ab70\" role=\"region\" aria-labelledby=\"accordion69e3d0076ab70id\">\n        \n\n<p>Once you have received your Qu\u00e9bec Acceptance Certificate (CAQ), you must apply for your <a href=\"https:\/\/www.canada.ca\/en\/immigration-refugees-citizenship\/services\/study-canada\/study-permit\/apply.html\" target=\"_blank\" rel=\"noreferrer noopener\">study permit<\/a> and a <a href=\"https:\/\/www.canada.ca\/en\/immigration-refugees-citizenship\/services\/study-canada\/work\/intern.html\" target=\"_blank\" rel=\"noreferrer noopener\">co-op work permit<\/a> through Immigration, Refugees and Citizenship Canada (IRCC).<\/p>\n\n      <\/div>\n\n    <\/div>\n  <\/div>\n<\/section>\n\n \n<\/section>\n\n\n\n<hr class=\"wp-block-separator has-alpha-channel-opacity\"\/>\n\n\n\n<h2 class=\"wp-block-heading\" id=\"entry-requirements\">Entry requirements for Canada<\/h2>\n\n\n\n<p>Here are the official documents that you must present when you arrive in Canada:&nbsp;<\/p>\n\n\n\n<ul class=\"wp-block-list\">\n<li>A valid passport<\/li>\n\n\n\n<li>Your Qu\u00e9bec Acceptance Certificate (CAQ) for studies<\/li>\n\n\n\n<li>Your study permit, your co-op work permit or an <a href=\"https:\/\/www.cic.gc.ca\/english\/helpcentre\/answer.asp?qnum=845&amp;top=26\" target=\"_blank\" rel=\"noreferrer noopener\">introduction letter<\/a> from Immigration, Refugees and Citizenship Canada (IRCC) (if necessary)<\/li>\n\n\n\n<li>A <a href=\"https:\/\/ircc.canada.ca\/english\/information\/applications\/visa.asp\" target=\"_blank\" rel=\"noreferrer noopener\">temporary resident visa<\/a> (TRV) or <a href=\"https:\/\/www.canada.ca\/en\/immigration-refugees-citizenship\/services\/visit-canada\/eta.html\" target=\"_blank\" rel=\"noreferrer noopener\">electronic travel authorization<\/a> (eTA), if applicable<\/li>\n\n\n\n<li>Your official acceptance letter from the ITHQ<\/li>\n<\/ul>\n\n\n\n<h2 class=\"wp-block-heading\" id=\"insurance\">Insurance<\/h2>\n\n\n\n<ul class=\"wp-block-list\">\n<li>International students must have health and hospitalization insurance for the duration of their studies. <\/li>\n\n\n\n<li>If your country does not have a social security agreement with Qu\u00e9bec, you will have to pay for the mandatory private insurance chosen by the ITHQ, as shown on your ColNET student account. <\/li>\n<\/ul>\n\n\n\n<div class=\"wp-block-buttons is-layout-flex wp-block-buttons-is-layout-flex\">\n<div class=\"wp-block-button\"><a class=\"wp-block-button__link wp-element-button\" href=\"https:\/\/www.ithq.qc.ca\/en\/international-students\/insurance-for-international-students\/\">Learn more<\/a><\/div>\n<\/div>\n\n\n\n<hr class=\"wp-block-separator has-alpha-channel-opacity\"\/>\n\n\n\n<h2 class=\"wp-block-heading\" id=\"housing\">Housing<\/h2>\n\n\n\n<p>To find an apartment, roommate or spot in a student residence, refer to this <a href=\"https:\/\/www.ithq.qc.ca\/en\/current-students\/housing\/\">list of useful resources<\/a> about housing in Montr\u00e9al.<\/p>\n\n\n\n<hr class=\"wp-block-separator has-alpha-channel-opacity\"\/>\n\n\n\n<h2 class=\"wp-block-heading\" id=\"living-in-montreal\">Living in Montr\u00e9al<\/h2>\n\n\n\n<p>The ITHQ international student service will invite you soon to participate in information webinars about your host city. You can also take part in orientation activities when you arrive.<\/p>\n\n\n\n<p>In the meantime, here are some useful links to help you get to know your host city and province:<\/p>\n\n\n\n<ul class=\"wp-block-list\">\n<li><a href=\"https:\/\/www.quebec.ca\/en\/immigration\/settle-and-integrate-in-quebec\" target=\"_blank\" rel=\"noreferrer noopener\">Settle and integrate in Qu\u00e9bec<\/a><\/li>\n\n\n\n<li><a href=\"https:\/\/immigrantquebec.com\/fr\/guides\/etudier-au-quebec\/\" target=\"_blank\" rel=\"noreferrer noopener\">Immigrant Qu\u00e9bec : \u00c9tudier au Qu\u00e9bec<\/a> (in French only)<\/li>\n\n\n\n<li><a href=\"https:\/\/www.expat.com\/fr\/guide\/amerique-du-nord\/canada\/quebec\/\" target=\"_blank\" rel=\"noreferrer noopener\">Guide de l&#8217;expatri\u00e9 au Qu\u00e9bec<\/a> (in French only)<\/li>\n<\/ul>\n\n\n\n<hr class=\"wp-block-separator has-alpha-channel-opacity\"\/>\n\n\n\n<h2 class=\"wp-block-heading\" id=\"support-service\">Support service for international students<\/h2>\n\n\n\n<ul class=\"wp-block-list\">\n<li>The ITHQ offers a free personalized service to all international students admitted to one of its programs, including support to facilitate the process to obtain the immigration documents required for your studies.&nbsp;&nbsp;&nbsp;&nbsp;<\/li>\n\n\n\n<li>Within a few days of receiving your letter of acceptance, <strong>a member of our team will contact you<\/strong> to tell you more about the services we offer.<\/li>\n\n\n\n<li>Our team is here to support you at every stage of your study project: don&#8217;t hesitate to call on us if you have any questions!<\/li>\n<\/ul>\n\n\n\n<hr class=\"wp-block-separator has-alpha-channel-opacity\"\/>\n\n\n\n<div class=\"wp-block-vortex-blocks-cta-carousel cta-carousel-block alignfull\"><div class=\"block-heading cta-carousel__heading\"><h2><span class=\"block-heading__subtitle\">Studying at the ITHQ<\/span><\/h2><\/div><div class=\"cta-carousel swiper\"><div class=\"swiper-wrapper\">\n<section class=\"wp-block-vortex-blocks-cta-page cta-page-block is-style-default has-ctheme-01-background-color has-background\"><a class=\"cta-page\" href=\"https:\/\/www.ithq.qc.ca\/en\/international-students\/prepare-your-application\/\" target=\"_self\" rel=\"noopener noreferrer\"><div class=\"cta-page-block__thumbnail-wrapper\"><div class=\"cta-page-block__thumbnail position-center\" style=\"background-image:url(https:\/\/cdn.ithq.qc.ca\/uploads\/2023\/04\/Ecole_jeune-avec-ordinateur.jpg)\"><\/div><\/div><div class=\"cta-page-block__content\"><p>Prepare your application<\/p><div class=\"cta-page-block__icon-wrapper\"><div class=\"cta-page-block__icon\"><svg width=\"24\" height=\"24\" viewBox=\"0 0 24 24\" fill=\"none\" xmlns=\"http:\/\/www.w3.org\/2000\/svg\"><path d=\"M2 12h19m0 0-8.8987-9M21 12l-8.8987 9\" stroke=\"#000\" class=\"stroke-base-color\" stroke-width=\"2\"><\/path><\/svg><\/div><div class=\"cta-page-block__icon\"><svg width=\"24\" height=\"24\" viewBox=\"0 0 24 24\" fill=\"none\" xmlns=\"http:\/\/www.w3.org\/2000\/svg\"><path d=\"M2 12h19m0 0-8.8987-9M21 12l-8.8987 9\" stroke=\"#000\" class=\"stroke-base-color\" stroke-width=\"2\"><\/path><\/svg><\/div><\/div><\/div><\/a><\/section>\n\n\n\n<section class=\"wp-block-vortex-blocks-cta-page cta-page-block has-ctheme-01-background-color has-background\"><a class=\"cta-page\" href=\"https:\/\/www.ithq.qc.ca\/en\/international-students\/work-during-and-after-your-studies\/\" target=\"_self\" rel=\"noopener noreferrer\"><div class=\"cta-page-block__thumbnail-wrapper\"><div class=\"cta-page-block__thumbnail position-center\" style=\"background-image:url(https:\/\/cdn.ithq.qc.ca\/uploads\/2023\/04\/Ecole_jeune-barista.jpg)\"><\/div><\/div><div class=\"cta-page-block__content\"><p>Work during or after your studies<\/p><div class=\"cta-page-block__icon-wrapper\"><div class=\"cta-page-block__icon\"><svg width=\"24\" height=\"24\" viewBox=\"0 0 24 24\" fill=\"none\" xmlns=\"http:\/\/www.w3.org\/2000\/svg\"><path d=\"M2 12h19m0 0-8.8987-9M21 12l-8.8987 9\" stroke=\"#000\" class=\"stroke-base-color\" stroke-width=\"2\"><\/path><\/svg><\/div><div class=\"cta-page-block__icon\"><svg width=\"24\" height=\"24\" viewBox=\"0 0 24 24\" fill=\"none\" xmlns=\"http:\/\/www.w3.org\/2000\/svg\"><path d=\"M2 12h19m0 0-8.8987-9M21 12l-8.8987 9\" stroke=\"#000\" class=\"stroke-base-color\" stroke-width=\"2\"><\/path><\/svg><\/div><\/div><\/div><\/a><\/section>\n<\/div><div class=\"cta-carousel__arrows-wrapper\"><div class=\"swiper-button-prev\"><\/div><div class=\"swiper-button-next\"><\/div><\/div><div class=\"cta-carousel__scrollbar-wrapper\"><div class=\"swiper-scrollbar\"><\/div><\/div><\/div><\/div>\n\n\n\n<section class=\"wp-block-vortex-blocks-contact-cta-columns alignwide contact-cta-columns-block\"><div class=\"contact-cta-columns-block__columns\">\n<div class=\"wp-block-vortex-blocks-contact-cta contact-cta-block\"><div class=\"contact-cta-block__inner\"><div class=\"contact-cta__icon-wrapper\"><div><svg width=\"41\" height=\"42\" viewBox=\"0 0 41 42\" fill=\"none\" xmlns=\"http:\/\/www.w3.org\/2000\/svg\"><path d=\"M0 41.5V14c0-2.2091 1.7909-4 4-4h23.5c2.2091 0 4 1.7909 4 4v17.5c0 2.2091-1.7909 4-4 4H7l-7 6Z\" fill=\"#000\" fill-opacity=\".5\" class=\"fill-base-color\"><\/path><path d=\"M40.5 35.5V4c0-2.2091-1.7909-4-4-4H15c-2.2091 0-4 1.7909-4 4v21.5c0 2.2091 1.7909 4 4 4h18.5l7 6Z\" fill=\"#000\" class=\"fill-base-color\"><\/path><path d=\"M21 12c0-2.5 1.9163-4 4.5-4 3 0 4.5 2 4.5 4 0 4-5 3-5 6v1\" stroke=\"#fff\" stroke-opacity=\".9\" stroke-width=\"3\"><\/path><circle cx=\"25\" cy=\"22\" r=\"2\" fill=\"#fff\" fill-opacity=\".9\"><\/circle><\/svg><\/div><\/div>\n<h3 class=\"wp-block-heading\">Any questions?<\/h3>\n\n\n\n<div class=\"wp-block-button\"><a class=\"wp-block-button__link wp-element-button\" href=\"https:\/\/outlook.office365.com\/book\/infoscolaire@ithq.qc.ca\/\" rel=\"noopener\">Book an appointment<\/a><\/div>\n<\/div><\/div>\n\n\n\n<div class=\"wp-block-vortex-blocks-contact-cta contact-cta-block\"><div class=\"contact-cta-block__inner\"><div class=\"contact-cta__icon-wrapper\"><div><svg width=\"42\" height=\"44\" viewBox=\"0 0 42 44\" fill=\"none\" xmlns=\"http:\/\/www.w3.org\/2000\/svg\"><path d=\"M0 17.1999a4 4 0 0 1 1.6594-3.2437l17-12.2672c1.3975-1.0084 3.2837-1.0084 4.6812 0l17 12.2672A3.9998 3.9998 0 0 1 42 17.1999V40c0 2.2091-1.7909 4-4 4H4c-2.2091 0-4-1.7909-4-4V17.1999Z\" fill=\"#fff\" class=\"fill-background-color\"><\/path><path d=\"M0 17.1999a4 4 0 0 1 1.6594-3.2437l17-12.2672c1.3975-1.0084 3.2837-1.0084 4.6812 0l17 12.2672A3.9998 3.9998 0 0 1 42 17.1999V40c0 2.2091-1.7909 4-4 4H4c-2.2091 0-4-1.7909-4-4V17.1999Z\" fill=\"#000\" class=\"fill-base-color\" fill-opacity=\".4\"><\/path><path fill=\"#000\" class=\"fill-base-color\" d=\"M6 5h30v33H6z\"><\/path><path d=\"m0 20 21 11.1818L42 20v20c0 2.2091-1.7909 4-4 4H4c-2.2091 0-4-1.7909-4-4V20Z\" fill=\"#fff\" class=\"fill-background-color\"><\/path><path d=\"m0 20 21 11.1818L42 20v20c0 2.2091-1.7909 4-4 4H4c-2.2091 0-4-1.7909-4-4V20Z\" fill=\"#000\" class=\"fill-base-color\" fill-opacity=\".6\"><\/path><path d=\"M23 14h-4v4h-4v4h12v-4h-4v-4Z\" fill=\"#fff\"><\/path><\/svg><\/div><\/div>\n<h3 class=\"wp-block-heading\">Get our news by email<\/h3>\n\n\n\n<div class=\"wp-block-button\"><a class=\"wp-block-button__link wp-element-button\" href=\"https:\/\/www.ithq.qc.ca\/en\/subscribe-to-the-newsletter\/\">Subscribe to our newsletter<\/a><\/div>\n<\/div><\/div>\n<\/div><\/section>\n","protected":false},"excerpt":{"rendered":"<p>Congratulations on being admitted to the ITHQ! Here are the steps to follow to obtain the necessary authorizations for studying in Qu\u00e9bec, along with some tips to help you prepare&hellip;<\/p>\n","protected":false},"author":3816,"featured_media":0,"parent":26130,"menu_order":0,"comment_status":"closed","ping_status":"closed","template":"template-header-image.php","meta":{"_acf_changed":false,"_oasis_is_in_workflow":0,"_oasis_original":0,"_oasis_task_priority":"","_price":"","_stock":"","_tribe_ticket_header":"","_tribe_default_ticket_provider":"","_ticket_start_date":"","_ticket_end_date":"","_tribe_ticket_show_description":"","_tribe_ticket_show_not_going":false,"_tribe_ticket_use_global_stock":"","_tribe_ticket_global_stock_level":"","_global_stock_mode":"","_global_stock_cap":"","_tribe_rsvp_for_event":"","_tribe_ticket_going_count":"","_tribe_ticket_not_going_count":"","_tribe_tickets_list":"[]","_tribe_ticket_has_attendee_info_fields":false,"wpo365_audiences":[],"wpo365_private":false,"footnotes":"","_tec_slr_enabled":"","_tec_slr_layout":""},"class_list":["post-26157","page","type-page","status-publish","hentry"],"acf":[],"ticketed":false,"_links":{"self":[{"href":"https:\/\/www.ithq.qc.ca\/en\/wp-json\/wp\/v2\/pages\/26157","targetHints":{"allow":["GET"]}}],"collection":[{"href":"https:\/\/www.ithq.qc.ca\/en\/wp-json\/wp\/v2\/pages"}],"about":[{"href":"https:\/\/www.ithq.qc.ca\/en\/wp-json\/wp\/v2\/types\/page"}],"author":[{"embeddable":true,"href":"https:\/\/www.ithq.qc.ca\/en\/wp-json\/wp\/v2\/users\/3816"}],"replies":[{"embeddable":true,"href":"https:\/\/www.ithq.qc.ca\/en\/wp-json\/wp\/v2\/comments?post=26157"}],"version-history":[{"count":0,"href":"https:\/\/www.ithq.qc.ca\/en\/wp-json\/wp\/v2\/pages\/26157\/revisions"}],"up":[{"embeddable":true,"href":"https:\/\/www.ithq.qc.ca\/en\/wp-json\/wp\/v2\/pages\/26130"}],"wp:attachment":[{"href":"https:\/\/www.ithq.qc.ca\/en\/wp-json\/wp\/v2\/media?parent=26157"}],"curies":[{"name":"wp","href":"https:\/\/api.w.org\/{rel}","templated":true}]}}