{"id":25548,"date":"2023-04-26T16:39:43","date_gmt":"2023-04-26T20:39:43","guid":{"rendered":"https:\/\/www.ithq.qc.ca\/?page_id=25548"},"modified":"2026-02-02T16:05:56","modified_gmt":"2026-02-02T21:05:56","slug":"local-supply","status":"publish","type":"page","link":"https:\/\/www.ithq.qc.ca\/en\/restaurants-and-bar\/restaurant-de-lithq\/local-supply\/","title":{"rendered":"Local supply"},"content":{"rendered":"\n<p>The Restaurant de l\u2019ITHQ is proud to support our local producers:&nbsp; &nbsp;<\/p>\n\n\n\n<p><strong>Montr\u00e9al<\/strong><br><a href=\"https:\/\/blancdegris.com\/\" rel=\"noopener\">Blanc de Gris<br><\/a><a href=\"https:\/\/racinesboreales.ca\/\" rel=\"noopener\">Racines bor\u00e9ales<\/a><\/p>\n\n\n\n<p><strong>Mont\u00e9r\u00e9gie<\/strong><br><a href=\"http:\/\/augredeschamps.com\/\" rel=\"noopener\">Fromagerie Au Gr\u00e9 des Champs<br><\/a><a href=\"https:\/\/rubanbleu.ca\/\" rel=\"noopener\">Fromagerie Ruban Bleu<br><\/a><a href=\"https:\/\/www.laiteriechagnon.com\/\" rel=\"noopener\">Laiterie Chagnon<br><\/a><a href=\"https:\/\/www.moulindescedres.com\/\" rel=\"noopener\">Moulin des C\u00e8dres<br><\/a><a href=\"https:\/\/www.signecameline.com\/\" rel=\"noopener\">Olim\u00e9ga<br><\/a><a href=\"https:\/\/www.facebook.com\/patatepassion\/\" rel=\"noopener\">Patate Passion<\/a><\/p>\n\n\n\n<p><strong>Estrie<\/strong><br><a href=\"https:\/\/www.lesbobines.com\/\" rel=\"noopener\">Ferme piscicole des Bobines<\/a><\/p>\n\n\n\n<p><strong>Centre-du-Qu\u00e9bec<\/strong><br><a href=\"https:\/\/www.fromageriedupresbytere.com\/\" rel=\"noopener\">Fromagerie du Presbyt\u00e8re<br><\/a><a href=\"https:\/\/simmerinternational.com\/\" rel=\"noopener\">Poissonnerie Simmer International<br><br><\/a><strong>Lanaudi\u00e8re &nbsp; &nbsp; <\/strong>&nbsp;&nbsp;&nbsp;&nbsp;&nbsp;&nbsp;&nbsp;&nbsp;&nbsp;&nbsp;&nbsp;&nbsp;&nbsp;&nbsp;&nbsp;&nbsp;&nbsp;&nbsp;&nbsp;&nbsp;&nbsp;&nbsp;&nbsp;&nbsp;&nbsp;&nbsp;&nbsp;&nbsp;&nbsp;&nbsp;&nbsp;&nbsp;&nbsp;&nbsp;&nbsp;&nbsp;&nbsp;&nbsp;&nbsp;&nbsp;&nbsp;&nbsp;&nbsp;&nbsp;&nbsp;&nbsp;&nbsp;&nbsp;&nbsp;&nbsp;&nbsp;&nbsp;&nbsp;<br><a href=\"https:\/\/produitscolibri.com\/\" rel=\"noopener\">Colibri<br><\/a><a href=\"https:\/\/www.terredesbisons.com\/\" rel=\"noopener\">La Terre des Bisons<\/a><\/p>\n\n\n\n<p><strong>Laurentides<\/strong><br><a href=\"https:\/\/www.fermerosedesvents.com\/\" rel=\"noopener\">Ferme la Rose des Vents<br><\/a><a href=\"https:\/\/mielsdanicet.com\/fr-ca\/\" rel=\"noopener\">Miels d\u2019Anicet<\/a><\/p>\n\n\n\n<p><strong>Gasp\u00e9sie\u2013\u00celes-de-la-Madeleine<\/strong><br><a href=\"https:\/\/gaspesiesauvage.com\/gaspe\/\" rel=\"noopener\">Gasp\u00e9sie Sauvage<br><\/a><a href=\"https:\/\/oceandesaveurs.ca\/\" rel=\"noopener\">Oc\u00e9an de saveurs<\/a><\/p>\n\n\n\n<p><strong>Province du Qu\u00e9bec<\/strong><br><a href=\"http:\/\/boeufquebec.org\/accueil\/\" rel=\"noopener\">B\u0153uf Qu\u00e9bec<br><\/a><a href=\"https:\/\/www.lafamilledulait.com\/fr\" rel=\"noopener\">La famille du lait<\/a><\/p>\n\n\n\n<section class=\"wp-block-vortex-blocks-image-quote image-quote-block alignwide has-ctheme-08-color has-text-color\"><div class=\"image-quote-block__col image-quote-block__col--content\"><div class=\"image-quote-block__content\" data-aos=\"fade-up\"><div class=\"quote-mark\"><svg width=\"20\" height=\"21\" viewBox=\"0 0 20 21\" fill=\"none\" xmlns=\"http:\/\/www.w3.org\/2000\/svg\"><path d=\"M0 10.5L7.14181 0H9.5L2.63936 10.5L9.5 21H7.14181L0 10.5ZM10.066 10.5L17.2078 0H19.5L12.6394 10.5L19.5 21H17.2078L10.066 10.5Z\" fill=\"#000\" class=\"fill-base-color\"><\/path><\/svg><\/div><p class=\"quote-text\"><mark style=\"background-color:rgba(0, 0, 0, 0)\" class=\"has-inline-color has-white-color\">About 100 students pass through our restaurant each year. If they leave here and buy local sunflower oil instead of olive oil, I\u2019ll know I did my job well.<\/mark><\/p><div class=\"quote-mark\"><svg width=\"20\" height=\"21\" viewBox=\"0 0 20 21\" fill=\"none\" xmlns=\"http:\/\/www.w3.org\/2000\/svg\"><path d=\"M19.5 10.5L12.3582 21L10 21L16.8606 10.5L10 -8.30516e-07L12.3582 -6.24357e-07L19.5 10.5ZM9.43399 10.5L2.29218 21L0 21L6.86063 10.5L1.83588e-06 -1.70474e-06L2.29218 -1.50436e-06L9.43399 10.5Z\" fill=\"#000\" class=\"fill-base-color\"><\/path><\/svg><\/div><\/div><div class=\"image-quote-block__author\"><div class=\"image-quote-block__author__divider-wrapper\"><span class=\"image-quote-block__author__divider\" data-aos=\"line-right\" data-aos-delay=\"500\"><\/span><\/div><p class=\"image-quote-block__author__name\" data-aos=\"fade-right\" data-aos-delay=\"500\"><span class=\"author-name\"><strong><mark style=\"background-color:rgba(0, 0, 0, 0)\" class=\"has-inline-color has-white-color\">Jonathan Lapierre<\/mark>-R\u00e9hayem<\/strong>,<\/span><\/p><p class=\"image-quote-block__author__role\" data-aos=\"fade-left\" data-aos-delay=\"700\"><span class=\"author-role\"><strong><strong>Restaurant Services Manager<\/strong><\/strong><\/span><\/p><\/div><\/div><div class=\"image-quote-block__col image-quote-block__col--media\"><div class=\"image-quote-block__media-wrapper\"><div class=\"image-quote-block__media image-quote-block__media--image\" style=\"background-image:url(https:\/\/cdn.ithq.qc.ca\/uploads\/2023\/05\/Resto_jonathan-lapierre-lumiere.jpg)\"><\/div><\/div><\/div><\/section>\n\n\n\n<section class=\"wp-block-vortex-blocks-contact-cta-columns alignwide contact-cta-columns-block\"><div class=\"contact-cta-columns-block__columns\">\n<div class=\"wp-block-vortex-blocks-contact-cta contact-cta-block\"><div class=\"contact-cta-block__inner\"><div class=\"contact-cta__icon-wrapper\"><div><svg width=\"41\" height=\"42\" viewBox=\"0 0 41 42\" fill=\"none\" xmlns=\"http:\/\/www.w3.org\/2000\/svg\"><path d=\"M0 41.5V14c0-2.2091 1.7909-4 4-4h23.5c2.2091 0 4 1.7909 4 4v17.5c0 2.2091-1.7909 4-4 4H7l-7 6Z\" fill=\"#000\" fill-opacity=\".5\" class=\"fill-base-color\"><\/path><path d=\"M40.5 35.5V4c0-2.2091-1.7909-4-4-4H15c-2.2091 0-4 1.7909-4 4v21.5c0 2.2091 1.7909 4 4 4h18.5l7 6Z\" fill=\"#000\" class=\"fill-base-color\"><\/path><path d=\"M21 12c0-2.5 1.9163-4 4.5-4 3 0 4.5 2 4.5 4 0 4-5 3-5 6v1\" stroke=\"#fff\" stroke-opacity=\".9\" stroke-width=\"3\"><\/path><circle cx=\"25\" cy=\"22\" r=\"2\" fill=\"#fff\" fill-opacity=\".9\"><\/circle><\/svg><\/div><\/div>\n<h2 class=\"wp-block-heading\">Any questions?<\/h2>\n\n\n\n<p><a href=\"mailto:restaurant@ithq.qc.ca\">restaurant@ithq.qc.ca<\/a><br>514-282-5155<br>or toll-free at 1-855-229-8189, option 2<\/p>\n\n\n\n<div class=\"wp-block-button\"><a class=\"wp-block-button__link wp-element-button\" href=\"https:\/\/www.ithq.qc.ca\/en\/restaurants-and-bar\/restaurant-de-lithq\/contact-the-restaurant-de-lithq\/\">Contact us<\/a><\/div>\n<\/div><\/div>\n\n\n\n<div class=\"wp-block-vortex-blocks-contact-cta contact-cta-block\"><div class=\"contact-cta-block__inner\"><div class=\"contact-cta__icon-wrapper\"><div><svg width=\"42\" height=\"44\" viewBox=\"0 0 42 44\" fill=\"none\" xmlns=\"http:\/\/www.w3.org\/2000\/svg\"><path d=\"M0 17.1999a4 4 0 0 1 1.6594-3.2437l17-12.2672c1.3975-1.0084 3.2837-1.0084 4.6812 0l17 12.2672A3.9998 3.9998 0 0 1 42 17.1999V40c0 2.2091-1.7909 4-4 4H4c-2.2091 0-4-1.7909-4-4V17.1999Z\" fill=\"#fff\" class=\"fill-background-color\"><\/path><path d=\"M0 17.1999a4 4 0 0 1 1.6594-3.2437l17-12.2672c1.3975-1.0084 3.2837-1.0084 4.6812 0l17 12.2672A3.9998 3.9998 0 0 1 42 17.1999V40c0 2.2091-1.7909 4-4 4H4c-2.2091 0-4-1.7909-4-4V17.1999Z\" fill=\"#000\" class=\"fill-base-color\" fill-opacity=\".4\"><\/path><path fill=\"#000\" class=\"fill-base-color\" d=\"M6 5h30v33H6z\"><\/path><path d=\"m0 20 21 11.1818L42 20v20c0 2.2091-1.7909 4-4 4H4c-2.2091 0-4-1.7909-4-4V20Z\" fill=\"#fff\" class=\"fill-background-color\"><\/path><path d=\"m0 20 21 11.1818L42 20v20c0 2.2091-1.7909 4-4 4H4c-2.2091 0-4-1.7909-4-4V20Z\" fill=\"#000\" class=\"fill-base-color\" fill-opacity=\".6\"><\/path><path d=\"M23 14h-4v4h-4v4h12v-4h-4v-4Z\" fill=\"#fff\"><\/path><\/svg><\/div><\/div>\n<h2 class=\"wp-block-heading\">Receive our promotions by email<\/h2>\n\n\n\n<div class=\"wp-block-button\"><a class=\"wp-block-button__link wp-element-button\" href=\"https:\/\/www.ithq.qc.ca\/en\/subscribe-to-the-newsletter\/\">Subscribe to our newsletter<\/a><\/div>\n<\/div><\/div>\n<\/div><\/section>\n","protected":false},"excerpt":{"rendered":"<p>The Restaurant de l\u2019ITHQ is proud to support our local producers:&nbsp; &nbsp; Montr\u00e9alBlanc de GrisRacines bor\u00e9ales Mont\u00e9r\u00e9gieFromagerie Au Gr\u00e9 des ChampsFromagerie Ruban BleuLaiterie ChagnonMoulin des C\u00e8dresOlim\u00e9gaPatate Passion EstrieFerme piscicole des&hellip;<\/p>\n","protected":false},"author":3816,"featured_media":0,"parent":24791,"menu_order":0,"comment_status":"closed","ping_status":"closed","template":"template-header-image.php","meta":{"_acf_changed":false,"_oasis_is_in_workflow":0,"_oasis_original":0,"_oasis_task_priority":"","_price":"","_stock":"","_tribe_ticket_header":"","_tribe_default_ticket_provider":"","_ticket_start_date":"","_ticket_end_date":"","_tribe_ticket_show_description":"","_tribe_ticket_show_not_going":false,"_tribe_ticket_use_global_stock":"","_tribe_ticket_global_stock_level":"","_global_stock_mode":"","_global_stock_cap":"","_tribe_rsvp_for_event":"","_tribe_ticket_going_count":"","_tribe_ticket_not_going_count":"","_tribe_tickets_list":"[]","_tribe_ticket_has_attendee_info_fields":false,"wpo365_audiences":[],"wpo365_private":false,"footnotes":"","_tec_slr_enabled":"","_tec_slr_layout":""},"class_list":["post-25548","page","type-page","status-publish","hentry"],"acf":[],"ticketed":false,"_links":{"self":[{"href":"https:\/\/www.ithq.qc.ca\/en\/wp-json\/wp\/v2\/pages\/25548","targetHints":{"allow":["GET"]}}],"collection":[{"href":"https:\/\/www.ithq.qc.ca\/en\/wp-json\/wp\/v2\/pages"}],"about":[{"href":"https:\/\/www.ithq.qc.ca\/en\/wp-json\/wp\/v2\/types\/page"}],"author":[{"embeddable":true,"href":"https:\/\/www.ithq.qc.ca\/en\/wp-json\/wp\/v2\/users\/3816"}],"replies":[{"embeddable":true,"href":"https:\/\/www.ithq.qc.ca\/en\/wp-json\/wp\/v2\/comments?post=25548"}],"version-history":[{"count":1,"href":"https:\/\/www.ithq.qc.ca\/en\/wp-json\/wp\/v2\/pages\/25548\/revisions"}],"predecessor-version":[{"id":64457,"href":"https:\/\/www.ithq.qc.ca\/en\/wp-json\/wp\/v2\/pages\/25548\/revisions\/64457"}],"up":[{"embeddable":true,"href":"https:\/\/www.ithq.qc.ca\/en\/wp-json\/wp\/v2\/pages\/24791"}],"wp:attachment":[{"href":"https:\/\/www.ithq.qc.ca\/en\/wp-json\/wp\/v2\/media?parent=25548"}],"curies":[{"name":"wp","href":"https:\/\/api.w.org\/{rel}","templated":true}]}}