{"id":25416,"date":"2023-04-28T14:57:10","date_gmt":"2023-04-28T18:57:10","guid":{"rendered":"https:\/\/www.ithq.qc.ca\/?page_id=25416"},"modified":"2026-02-02T16:14:20","modified_gmt":"2026-02-02T21:14:20","slug":"menu","status":"publish","type":"page","link":"https:\/\/www.ithq.qc.ca\/en\/restaurants-and-bar\/bar-blanc-bec\/menu\/","title":{"rendered":"Menu"},"content":{"rendered":"  <section class=\"menus-carousel-block theme-block alignfull\">\n    <div class=\"block-heading container\">\n      <h2>\n        <span class=\"block-heading__title\"><\/span>\n        <span class=\"block-heading__subtitle\"><\/span>\n      <\/h2>\n    <\/div>\n    <div class=\"block-carousel__carousel-wrapper\">\n      <div class=\"block-carousel__carousel culinaryMenusCarousel swiper\">\n        <div class=\"swiper-wrapper\">\n                        <div class=\"culinary-menu-item-wrapper swiper-slide\">\n                <button class=\"culinary-menu-item openPopupWindow\" data-popup-id=\"culinary-menu-25456\" aria-expanded=\"false\" aria-controls=\"culinary-menu-25456\" aria-label=\"Open popup of Qu\u00e9bec beers\">\n                  <div class=\"culinary-menu-item__thumbnail\" style=\"background-image:url(https:\/\/cdn.ithq.qc.ca\/uploads\/2023\/05\/Bar_biere-2.jpg);\"><\/div>\n                  <div class=\"culinary-menu-item__content-wrapper\">\n                    <div class=\"culinary-menu-item__content\">\n                      <div class=\"content-wrapper\">\n                        <p class=\"culinary-menu-item__title\">Qu\u00e9bec beers<\/p>\n                      <\/div>\n                      <div class=\"icon-wrapper\">\n                        <i class=\"plus\"><\/i>\n                        <i class=\"plus\"><\/i>\n                      <\/div>\n                    <\/div>\n                  <\/div>\n                <\/button>\n              <\/div>\n                                    <div class=\"culinary-menu-item-wrapper swiper-slide\">\n                <button class=\"culinary-menu-item openPopupWindow\" data-popup-id=\"culinary-menu-25461\" aria-expanded=\"false\" aria-controls=\"culinary-menu-25461\" aria-label=\"Open popup of Bubbles, wines &amp; ciders\">\n                  <div class=\"culinary-menu-item__thumbnail\" style=\"background-image:url(https:\/\/cdn.ithq.qc.ca\/uploads\/2023\/05\/Bar_serveur_bulle.jpg);\"><\/div>\n                  <div class=\"culinary-menu-item__content-wrapper\">\n                    <div class=\"culinary-menu-item__content\">\n                      <div class=\"content-wrapper\">\n                        <p class=\"culinary-menu-item__title\">Bubbles, wines &amp; ciders<\/p>\n                      <\/div>\n                      <div class=\"icon-wrapper\">\n                        <i class=\"plus\"><\/i>\n                        <i class=\"plus\"><\/i>\n                      <\/div>\n                    <\/div>\n                  <\/div>\n                <\/button>\n              <\/div>\n                                    <div class=\"culinary-menu-item-wrapper swiper-slide\">\n                <button class=\"culinary-menu-item openPopupWindow\" data-popup-id=\"culinary-menu-25465\" aria-expanded=\"false\" aria-controls=\"culinary-menu-25465\" aria-label=\"Open popup of Appetizers\">\n                  <div class=\"culinary-menu-item__thumbnail\" style=\"background-image:url(https:\/\/cdn.ithq.qc.ca\/uploads\/2024\/12\/Bar_plateau-fromages-charcuteries.jpg);\"><\/div>\n                  <div class=\"culinary-menu-item__content-wrapper\">\n                    <div class=\"culinary-menu-item__content\">\n                      <div class=\"content-wrapper\">\n                        <p class=\"culinary-menu-item__title\">Appetizers<\/p>\n                      <\/div>\n                      <div class=\"icon-wrapper\">\n                        <i class=\"plus\"><\/i>\n                        <i class=\"plus\"><\/i>\n                      <\/div>\n                    <\/div>\n                  <\/div>\n                <\/button>\n              <\/div>\n                              <\/div>\n        <div class=\"block-carousel__arrows\">\n          <div class=\"swiper-button-prev\"><\/div>\n          <div class=\"swiper-button-next\"><\/div>\n        <\/div>\n        <div class=\"block-carousel__scrollbar-wrapper\">\n          <div class=\"swiper-scrollbar\"><\/div>\n        <\/div>\n      <\/div>\n    <\/div>\n            <div id=\"culinary-menu-25456\" class=\"popup-wrapper popupWindow\" data-popup-id=\"culinary-menu-25456\" role=\"dialog\" aria-modal=\"true\" aria-hidden=\"true\" aria-labelledby=\"label-culinary-menu-25456\">\n          <div class=\"popup culinary-menu-popup\">\n            <button class=\"popup__close-btn closePopupWindow\">\n              <span class=\"sr-only\">Close popup of Qu\u00e9bec beers<\/span>\n              <i class=\"vtx-icon vtx-icon-close\" aria-hidden=\"true\"><\/i>\n            <\/button>\n            <div class=\"popup__inner\">\n              <div class=\"culinary-menu-popup__heading\">\n                <p class=\"culinary-menu-popup__title\" id=\"label-culinary-menu-25456\">Qu\u00e9bec beers<\/p>\n              <\/div>\n                            <div class=\"culinary-menu-popup__content wysiwyg\">\n                \n<ul class=\"wp-block-list\">\n<li>Ayersville \u2013 Pale Ale 5,2% &#8211; 355 ml , Brasserie Sir John <strong>11<\/strong><\/li>\n\n\n\n<li>Azote \u2013 Stout 4,7&nbsp;% &#8211; 473 ml, Distillerie Menaud <strong>10<\/strong><\/li>\n\n\n\n<li>British \u00e0 l\u2019\u00e9rable \u2013 Brune&nbsp;\u00e0 l\u2019\u00c9rable 4,3% &#8211; 473 ml, Brasserie \u00c0 la F\u00fbt <strong>11 <\/strong><\/li>\n\n\n\n<li>M\u00e9kinoise \u2013 Blanche 4,8% &#8211; 473 ml, Brasserie \u00c0 la F\u00fbt <strong>11<\/strong><\/li>\n\n\n\n<li>Rang des Pointes \u2013 Saison Camerise &amp; Framboise 4,8% &#8211; 473 ml , Brasserie \u00c0 la F\u00fbt <strong>10<\/strong><\/li>\n\n\n\n<li>Rousse Rustre \u2013 Rousse 4,8% &#8211; 473 ml, Brasserie \u00c0 la F\u00fbt <strong>10<\/strong><\/li>\n\n\n\n<li>Ta Valeur S\u00fbre \u2013 Bi\u00e8re L\u00e9g\u00e8re 3,7% &#8211; 473 ml, Lagabi\u00e8re Brasserie Artisanale&nbsp;<strong>11<\/strong>&nbsp;<em>&nbsp;<\/em><\/li>\n\n\n\n<li>Nice N\u2019 Hazy \u2013 New England Pale Ale 5,5% &#8211; 473 ml, Lagabi\u00e8re Brasserie Artisanale <strong>11<\/strong><\/li>\n<\/ul>\n              <\/div>\n            <\/div>\n          <\/div>\n        <\/div>\n                    <div id=\"culinary-menu-25461\" class=\"popup-wrapper popupWindow\" data-popup-id=\"culinary-menu-25461\" role=\"dialog\" aria-modal=\"true\" aria-hidden=\"true\" aria-labelledby=\"label-culinary-menu-25461\">\n          <div class=\"popup culinary-menu-popup\">\n            <button class=\"popup__close-btn closePopupWindow\">\n              <span class=\"sr-only\">Close popup of Bubbles, wines &amp; ciders<\/span>\n              <i class=\"vtx-icon vtx-icon-close\" aria-hidden=\"true\"><\/i>\n            <\/button>\n            <div class=\"popup__inner\">\n              <div class=\"culinary-menu-popup__heading\">\n                <p class=\"culinary-menu-popup__title\" id=\"label-culinary-menu-25461\">Bubbles, wines &amp; ciders<\/p>\n              <\/div>\n                            <div class=\"culinary-menu-popup__content wysiwyg\">\n                \n<h2 class=\"wp-block-heading\">Bubbles &amp; ciders &nbsp;&nbsp;&nbsp;&nbsp;&nbsp;&nbsp;&nbsp;&nbsp;&nbsp;&nbsp;&nbsp;&nbsp;&nbsp;&nbsp;&nbsp;&nbsp;&nbsp;&nbsp;&nbsp;&nbsp;&nbsp;&nbsp;&nbsp;&nbsp;&nbsp;&nbsp;&nbsp;&nbsp;&nbsp;&nbsp;&nbsp;&nbsp;&nbsp;&nbsp;&nbsp;&nbsp;&nbsp;&nbsp;<\/h2>\n\n\n\n<p>Cidre Nordiq \u2013 Champ gauche 02 <strong>37<\/strong><br>Hemmingford, Qu\u00e9bec<\/p>\n\n\n\n<p>Cidre Je Suis Bleu-Tiful, Troisi\u00e8me Cuv\u00e9e Maline <strong>44<\/strong><br>Domaine de L&#8217;Espi\u00e8gle, Dunham, Qu\u00e9bec<\/p>\n\n\n\n<p>Cidre M\u00e9tissage sur Marc &#8211; Gamaret <strong>44<\/strong><br>Domaine du Nival, Saint-Louis, Qu\u00e9bec<\/p>\n\n\n\n<p>Ces Petits Impr\u00e9vus 2024 <strong>71<\/strong><br>Domaine du Nival, Saint-Louis, Qu\u00e9bec<\/p>\n\n\n\n<h2 class=\"wp-block-heading\">White wine<\/h2>\n\n\n\n<p>C\u00f4tes de Gascogne, b.a.ba 2024 &#8211; <em><em>Sauvignon Blanc, Gros Manseng<\/em><\/em> <strong>11\/55<\/strong><br>Les Vignerons de Brulhois, Sud-Ouest, France<\/p>\n\n\n\n<p>M\u00e2con-P\u00e9ronne, Plaisir Simple 2022 &#8211; <em>Chardonnay<\/em> <strong>13\/65<\/strong><br>Domaine Papillon-Lavoignat, Bourgogne, France<\/p>\n\n\n\n<p>Roland Vin Biologique 2022 &#8211; <em>Roland<\/em> <strong>15\/75<\/strong><br>Ferme le Raku, Saint-Germain-de-Kamouraska, Qu\u00e9bec&nbsp;\u00a0\u00a0\u00a0\u00a0\u00a0\u00a0\u00a0\u00a0\u00a0\u00a0\u00a0\u00a0\u00a0\u00a0\u00a0\u00a0\u00a0\u00a0\u00a0\u00a0<\/p>\n\n\n\n<h2 class=\"wp-block-heading\">Spirit<\/h2>\n\n\n\n<p><strong>Distillerie Shefford \u2013 Shefford, Qu\u00e9bec<\/strong><br>Acerum Blanc \u2013 Maple Spirit <strong>15<\/strong><br>Acerum Brun \u2013 3-Year-Old Maple Spirit <strong>17<\/strong>&nbsp;&nbsp;&nbsp;&nbsp;&nbsp;&nbsp;&nbsp;&nbsp;&nbsp;&nbsp;&nbsp;&nbsp;&nbsp;&nbsp;&nbsp;&nbsp;&nbsp;<\/p>\n\n\n\n<h2 class=\"wp-block-heading\">Red wine<\/h2>\n\n\n\n<p>Pays d\u2019Oc, Rouge 2024 &#8211; <em>Pinot Noir<\/em> <strong>11\/55<\/strong><br>Olivier Coste, Languedoc-Roussillon, France<\/p>\n\n\n\n<p>Champs Fleuris 2024 \u2013 <em>Marquette, Frontenac Gris, Frontenac Noir, Pinot Noir, Saint-P\u00e9pin<\/em> <strong>13\/65<\/strong><br>Vignoble Pigeon Hill, Saint-Armand, Qu\u00e9bec<\/p>\n\n\n\n<p>Un De Ces Quatre 2024 &#8211; Gamaret <strong>14\/70<\/strong><br>Domaine du Nival, Saint-Louis, Qu\u00e9bec<\/p>\n\n\n\n<h2 class=\"wp-block-heading\">Ready-to-drink<\/h2>\n\n\n\n<p>En Roue Libre \u2013 Piquette Nation Picnic <strong>8<\/strong><\/p>\n\n\n\n<p>Distillerie Comont \u2013 Paloma <strong>9<\/strong><\/p>\n\n\n\n<p>Distillerie Comont \u2013 Paloma Blanco <strong>9<\/strong><\/p>\n\n\n\n<p>Eau-de-vin \u2013 Domaine du Nival <strong>12<\/strong><\/p>\n\n\n\n<h2 class=\"wp-block-heading\">Without alcohol<\/h2>\n\n\n\n<p><strong>ATYPIQUE Mocktail<\/strong> <strong>&#8211; 355 ml<\/strong> <br>Rhum \u00c9pic\u00e9 &amp; Cola <strong>8<\/strong><br>Spritz <strong>8<\/strong><br>Gin Tonic <strong>8<\/strong><\/p>\n\n\n\n<p><strong>Sober Carpenter &#8211; Non-alcoholic beer 0,5% &#8211; 473 ml <\/strong><br>Blonde &amp; IPA <strong>8<\/strong><\/p>\n\n\n\n<div class=\"wp-block-vortex-blocks-notification-message notification-message-block\"><div class=\"notification-message-block__inner\"><p class=\"notification-message-block__title notification-title\"><\/p>\n<p>Wines by the bottle from the Restaurant de l\u2019ITHQ are also available.<\/p>\n<\/div><\/div>\n              <\/div>\n            <\/div>\n          <\/div>\n        <\/div>\n                    <div id=\"culinary-menu-25465\" class=\"popup-wrapper popupWindow\" data-popup-id=\"culinary-menu-25465\" role=\"dialog\" aria-modal=\"true\" aria-hidden=\"true\" aria-labelledby=\"label-culinary-menu-25465\">\n          <div class=\"popup culinary-menu-popup\">\n            <button class=\"popup__close-btn closePopupWindow\">\n              <span class=\"sr-only\">Close popup of Appetizers<\/span>\n              <i class=\"vtx-icon vtx-icon-close\" aria-hidden=\"true\"><\/i>\n            <\/button>\n            <div class=\"popup__inner\">\n              <div class=\"culinary-menu-popup__heading\">\n                <p class=\"culinary-menu-popup__title\" id=\"label-culinary-menu-25465\">Appetizers<\/p>\n              <\/div>\n                            <div class=\"culinary-menu-popup__content wysiwyg\">\n                \n<p><em>Available from 5 to 8 pm<\/em><\/p>\n\n\n\n<ul class=\"wp-block-list\">\n<li>Local cheese board (1 selections), jam, nuts <strong>5<\/strong><\/li>\n\n\n\n<li>Local cheese board (3 selections), jam, nuts <strong>14<\/strong><\/li>\n\n\n\n<li>Grilled cheese with local cheese <strong>10<\/strong><\/li>\n\n\n\n<li>Grilled cheese with local cheese, braised beef and caramelized onions <strong>14<\/strong><\/li>\n\n\n\n<li>Cheese cromesquis with Cheddar \u00cele-aux-Grues, bell pepper and tomato sauce <strong>10<\/strong><\/li>\n\n\n\n<li>Charcuterie board, wholegrain mustard, cornichons <strong>19<\/strong><\/li>\n\n\n\n<li>*Seasonal salad <strong>19<\/strong><\/li>\n\n\n\n<li>Nut bowl <strong>10<\/strong><\/li>\n\n\n\n<li>Olive bowl <strong>10<\/strong><\/li>\n<\/ul>\n\n\n\n<p><em>Served with bread from Aube Boulangerie. *1st bread service included. $2 per person for subsequent requests<\/em><\/p>\n\n\n\n<div class=\"wp-block-vortex-blocks-notification-message notification-message-block\"><div class=\"notification-message-block__inner\"><p class=\"notification-message-block__title notification-title\"><\/p>\n<p>*Available from 6 to 8 pm. However, cheese and charcuterie boards can be ordered from 3 pm onwards.<\/p>\n\n\n\n<p>Lactose-free options are also available. Ask your waiter!<\/p>\n<\/div><\/div>\n              <\/div>\n            <\/div>\n          <\/div>\n        <\/div>\n              <\/section>\n  \n\n\n<section class=\"wp-block-vortex-blocks-contact-cta-columns alignwide contact-cta-columns-block\"><div class=\"contact-cta-columns-block__columns\">\n<div class=\"wp-block-vortex-blocks-contact-cta contact-cta-block\"><div class=\"contact-cta-block__inner\"><div class=\"contact-cta__icon-wrapper\"><div><svg width=\"41\" height=\"42\" viewBox=\"0 0 41 42\" fill=\"none\" xmlns=\"http:\/\/www.w3.org\/2000\/svg\"><path d=\"M0 41.5V14c0-2.2091 1.7909-4 4-4h23.5c2.2091 0 4 1.7909 4 4v17.5c0 2.2091-1.7909 4-4 4H7l-7 6Z\" fill=\"#000\" fill-opacity=\".5\" class=\"fill-base-color\"><\/path><path d=\"M40.5 35.5V4c0-2.2091-1.7909-4-4-4H15c-2.2091 0-4 1.7909-4 4v21.5c0 2.2091 1.7909 4 4 4h18.5l7 6Z\" fill=\"#000\" class=\"fill-base-color\"><\/path><path d=\"M21 12c0-2.5 1.9163-4 4.5-4 3 0 4.5 2 4.5 4 0 4-5 3-5 6v1\" stroke=\"#fff\" stroke-opacity=\".9\" stroke-width=\"3\"><\/path><circle cx=\"25\" cy=\"22\" r=\"2\" fill=\"#fff\" fill-opacity=\".9\"><\/circle><\/svg><\/div><\/div>\n<h2 class=\"wp-block-heading\">Any questions?<\/h2>\n\n\n\n<p><a href=\"mailto:restaurant@ithq.qc.ca\">restaurant@ithq.qc.ca<\/a><br>514-282-5155<br>or toll-free at 1-855-229-8189, option 2<\/p>\n\n\n\n<div class=\"wp-block-button\"><a class=\"wp-block-button__link wp-element-button\" href=\"https:\/\/www.ithq.qc.ca\/en\/restaurants-and-bar\/restaurant-de-lithq\/contact-the-restaurant-de-lithq\/\">Contact us<\/a><\/div>\n<\/div><\/div>\n\n\n\n<div class=\"wp-block-vortex-blocks-contact-cta contact-cta-block\"><div class=\"contact-cta-block__inner\"><div class=\"contact-cta__icon-wrapper\"><div><svg width=\"42\" height=\"44\" viewBox=\"0 0 42 44\" fill=\"none\" xmlns=\"http:\/\/www.w3.org\/2000\/svg\"><path d=\"M0 17.1999a4 4 0 0 1 1.6594-3.2437l17-12.2672c1.3975-1.0084 3.2837-1.0084 4.6812 0l17 12.2672A3.9998 3.9998 0 0 1 42 17.1999V40c0 2.2091-1.7909 4-4 4H4c-2.2091 0-4-1.7909-4-4V17.1999Z\" fill=\"#fff\" class=\"fill-background-color\"><\/path><path d=\"M0 17.1999a4 4 0 0 1 1.6594-3.2437l17-12.2672c1.3975-1.0084 3.2837-1.0084 4.6812 0l17 12.2672A3.9998 3.9998 0 0 1 42 17.1999V40c0 2.2091-1.7909 4-4 4H4c-2.2091 0-4-1.7909-4-4V17.1999Z\" fill=\"#000\" class=\"fill-base-color\" fill-opacity=\".4\"><\/path><path fill=\"#000\" class=\"fill-base-color\" d=\"M6 5h30v33H6z\"><\/path><path d=\"m0 20 21 11.1818L42 20v20c0 2.2091-1.7909 4-4 4H4c-2.2091 0-4-1.7909-4-4V20Z\" fill=\"#fff\" class=\"fill-background-color\"><\/path><path d=\"m0 20 21 11.1818L42 20v20c0 2.2091-1.7909 4-4 4H4c-2.2091 0-4-1.7909-4-4V20Z\" fill=\"#000\" class=\"fill-base-color\" fill-opacity=\".6\"><\/path><path d=\"M23 14h-4v4h-4v4h12v-4h-4v-4Z\" fill=\"#fff\"><\/path><\/svg><\/div><\/div>\n<h2 class=\"wp-block-heading\">Receive our promotions by email<\/h2>\n\n\n\n<div class=\"wp-block-button\"><a class=\"wp-block-button__link wp-element-button\" href=\"https:\/\/www.ithq.qc.ca\/en\/subscribe-to-the-newsletter\/\">Subscribe to our newsletter<\/a><\/div>\n<\/div><\/div>\n<\/div><\/section>\n","protected":false},"excerpt":{"rendered":"","protected":false},"author":3816,"featured_media":0,"parent":25410,"menu_order":0,"comment_status":"closed","ping_status":"closed","template":"","meta":{"_acf_changed":false,"_oasis_is_in_workflow":0,"_oasis_original":0,"_oasis_task_priority":"","_price":"","_stock":"","_tribe_ticket_header":"","_tribe_default_ticket_provider":"","_ticket_start_date":"","_ticket_end_date":"","_tribe_ticket_show_description":"","_tribe_ticket_show_not_going":false,"_tribe_ticket_use_global_stock":"","_tribe_ticket_global_stock_level":"","_global_stock_mode":"","_global_stock_cap":"","_tribe_rsvp_for_event":"","_tribe_ticket_going_count":"","_tribe_ticket_not_going_count":"","_tribe_tickets_list":"[]","_tribe_ticket_has_attendee_info_fields":false,"wpo365_audiences":[],"wpo365_private":false,"footnotes":"","_tec_slr_enabled":"","_tec_slr_layout":""},"class_list":["post-25416","page","type-page","status-publish","hentry"],"acf":[],"ticketed":false,"_links":{"self":[{"href":"https:\/\/www.ithq.qc.ca\/en\/wp-json\/wp\/v2\/pages\/25416","targetHints":{"allow":["GET"]}}],"collection":[{"href":"https:\/\/www.ithq.qc.ca\/en\/wp-json\/wp\/v2\/pages"}],"about":[{"href":"https:\/\/www.ithq.qc.ca\/en\/wp-json\/wp\/v2\/types\/page"}],"author":[{"embeddable":true,"href":"https:\/\/www.ithq.qc.ca\/en\/wp-json\/wp\/v2\/users\/3816"}],"replies":[{"embeddable":true,"href":"https:\/\/www.ithq.qc.ca\/en\/wp-json\/wp\/v2\/comments?post=25416"}],"version-history":[{"count":1,"href":"https:\/\/www.ithq.qc.ca\/en\/wp-json\/wp\/v2\/pages\/25416\/revisions"}],"predecessor-version":[{"id":62181,"href":"https:\/\/www.ithq.qc.ca\/en\/wp-json\/wp\/v2\/pages\/25416\/revisions\/62181"}],"up":[{"embeddable":true,"href":"https:\/\/www.ithq.qc.ca\/en\/wp-json\/wp\/v2\/pages\/25410"}],"wp:attachment":[{"href":"https:\/\/www.ithq.qc.ca\/en\/wp-json\/wp\/v2\/media?parent=25416"}],"curies":[{"name":"wp","href":"https:\/\/api.w.org\/{rel}","templated":true}]}}