{"id":24810,"date":"2023-02-16T14:01:18","date_gmt":"2023-02-16T19:01:18","guid":{"rendered":"https:\/\/www.ithq.qc.ca\/?page_id=24810"},"modified":"2025-11-13T15:34:49","modified_gmt":"2025-11-13T20:34:49","slug":"access-and-parking","status":"publish","type":"page","link":"https:\/\/www.ithq.qc.ca\/en\/meetings-and-events\/access-and-parking\/","title":{"rendered":"Access and parking\u00a0"},"content":{"rendered":"\n<h2 class=\"wp-block-heading\">Contact information<\/h2>\n\n\n\n<p>ITHQ &#8211; R\u00e9unions et \u00e9v\u00e9nements<br>3535, rue Saint-Denis, 6<sup>e<\/sup> \u00e9tage<br>Montr\u00e9al, (Qu\u00e9bec)&nbsp; H2X 3P1<\/p>\n\n\n\n<div class=\"wp-block-vortex-blocks-icons-list icons-list-block\"><ul>\n<li class=\"wp-block-vortex-blocks-icons-list-item list-item\" data-icon=\"station-metro\"><div class=\"list-item__icon-wrapper\"><svg width=\"22\" height=\"22\" viewBox=\"0 0 22 22\" fill=\"none\" xmlns=\"http:\/\/www.w3.org\/2000\/svg\"><rect x=\"1\" y=\"1\" width=\"20\" height=\"20\" rx=\"10\" stroke=\"#000\" stroke-width=\"2\" class=\"stroke-base-color\"><\/rect><path d=\"M11 0V15M11 15L5 9M11 15C11 15 13.8758 12.1242 17 9\" stroke=\"#000\" stroke-width=\"2\" class=\"stroke-base-color\"><\/path><\/svg><\/div><span class=\"list-item__text item-text\"><a href=\"http:\/\/www.stm.info\/metro\/mapmetro.htm\" rel=\"noopener\">Sherbrooke metro station<\/a> <\/span><\/li>\n\n\n\n<li class=\"wp-block-vortex-blocks-icons-list-item list-item\" data-icon=\"lieu\"><div class=\"list-item__icon-wrapper\"><svg width=\"34\" height=\"35\" viewBox=\"0 0 34 35\" fill=\"none\" xmlns=\"http:\/\/www.w3.org\/2000\/svg\"><path d=\"M30.041 9C30.041 14.2345 25.0084 21.1465 22.4698 24.3002C21.725 25.2253 20.357 25.2253 19.6123 24.3002C17.0737 21.1465 12.041 14.2345 12.041 9C12.041 4.02944 16.0705 0 21.041 0C26.0116 0 30.041 4.02944 30.041 9Z\" fill=\"#000\" class=\"fill-base-color\"><\/path><circle cx=\"21.041\" cy=\"9\" r=\"4\" fill=\"white\" fill-opacity=\"0.7\" class=\"fill-background-color\"><\/circle><path fill-rule=\"evenodd\" clip-rule=\"evenodd\" d=\"M1.21713 19.3948C0.613448 17.463 2.05665 15.5 4.08057 15.5H11.0403V18.5H4.08057L8.14307 31.5H29.0158L26.1053 21.9367L28.9753 21.0633L31.8859 30.6265C32.4724 32.5538 31.0304 34.5 29.0158 34.5H8.14307C6.83092 34.5 5.67102 33.6473 5.27963 32.3948L1.21713 19.3948Z\" fill=\"#000\" class=\"fill-base-color\"><\/path><\/svg><\/div><span class=\"list-item__text item-text\"><a href=\"https:\/\/www.google.com\/maps\/place\/Institut+de+tourisme+et+d&#039;h%C3%B4tellerie+du+Qu%C3%A9bec\/@45.5177092,-73.5687593,17z\/data=!3m2!4b1!5s0x4cc91bb59e0fbe09:0xe9b06c8c865dad94!4m5!3m4!1s0x4cb89689af6003f7:0x61d1b766581a2c06!8m2!3d45.5177092!4d-73.5687593\" rel=\"noopener\">See the map<\/a><\/span><\/li>\n<\/ul><\/div>\n\n\n\n<h2 class=\"wp-block-heading\">Landing&nbsp;<\/h2>\n\n\n\n<ul class=\"wp-block-list\">\n<li>Located at 399, rue De Rigaud, in front of the H\u00f4tel reception<\/li>\n\n\n\n<li>Maximum parking time: 15 minutes<\/li>\n\n\n\n<li>Luggage cart available<\/li>\n<\/ul>\n\n\n\n<h2 class=\"wp-block-heading\">Parking<\/h2>\n\n\n\n<ul class=\"wp-block-list\">\n<li>Indoor parking located on rue De Malines (maximum height: 1.80 m or 6 ft.)<\/li>\n\n\n\n<li>Electric vehicle charging stations available on-site<\/li>\n\n\n\n<li>Outdoor parking for oversized vehicles available on rue Cherrier<\/li>\n<\/ul>\n\n\n\n<h2 class=\"wp-block-heading\">Receiving dock&nbsp;<\/h2>\n\n\n\n<ul class=\"wp-block-list\">\n<li>To use the receiving dock, you must make a request at <a href=\"mailto:ventes-hotel@ithq.qc.ca\">ventes-hotel@ithq.qc.ca<\/a><\/li>\n\n\n\n<li>The receiving dock is located at 400, rue De Malines<\/li>\n\n\n\n<li>Opening hours: 7:00 a.m. to 12:00 p.m. and 1:00 p.m. to 4:00 p.m. (closed Saturday and Sunday)<\/li>\n\n\n\n<li>Summer hours: opening at 8:00 a.m.<\/li>\n<\/ul>\n","protected":false},"excerpt":{"rendered":"<p>Contact information ITHQ &#8211; R\u00e9unions et \u00e9v\u00e9nements3535, rue Saint-Denis, 6e \u00e9tageMontr\u00e9al, (Qu\u00e9bec)&nbsp; H2X 3P1 Landing&nbsp; Parking Receiving dock&nbsp;<\/p>\n","protected":false},"author":3816,"featured_media":0,"parent":15751,"menu_order":0,"comment_status":"closed","ping_status":"closed","template":"","meta":{"_acf_changed":false,"_oasis_is_in_workflow":0,"_oasis_original":0,"_oasis_task_priority":"","_price":"","_stock":"","_tribe_ticket_header":"","_tribe_default_ticket_provider":"","_ticket_start_date":"","_ticket_end_date":"","_tribe_ticket_show_description":"","_tribe_ticket_show_not_going":false,"_tribe_ticket_use_global_stock":"","_tribe_ticket_global_stock_level":"","_global_stock_mode":"","_global_stock_cap":"","_tribe_rsvp_for_event":"","_tribe_ticket_going_count":"","_tribe_ticket_not_going_count":"","_tribe_tickets_list":"[]","_tribe_ticket_has_attendee_info_fields":false,"wpo365_audiences":[],"wpo365_private":false,"footnotes":"","_tec_slr_enabled":"","_tec_slr_layout":""},"class_list":["post-24810","page","type-page","status-publish","hentry"],"acf":[],"ticketed":false,"_links":{"self":[{"href":"https:\/\/www.ithq.qc.ca\/en\/wp-json\/wp\/v2\/pages\/24810","targetHints":{"allow":["GET"]}}],"collection":[{"href":"https:\/\/www.ithq.qc.ca\/en\/wp-json\/wp\/v2\/pages"}],"about":[{"href":"https:\/\/www.ithq.qc.ca\/en\/wp-json\/wp\/v2\/types\/page"}],"author":[{"embeddable":true,"href":"https:\/\/www.ithq.qc.ca\/en\/wp-json\/wp\/v2\/users\/3816"}],"replies":[{"embeddable":true,"href":"https:\/\/www.ithq.qc.ca\/en\/wp-json\/wp\/v2\/comments?post=24810"}],"version-history":[{"count":1,"href":"https:\/\/www.ithq.qc.ca\/en\/wp-json\/wp\/v2\/pages\/24810\/revisions"}],"predecessor-version":[{"id":61646,"href":"https:\/\/www.ithq.qc.ca\/en\/wp-json\/wp\/v2\/pages\/24810\/revisions\/61646"}],"up":[{"embeddable":true,"href":"https:\/\/www.ithq.qc.ca\/en\/wp-json\/wp\/v2\/pages\/15751"}],"wp:attachment":[{"href":"https:\/\/www.ithq.qc.ca\/en\/wp-json\/wp\/v2\/media?parent=24810"}],"curies":[{"name":"wp","href":"https:\/\/api.w.org\/{rel}","templated":true}]}}