{"id":24096,"date":"2023-02-16T11:48:15","date_gmt":"2023-02-16T16:48:15","guid":{"rendered":"https:\/\/www.ithq.qc.ca\/?page_id=24096"},"modified":"2025-03-24T11:14:21","modified_gmt":"2025-03-24T15:14:21","slug":"support-in-local-food-sourcing","status":"publish","type":"page","link":"https:\/\/www.ithq.qc.ca\/en\/corporate-services\/support-in-local-food-sourcing\/","title":{"rendered":"Support in local food sourcing"},"content":{"rendered":"\n<p class=\"has-large-font-size\">As part of the <a href=\"https:\/\/www.quebec.ca\/gouvernement\/politiques-orientations\/strategie-nationale-achat-aliments-quebecois\" rel=\"noopener\">Strat\u00e9gie nationale d\u2019achat d\u2019aliments qu\u00e9b\u00e9cois<\/a> (SNAAQ) of the Minist\u00e8re de l\u2019Agriculture, des P\u00eacheries et de l\u2019Alimentation (MAPAQ), Qu\u00e9bec&#8217;s public institutions are encouraged to set targets for the purchase of local food.\u00a0\u00a0\u00a0<\/p>\n\n\n\n<p>In order to help them achieve their objectives, the MAPAQ has worked collaboratively with the ITHQ to offer them a <strong>free and personalized coaching service<\/strong>.&nbsp;<\/p>\n\n\n\n<hr class=\"wp-block-separator has-alpha-channel-opacity\"\/>\n\n\n\n<h2 class=\"wp-block-heading\">Who may benefit?<\/h2>\n\n\n\n<p>The following public institutions can benefit from this service free of charge:&nbsp;<\/p>\n\n\n\n<ul class=\"wp-block-list\">\n<li>Elementary and secondary schools<\/li>\n\n\n\n<li>Cegeps and universities<\/li>\n\n\n\n<li>Centres int\u00e9gr\u00e9s de sant\u00e9 et de services sociaux (CISSS) and Centres int\u00e9gr\u00e9s universitaires de sant\u00e9 et de services sociaux (CIUSSS)&nbsp;<\/li>\n\n\n\n<li>Hospitals<\/li>\n\n\n\n<li>Rehabilitation centres<\/li>\n\n\n\n<li>Long-term care facilities (CHSLD)<\/li>\n\n\n\n<li>Etc.<\/li>\n<\/ul>\n\n\n\n<hr class=\"wp-block-separator has-alpha-channel-opacity\"\/>\n\n\n\n<h2 class=\"wp-block-heading\">What does our support consist of?<\/h2>\n\n\n\n<p>Present <strong>across Qu\u00e9bec<\/strong>, our local procurement consultants are there to share best practices with your teams and help them implement <strong>efficient solutions<\/strong> that will allow you to reach your objectives.&nbsp;<\/p>\n\n\n\n<p>Our experts work closely with the procurement and food service managers in your organization.&nbsp;<\/p>\n\n\n\n<p>Once the diagnosis is determined, they will set realistic targets with you and help you develop a detailed action plan to achieve them.<\/p>\n\n\n\n<figure class=\"wp-block-image size-full\"><img decoding=\"async\" width=\"2000\" height=\"640\" src=\"https:\/\/cdn.ithq.qc.ca\/uploads\/2024\/07\/diagramme-service-offert-equipe-conseil-en-2.png\" alt=\"\" class=\"wp-image-45950\" srcset=\"https:\/\/cdn.ithq.qc.ca\/uploads\/2024\/07\/diagramme-service-offert-equipe-conseil-en-2.png 2000w, https:\/\/cdn.ithq.qc.ca\/uploads\/2024\/07\/diagramme-service-offert-equipe-conseil-en-2-300x96.png 300w, https:\/\/cdn.ithq.qc.ca\/uploads\/2024\/07\/diagramme-service-offert-equipe-conseil-en-2-1024x328.png 1024w, https:\/\/cdn.ithq.qc.ca\/uploads\/2024\/07\/diagramme-service-offert-equipe-conseil-en-2-768x246.png 768w, https:\/\/cdn.ithq.qc.ca\/uploads\/2024\/07\/diagramme-service-offert-equipe-conseil-en-2-1536x492.png 1536w, https:\/\/cdn.ithq.qc.ca\/uploads\/2024\/07\/diagramme-service-offert-equipe-conseil-en-2-1000x320.png 1000w\" sizes=\"(max-width: 2000px) 100vw, 2000px\" \/><\/figure>\n\n\n\n<hr class=\"wp-block-separator has-alpha-channel-opacity\"\/>\n\n\n\n<h2 class=\"wp-block-heading\">Why should you prioritize local sourcing in your organization?<\/h2>\n\n\n\n<ul class=\"wp-block-list\">\n<li>To offer better quality products to your clientele<\/li>\n\n\n\n<li>To encourage local economy and support producers and processors in your area<\/li>\n\n\n\n<li>To reduce your ecological footprint and preserve biodiversity<\/li>\n\n\n\n<li>To develop the skills, pride and sense of belonging of your teams<\/li>\n\n\n\n<li>To develop win-win partnerships with your suppliers<\/li>\n\n\n\n<li>To enable your organization to have a positive impact on Qu\u00e9bec society<\/li>\n<\/ul>\n\n\n\n<hr class=\"wp-block-separator has-alpha-channel-opacity\"\/>\n\n\n\n<section class=\"wp-block-vortex-blocks-cards-grid cards-grid-block\"><div class=\"block-heading\"><h2><span class=\"cards-grid-suptitle block-heading__title\"><\/span><span class=\"cards-grid-title block-heading__subtitle\">How to participate?<\/span><\/h2><\/div><div class=\"cards-grid__grid\">\n<div class=\"card-item-block aligndefault\"\n>\n\n      <a href=\"https:\/\/outlook.office365.com\/owa\/calendar\/Achatlocal@ithq.qc.ca\/bookings\/\" class=\"card-item-block__inner\" rel=\"noopener\">  \n        <div class=\"card-item-block__icon-wrapper\">\n      \n<svg xmlns=\"http:\/\/www.w3.org\/2000\/svg\" viewBox=\"0 0 129.01 131.95\">\n  <circle fill=\"none\" cx=\"66.17\" cy=\"65.47\" r=\"62.85\" transform=\"translate(-10.14 12.16) rotate(-9.76)\" \/>\n  <path fill=\"#000\" class=\"fill-base-color\" d=\"m71.4,37.83c-1.83,0-3.4.61-4.71,1.83-1.31,1.22-1.97,2.69-1.97,4.41s.66,3.18,1.97,4.39c1.31,1.21,2.88,1.81,4.71,1.81s3.39-.6,4.69-1.81c1.3-1.21,1.95-2.67,1.95-4.39s-.65-3.19-1.95-4.41c-1.3-1.22-2.86-1.83-4.69-1.83h0Zm-4.23,18.07c-1.36,0-2.85.27-4.47.8-1.62.53-3.32,1.17-5.12,1.91l-1.18,3.05c.53-.2,1.16-.42,1.89-.64.73-.22,1.42-.34,2.09-.34,1.34,0,2.21.25,2.61.75.39.5.49,1.38.28,2.64-.11.7-.32,1.47-.61,2.32-.29.85-.63,1.74-1.02,2.69l-4.18,9.9c-.4,1.04-.72,1.97-.95,2.8-.24.83-.42,1.63-.55,2.42-.34,2.03.07,3.71,1.23,5.04,1.15,1.32,2.97,1.98,5.44,1.98,1.61,0,3.06-.23,4.35-.7,1.29-.46,3.03-1.13,5.22-2.01l1.18-3.05c-.38.18-.98.39-1.8.63-.82.24-1.54.36-2.16.36-1.32,0-2.21-.23-2.67-.71-.46-.47-.58-1.37-.36-2.68.09-.52.29-1.29.63-2.3.33-1.02.67-1.92,1.01-2.71l4.17-9.86c.4-.9.73-1.9,1-2.98.27-1.08.44-1.84.51-2.27.34-2.08-.04-3.77-1.16-5.07-1.12-1.3-2.91-1.95-5.36-1.95h0Zm-1.01,51.53c-23.14,0-41.96-18.82-41.96-41.96s18.82-41.96,41.96-41.96,41.96,18.82,41.96,41.96-18.82,41.96-41.96,41.96h0Zm0-89.66c-26.3,0-47.7,21.4-47.7,47.7s21.4,47.7,47.7,47.7,47.7-21.4,47.7-47.7-21.4-47.7-47.7-47.7h0Z\" \/>\n<\/svg>    <\/div>\n    <div class=\"card-item-block__content-wrapper\">\n    <p class=\"card-item-block__title\">I would like to know more about your services<\/p>\n          <div class=\"card-item-block__link-icon card-item-block__link-icon--hover-only\">\n        <svg width=\"24\" height=\"24\" viewBox=\"0 0 24 24\" fill=\"none\" xmlns=\"http:\/\/www.w3.org\/2000\/svg\">\n<path d=\"M2 12H21M21 12L12.1013 3M21 12L12.1013 21\" stroke=\"currentColor\" stroke-width=\"2\" class=\"stroke-base-color\" \/>\n<\/svg>\n      <\/div>\n      <\/div>\n\n      <\/a>\n  \n  <\/div>\n\n\n\n<div class=\"card-item-block aligndefault\"\n>\n\n      <a href=\"https:\/\/www.ithq.qc.ca\/en\/corporate-services\/institutional-support\/\" class=\"card-item-block__inner\">  \n        <div class=\"card-item-block__icon-wrapper\">\n      \n<svg xmlns=\"http:\/\/www.w3.org\/2000\/svg\" viewBox=\"0 0 56 48\">\n  <g>\n    <path fill=\"none\" stroke=\"#000\" stroke-linecap=\"round\" stroke-linejoin=\"round\" stroke-width=\"2\" class=\"stroke-base-color\" d=\"m5.25,35.48v-.08,11.59h12.76v-11.59.08l9.21-12.47c1.03-1.03,1.03-2.73,0-3.76-1.03-1.03-2.73-1.03-3.76,0l-7.57,9.78H6.32c-2.92,0-5.32,2.39-5.32,5.32v7.45c0,2.56,1.83,4.71,4.25,5.21v-11.52Z\" \/>\n    <path fill=\"none\" stroke=\"#000\" stroke-linecap=\"round\" stroke-linejoin=\"round\" stroke-width=\"2\" class=\"stroke-base-color\" d=\"m11.64,27.96c2.94,0,5.32-2.38,5.32-5.32s-2.38-5.32-5.32-5.32-5.32,2.38-5.32,5.32,2.38,5.32,5.32,5.32Z\" \/>\n  <\/g>\n  <g>\n    <path fill=\"none\" stroke=\"#000\" stroke-linecap=\"round\" stroke-linejoin=\"round\" stroke-width=\"2\" class=\"stroke-base-color\" d=\"m50.75,47c2.42-.5,4.25-2.65,4.25-5.21v-7.45c0-2.92-2.39-5.32-5.32-5.32h-9.57l-7.57-9.78c-1.03-1.03-2.73-1.03-3.76,0-1.03,1.03-1.03,2.73,0,3.76l9.21,12.47v-.08,11.59h12.76v-11.59,11.59Z\" \/>\n    <path fill=\"none\" stroke=\"#000\" stroke-linecap=\"round\" stroke-linejoin=\"round\" stroke-width=\"2\" class=\"stroke-base-color\" d=\"m44.36,27.96c-2.94,0-5.32-2.38-5.32-5.32s2.38-5.32,5.32-5.32,5.32,2.38,5.32,5.32-2.38,5.32-5.32,5.32Z\" \/>\n  <\/g>\n  <g>\n    <rect fill=\"none\" stroke=\"#000\" stroke-width=\"2\" class=\"stroke-base-color\" x=\"27.95\" y=\"1\" width=\".1\" height=\"5.33\" \/>\n    <rect fill=\"none\" stroke=\"#000\" stroke-width=\"2\" class=\"stroke-base-color\" x=\"20.62\" y=\"4.49\" width=\".1\" height=\"5.99\" transform=\"translate(2.96 20.5) rotate(-56.22)\" \/>\n    <rect fill=\"none\" stroke=\"#000\" stroke-width=\"2\" class=\"stroke-base-color\" x=\"32.34\" y=\"7.43\" width=\"6\" height=\".1\" transform=\"translate(1.81 20.93) rotate(-33.81)\" \/>\n    <circle fill=\"none\" stroke=\"#000\" stroke-width=\"2\" class=\"stroke-base-color\" cx=\"28\" cy=\"11.95\" r=\"1.12\" \/>\n  <\/g>\n<\/svg>    <\/div>\n    <div class=\"card-item-block__content-wrapper\">\n    <p class=\"card-item-block__title\">My institution is ready to benefit from this support<\/p>\n          <div class=\"card-item-block__link-icon card-item-block__link-icon--hover-only\">\n        <svg width=\"24\" height=\"24\" viewBox=\"0 0 24 24\" fill=\"none\" xmlns=\"http:\/\/www.w3.org\/2000\/svg\">\n<path d=\"M2 12H21M21 12L12.1013 3M21 12L12.1013 21\" stroke=\"currentColor\" stroke-width=\"2\" class=\"stroke-base-color\" \/>\n<\/svg>\n      <\/div>\n      <\/div>\n\n      <\/a>\n  \n  <\/div>\n\n\n\n<div class=\"card-item-block aligndefault\"\n>\n\n      <a href=\"https:\/\/www.ithq.qc.ca\/en\/corporate-services\/contact-the-ithqs-hospitality-consulting-centre\/\" class=\"card-item-block__inner\">  \n        <div class=\"card-item-block__icon-wrapper\">\n      \n<svg xmlns=\"http:\/\/www.w3.org\/2000\/svg\" xmlns:xlink=\"http:\/\/www.w3.org\/1999\/xlink\" viewBox=\"0 0 52 44\" xml:space=\"preserve\">\n<g>\n\t<polyline fill=\"none\" stroke=\"#000\" stroke-width=\"2\" stroke-linecap=\"round\" stroke-linejoin=\"round\" class=\"stroke-base-color\" points=\"23,13 28,6 37,1 46,6 51,13 \t\" \/>\n\t<polyline fill=\"none\" stroke=\"#000\" stroke-width=\"2\" stroke-linecap=\"round\" stroke-linejoin=\"round\" class=\"stroke-base-color\" points=\"31,25 31,15 43,15 43,25 \t\" \/>\n\t<line fill=\"none\" stroke=\"#000\" stroke-width=\"2\" stroke-linecap=\"round\" stroke-linejoin=\"round\" class=\"stroke-base-color\" x1=\"43\" y1=\"15\" x2=\"31\" y2=\"25\" \/>\n\t<line fill=\"none\" stroke=\"#000\" stroke-width=\"2\" stroke-linecap=\"round\" stroke-linejoin=\"round\" class=\"stroke-base-color\" x1=\"31\" y1=\"15\" x2=\"43\" y2=\"25\" \/>\n\t<line fill=\"none\" stroke=\"#000\" stroke-width=\"2\" stroke-linecap=\"round\" stroke-linejoin=\"round\" class=\"stroke-base-color\" x1=\"49\" y1=\"25\" x2=\"49\" y2=\"10.2\" \/>\n\t<line fill=\"none\" stroke=\"#000\" stroke-width=\"2\" stroke-linecap=\"round\" stroke-linejoin=\"round\" class=\"stroke-base-color\" x1=\"25\" y1=\"10.2\" x2=\"25\" y2=\"25\" \/>\n\t<path fill=\"none\" stroke=\"#000\" stroke-width=\"2\" stroke-linecap=\"round\" stroke-linejoin=\"round\" class=\"stroke-base-color\" d=\"M23.99,29.91C17.49,26.82,9.56,25,1,25\" \/>\n\t<path fill=\"none\" stroke=\"#000\" stroke-width=\"2\" stroke-linecap=\"round\" stroke-linejoin=\"round\" class=\"stroke-base-color\" d=\"M1,31c5.95,0,11.6,1.01,16.53,2.75\" \/>\n\t<path fill=\"none\" stroke=\"#000\" stroke-width=\"2\" stroke-linecap=\"round\" stroke-linejoin=\"round\" class=\"stroke-base-color\" d=\"M12.43,38.43C8.98,37.53,5.12,37,1,37\" \/>\n\t<path fill=\"none\" stroke=\"#000\" stroke-width=\"2\" stroke-linecap=\"round\" stroke-linejoin=\"round\" class=\"stroke-base-color\" d=\"M51,25.13C49.68,25.05,48.35,25,47,25c-17.41,0-32.21,7.52-37.7,18\" \/>\n\t<path fill=\"none\" stroke=\"#000\" stroke-width=\"2\" stroke-linecap=\"round\" stroke-linejoin=\"round\" class=\"stroke-base-color\" d=\"M16.41,43C21.98,35.97,33.75,31,47,31c1.35,0,2.68,0.06,4,0.16\" \/>\n\t<path fill=\"none\" stroke=\"#000\" stroke-width=\"2\" stroke-linecap=\"round\" stroke-linejoin=\"round\" class=\"stroke-base-color\" d=\"M51,37.17C49.7,37.06,48.37,37,47,37c-9.05,0-16.79,2.53-21.83,6\" \/>\n\t<line fill=\"none\" stroke=\"#000\" stroke-width=\"2\" stroke-linecap=\"round\" stroke-linejoin=\"round\" class=\"stroke-base-color\" x1=\"6\" y1=\"14\" x2=\"9\" y2=\"17\" \/>\n\t<line fill=\"none\" stroke=\"#000\" stroke-width=\"2\" stroke-linecap=\"round\" stroke-linejoin=\"round\" class=\"stroke-base-color\" x1=\"12\" y1=\"11\" x2=\"9\" y2=\"14\" \/>\n\t<path fill=\"none\" stroke=\"#000\" stroke-width=\"2\" stroke-linejoin=\"round\" class=\"stroke-base-color\" d=\"M17,13c0,4.42-3.58,8-8,8s-8-3.58-8-8S4.58,1,9,1S17,8.58,17,13z\" \/>\n\t<line fill=\"none\" stroke=\"#000\" stroke-width=\"2\" stroke-linecap=\"round\" stroke-linejoin=\"round\" class=\"stroke-base-color\" x1=\"9\" y1=\"8\" x2=\"9\" y2=\"25.56\" \/>\n\t<line fill=\"none\" stroke=\"#000\" stroke-width=\"2\" stroke-linecap=\"round\" stroke-linejoin=\"round\" class=\"stroke-base-color\" x1=\"39\" y1=\"11\" x2=\"43\" y2=\"11\" \/>\n\t<line fill=\"none\" stroke=\"#000\" stroke-width=\"2\" stroke-linecap=\"round\" stroke-linejoin=\"round\" class=\"stroke-base-color\" x1=\"31\" y1=\"11\" x2=\"35\" y2=\"11\" \/>\n<\/g>\n<\/svg>\n    <\/div>\n    <div class=\"card-item-block__content-wrapper\">\n    <p class=\"card-item-block__title\">My institution already has a local purchasing target<\/p>\n          <div class=\"card-item-block__link-icon card-item-block__link-icon--hover-only\">\n        <svg width=\"24\" height=\"24\" viewBox=\"0 0 24 24\" fill=\"none\" xmlns=\"http:\/\/www.w3.org\/2000\/svg\">\n<path d=\"M2 12H21M21 12L12.1013 3M21 12L12.1013 21\" stroke=\"currentColor\" stroke-width=\"2\" class=\"stroke-base-color\" \/>\n<\/svg>\n      <\/div>\n      <\/div>\n\n      <\/a>\n  \n  <\/div>\n<\/div><\/section>\n\n\n\n<hr class=\"wp-block-separator has-alpha-channel-opacity\"\/>\n\n\n\n<section class=\"wp-block-vortex-blocks-image-quote image-quote-block alignwide\"><div class=\"image-quote-block__col image-quote-block__col--content\"><div class=\"image-quote-block__content\" data-aos=\"fade-up\"><div class=\"quote-mark\"><svg width=\"20\" height=\"21\" viewBox=\"0 0 20 21\" fill=\"none\" xmlns=\"http:\/\/www.w3.org\/2000\/svg\"><path d=\"M0 10.5L7.14181 0H9.5L2.63936 10.5L9.5 21H7.14181L0 10.5ZM10.066 10.5L17.2078 0H19.5L12.6394 10.5L19.5 21H17.2078L10.066 10.5Z\" fill=\"#000\" class=\"fill-base-color\"><\/path><\/svg><\/div><p class=\"quote-text\">At the CISSS of Lanaudi\u00e8re, we were starting from scratch. Thanks to the practical, reassuring, supportive and sympathetic coaching offered by the ITHQ&#8217;s local food sourcing consultants, after one year, we are proud to say each and every one of our establishments now has an overall Qu\u00e9bec food offering!<\/p><div class=\"quote-mark\"><svg width=\"20\" height=\"21\" viewBox=\"0 0 20 21\" fill=\"none\" xmlns=\"http:\/\/www.w3.org\/2000\/svg\"><path d=\"M19.5 10.5L12.3582 21L10 21L16.8606 10.5L10 -8.30516e-07L12.3582 -6.24357e-07L19.5 10.5ZM9.43399 10.5L2.29218 21L0 21L6.86063 10.5L1.83588e-06 -1.70474e-06L2.29218 -1.50436e-06L9.43399 10.5Z\" fill=\"#000\" class=\"fill-base-color\"><\/path><\/svg><\/div><\/div><div class=\"image-quote-block__author\"><div class=\"image-quote-block__author__divider-wrapper\"><span class=\"image-quote-block__author__divider\" data-aos=\"line-right\" data-aos-delay=\"500\"><\/span><\/div><p class=\"image-quote-block__author__name\" data-aos=\"fade-right\" data-aos-delay=\"500\"><span class=\"author-name\">Jany Dumont, Dt.P.<\/span><\/p><p class=\"image-quote-block__author__role\" data-aos=\"fade-left\" data-aos-delay=\"700\"><span class=\"author-role\">Nutritionist \u2013 Food Service<br>Centre int\u00e9gr\u00e9 de sant\u00e9 et des services sociaux of Lanaudi\u00e8re, H\u00f4pital Pierre-Le Gardeur<\/span><\/p><\/div><\/div><div class=\"image-quote-block__col image-quote-block__col--media\"><div class=\"image-quote-block__media-wrapper\"><div class=\"image-quote-block__media image-quote-block__media--image\" style=\"background-image:url(https:\/\/cdn.ithq.qc.ca\/uploads\/2023\/05\/Entreprise_cafeteria-cuisinier.png)\"><\/div><\/div><\/div><\/section>\n\n\n\n<section class=\"wp-block-vortex-blocks-contact-cta-columns alignwide contact-cta-columns-block\"><div class=\"contact-cta-columns-block__columns\">\n<div class=\"wp-block-vortex-blocks-contact-cta contact-cta-block\"><div class=\"contact-cta-block__inner\"><div class=\"contact-cta__icon-wrapper\"><div><svg width=\"41\" height=\"42\" viewBox=\"0 0 41 42\" fill=\"none\" xmlns=\"http:\/\/www.w3.org\/2000\/svg\"><path d=\"M0 41.5V14c0-2.2091 1.7909-4 4-4h23.5c2.2091 0 4 1.7909 4 4v17.5c0 2.2091-1.7909 4-4 4H7l-7 6Z\" fill=\"#000\" fill-opacity=\".5\" class=\"fill-base-color\"><\/path><path d=\"M40.5 35.5V4c0-2.2091-1.7909-4-4-4H15c-2.2091 0-4 1.7909-4 4v21.5c0 2.2091 1.7909 4 4 4h18.5l7 6Z\" fill=\"#000\" class=\"fill-base-color\"><\/path><path d=\"M21 12c0-2.5 1.9163-4 4.5-4 3 0 4.5 2 4.5 4 0 4-5 3-5 6v1\" stroke=\"#fff\" stroke-opacity=\".9\" stroke-width=\"3\"><\/path><circle cx=\"25\" cy=\"22\" r=\"2\" fill=\"#fff\" fill-opacity=\".9\"><\/circle><\/svg><\/div><\/div>\n<h2 class=\"wp-block-heading\">Any questions?<\/h2>\n\n\n\n<p>514-282-5115, option 3<br>or toll-free at 1-800-361-5111, ext. 5115<\/p>\n\n\n\n<div class=\"wp-block-button\"><a class=\"wp-block-button__link wp-element-button\" href=\"https:\/\/www.ithq.qc.ca\/en\/corporate-services\/contact-the-ithqs-hospitality-consulting-centre\/\">Contact us<\/a><\/div>\n<\/div><\/div>\n\n\n\n<div class=\"wp-block-vortex-blocks-contact-cta contact-cta-block\"><div class=\"contact-cta-block__inner\"><div class=\"contact-cta__icon-wrapper\"><div><svg width=\"42\" height=\"44\" viewBox=\"0 0 42 44\" fill=\"none\" xmlns=\"http:\/\/www.w3.org\/2000\/svg\"><path d=\"M0 17.1999a4 4 0 0 1 1.6594-3.2437l17-12.2672c1.3975-1.0084 3.2837-1.0084 4.6812 0l17 12.2672A3.9998 3.9998 0 0 1 42 17.1999V40c0 2.2091-1.7909 4-4 4H4c-2.2091 0-4-1.7909-4-4V17.1999Z\" fill=\"#fff\" class=\"fill-background-color\"><\/path><path d=\"M0 17.1999a4 4 0 0 1 1.6594-3.2437l17-12.2672c1.3975-1.0084 3.2837-1.0084 4.6812 0l17 12.2672A3.9998 3.9998 0 0 1 42 17.1999V40c0 2.2091-1.7909 4-4 4H4c-2.2091 0-4-1.7909-4-4V17.1999Z\" fill=\"#000\" class=\"fill-base-color\" fill-opacity=\".4\"><\/path><path fill=\"#000\" class=\"fill-base-color\" d=\"M6 5h30v33H6z\"><\/path><path d=\"m0 20 21 11.1818L42 20v20c0 2.2091-1.7909 4-4 4H4c-2.2091 0-4-1.7909-4-4V20Z\" fill=\"#fff\" class=\"fill-background-color\"><\/path><path d=\"m0 20 21 11.1818L42 20v20c0 2.2091-1.7909 4-4 4H4c-2.2091 0-4-1.7909-4-4V20Z\" fill=\"#000\" class=\"fill-base-color\" fill-opacity=\".6\"><\/path><path d=\"M23 14h-4v4h-4v4h12v-4h-4v-4Z\" fill=\"#fff\"><\/path><\/svg><\/div><\/div>\n<h2 class=\"wp-block-heading\">Receive our promotions and news by email<\/h2>\n\n\n\n<div class=\"wp-block-button\"><a class=\"wp-block-button__link wp-element-button\" href=\"https:\/\/www.ithq.qc.ca\/en\/subscribe-to-the-newsletter\/\">Subscribe to our newsletter<\/a><\/div>\n<\/div><\/div>\n<\/div><\/section>\n\n\n  <section class=\"partners-block theme-block aligndefault\">\n          <div class=\"block-heading\">\n        <h2>\n                                <span class=\"block-heading__subtitle\">Partner<\/span>\n                  <\/h2>\n      <\/div>\n        <div class=\"partners-group\">\n      <div class=\"partners-group__listing\">\n        \n<div class=\"partner-item\">\n\n      <a class=\"partner-item__inner\" href=\"https:\/\/www.mapaq.gouv.qc.ca\/\" target=\"_blank\" rel=\"noopener noreferrer\">\n  \n      <img decoding=\"async\" class=\"partner-item__logo\" src=\"https:\/\/cdn.ithq.qc.ca\/uploads\/2023\/05\/Logo_quebec-300x90.png\" alt=\"MAPAQ\" \/>\n  \n      <\/a>\n  \n<\/div>\n      <\/div>\n    <\/div>\n  <\/section>\n  ","protected":false},"excerpt":{"rendered":"<p>As part of the Strat\u00e9gie nationale d\u2019achat d\u2019aliments qu\u00e9b\u00e9cois (SNAAQ) of the Minist\u00e8re de l\u2019Agriculture, des P\u00eacheries et de l\u2019Alimentation (MAPAQ), Qu\u00e9bec&#8217;s public institutions are encouraged to set targets for&hellip;<\/p>\n","protected":false},"author":3816,"featured_media":35054,"parent":24033,"menu_order":0,"comment_status":"closed","ping_status":"closed","template":"template-header-image.php","meta":{"_acf_changed":false,"_oasis_is_in_workflow":0,"_oasis_original":0,"_oasis_task_priority":"","_price":"","_stock":"","_tribe_ticket_header":"","_tribe_default_ticket_provider":"","_ticket_start_date":"","_ticket_end_date":"","_tribe_ticket_show_description":"","_tribe_ticket_show_not_going":false,"_tribe_ticket_use_global_stock":"","_tribe_ticket_global_stock_level":"","_global_stock_mode":"","_global_stock_cap":"","_tribe_rsvp_for_event":"","_tribe_ticket_going_count":"","_tribe_ticket_not_going_count":"","_tribe_tickets_list":"[]","_tribe_ticket_has_attendee_info_fields":false,"wpo365_audiences":[],"wpo365_private":false,"footnotes":"","_tec_slr_enabled":"","_tec_slr_layout":""},"class_list":["post-24096","page","type-page","status-publish","has-post-thumbnail","hentry"],"acf":[],"ticketed":false,"_links":{"self":[{"href":"https:\/\/www.ithq.qc.ca\/en\/wp-json\/wp\/v2\/pages\/24096","targetHints":{"allow":["GET"]}}],"collection":[{"href":"https:\/\/www.ithq.qc.ca\/en\/wp-json\/wp\/v2\/pages"}],"about":[{"href":"https:\/\/www.ithq.qc.ca\/en\/wp-json\/wp\/v2\/types\/page"}],"author":[{"embeddable":true,"href":"https:\/\/www.ithq.qc.ca\/en\/wp-json\/wp\/v2\/users\/3816"}],"replies":[{"embeddable":true,"href":"https:\/\/www.ithq.qc.ca\/en\/wp-json\/wp\/v2\/comments?post=24096"}],"version-history":[{"count":0,"href":"https:\/\/www.ithq.qc.ca\/en\/wp-json\/wp\/v2\/pages\/24096\/revisions"}],"up":[{"embeddable":true,"href":"https:\/\/www.ithq.qc.ca\/en\/wp-json\/wp\/v2\/pages\/24033"}],"wp:featuredmedia":[{"embeddable":true,"href":"https:\/\/www.ithq.qc.ca\/en\/wp-json\/wp\/v2\/media\/35054"}],"wp:attachment":[{"href":"https:\/\/www.ithq.qc.ca\/en\/wp-json\/wp\/v2\/media?parent=24096"}],"curies":[{"name":"wp","href":"https:\/\/api.w.org\/{rel}","templated":true}]}}