{"id":24035,"date":"2023-04-25T16:42:08","date_gmt":"2023-04-25T20:42:08","guid":{"rendered":"https:\/\/www.ithq.qc.ca\/?page_id=24035"},"modified":"2023-07-07T00:03:55","modified_gmt":"2023-07-07T04:03:55","slug":"guillaume-sparks-beaule","status":"publish","type":"page","link":"https:\/\/www.ithq.qc.ca\/en\/research\/guillaume-sparks-beaule\/","title":{"rendered":"Guillaume Sparks-Beaul\u00e9"},"content":{"rendered":"  <section class=\"anchors-banner-block theme-block alignfull\">\n    <div class=\"anchors-banner__links container\">\n              <div class=\"anchors-banner__btns\">\n          <div class=\"anchors-banner__btns__wrapper anchors-banner__btns-carousel swiper\">\n            <div class=\"swiper-wrapper\">\n                                <div class=\"swiper-slide\">\n                    <a href=\"#unite\" class=\"link\"><span>Research unit<\/span><\/a>                  <\/div>\n                  \n                                    <div class=\"swiper-slide\">\n                    <a href=\"#interet\" class=\"link\"><span>Research interests<\/span><\/a>                  <\/div>\n                  \n                                    <div class=\"swiper-slide\">\n                    <a href=\"#biographie\" class=\"link\"><span>Bio<\/span><\/a>                  <\/div>\n                  \n                                    <div class=\"swiper-slide\">\n                    <a href=\"#projets-de-recherche-en-cours\" class=\"link\"><span>Current research projects<\/span><\/a>                  <\/div>\n                  \n                                    <div class=\"swiper-slide\">\n                    <a href=\"#communications\" class=\"link\"><span>Papers<\/span><\/a>                  <\/div>\n                  \n                                    <div class=\"swiper-slide\">\n                    <a href=\"#coordonnees\" class=\"link\"><span>Contact information<\/span><\/a>                  <\/div>\n                  \n                              <\/div>\n          <\/div>\n        <\/div>\n          <\/div>\n  <\/section>\n  \n\n\n<div class=\"wp-block-media-text alignwide has-media-on-the-right is-stacked-on-mobile\"><div class=\"wp-block-media-text__content\">\n<h3 class=\"wp-block-heading\" id=\"unite\">Research unit<\/h3>\n\n\n\n<ul class=\"wp-block-list\">\n<li><a href=\"https:\/\/www.ithq.qc.ca\/en\/research\/experisens\/\" data-type=\"page\" data-id=\"23948\">ExperiSens<\/a><\/li>\n<\/ul>\n\n\n\n<h3 class=\"wp-block-heading\" id=\"interet\">Research interests<\/h3>\n\n\n\n<ul class=\"wp-block-list\">\n<li>Development of disciplinary expertise&nbsp;&nbsp;<\/li>\n\n\n\n<li>Cognitive models of learning and cognitive workload<\/li>\n\n\n\n<li>Device for collecting psychophysiological data in an authentic environment<\/li>\n\n\n\n<li>Effects of feedback on performance and learning<\/li>\n<\/ul>\n<\/div><figure class=\"wp-block-media-text__media\"><img decoding=\"async\" width=\"771\" height=\"1024\" src=\"https:\/\/cdn.ithq.qc.ca\/uploads\/2023\/06\/Personnel_Guillaume-Sparks-771x1024.jpg\" alt=\"\" class=\"wp-image-29459 size-full\" srcset=\"https:\/\/cdn.ithq.qc.ca\/uploads\/2023\/06\/Personnel_Guillaume-Sparks-771x1024.jpg 771w, https:\/\/cdn.ithq.qc.ca\/uploads\/2023\/06\/Personnel_Guillaume-Sparks-600x797.jpg 600w, https:\/\/cdn.ithq.qc.ca\/uploads\/2023\/06\/Personnel_Guillaume-Sparks-226x300.jpg 226w, https:\/\/cdn.ithq.qc.ca\/uploads\/2023\/06\/Personnel_Guillaume-Sparks-768x1020.jpg 768w, https:\/\/cdn.ithq.qc.ca\/uploads\/2023\/06\/Personnel_Guillaume-Sparks.jpg 800w\" sizes=\"(max-width: 771px) 100vw, 771px\" \/><\/figure><\/div>\n\n\n\n<hr class=\"wp-block-separator has-alpha-channel-opacity\"\/>\n\n\n\n<h3 class=\"wp-block-heading\" id=\"biographie\">Bio<\/h3>\n\n\n\n<p>Chef by trade, Guillaume Sparks-Beaul\u00e9 has been teaching management and cooking at the ITHQ since 2018. He is currently completing a Master&#8217;s degree in specialized education and training at the Universit\u00e9 du Qu\u00e9bec \u00e0 Montr\u00e9al while working as a research assistant and teaching assistant.&nbsp;<\/p>\n\n\n\n<p>He is particularly interested in educational neuroscience to better understand the cognitive mechanisms underlying learning and their impact on performance as well as the development of disciplinary expertise. Based on the importance of designing data collection devices that respect the context of use of the emerging data, his research focusses on the overlay of behavioural and psychophysiological data in an authentic learning environment.<\/p>\n\n\n\n<hr class=\"wp-block-separator has-alpha-channel-opacity\"\/>\n\n\n\n<h3 class=\"wp-block-heading\" id=\"projets-de-recherche-en-cours\">Current research projects<\/h3>\n\n\n\n<ul class=\"wp-block-list\">\n<li>Relation entre les diff\u00e9rents niveaux de r\u00e9troaction et la charge cognitive d\u2019\u00e9tudiants en cuisine en atelier pratique<\/li>\n<\/ul>\n\n\n\n<hr class=\"wp-block-separator has-alpha-channel-opacity\"\/>\n\n\n\n<h3 class=\"wp-block-heading\" id=\"communications\">Papers<\/h3>\n\n\n\n<p><strong>Book chapter<\/strong><\/p>\n\n\n\n<p>Sparks-Beaul\u00e9, G. (2020). Si une image vaut mille mots, pourquoi la d\u00e9crire? [T\u00e9moignage]. In Beaupr\u00e9, S., Lefebvre, J., and de Champlain, Y. (ed.). <em>L\u2019analyse r\u00e9flexive en enseignement professionnel et technique\u202f: De la th\u00e9orie \u00e0 la pratique<\/em>. Presses de l\u2019Universit\u00e9 du Qu\u00e9bec.<\/p>\n\n\n\n<p><strong>Research report<\/strong><br><br>Sparks-Beaul\u00e9, G. (2017). Guide de strat\u00e9gies d\u2019apprentissage inclusives. <em>Soutien \u00e0 la r\u00e9ussite scolaire des \u00e9tudiantes et \u00e9tudiants en situation de handicap ou ayant des besoins particuliers.<\/em> C\u00e9gep de St-J\u00e9r\u00f4me.<\/p>\n\n\n\n<hr class=\"wp-block-separator has-alpha-channel-opacity\"\/>\n\n\n\n<section class=\"wp-block-vortex-blocks-contact-cta-columns alignwide contact-cta-columns-block\"><div class=\"contact-cta-columns-block__columns\">\n<div class=\"wp-block-vortex-blocks-contact-cta contact-cta-block\"><div class=\"contact-cta-block__inner\"><div class=\"contact-cta__icon-wrapper\"><div><svg width=\"42\" height=\"44\" viewBox=\"0 0 42 44\" fill=\"none\" xmlns=\"http:\/\/www.w3.org\/2000\/svg\"><path d=\"M0 17.1999a4 4 0 0 1 1.6594-3.2437l17-12.2672c1.3975-1.0084 3.2837-1.0084 4.6812 0l17 12.2672A3.9998 3.9998 0 0 1 42 17.1999V40c0 2.2091-1.7909 4-4 4H4c-2.2091 0-4-1.7909-4-4V17.1999Z\" fill=\"#fff\" class=\"fill-background-color\"><\/path><path d=\"M0 17.1999a4 4 0 0 1 1.6594-3.2437l17-12.2672c1.3975-1.0084 3.2837-1.0084 4.6812 0l17 12.2672A3.9998 3.9998 0 0 1 42 17.1999V40c0 2.2091-1.7909 4-4 4H4c-2.2091 0-4-1.7909-4-4V17.1999Z\" fill=\"#000\" class=\"fill-base-color\" fill-opacity=\".4\"><\/path><path fill=\"#000\" class=\"fill-base-color\" d=\"M6 5h30v33H6z\"><\/path><path d=\"m0 20 21 11.1818L42 20v20c0 2.2091-1.7909 4-4 4H4c-2.2091 0-4-1.7909-4-4V20Z\" fill=\"#fff\" class=\"fill-background-color\"><\/path><path d=\"m0 20 21 11.1818L42 20v20c0 2.2091-1.7909 4-4 4H4c-2.2091 0-4-1.7909-4-4V20Z\" fill=\"#000\" class=\"fill-base-color\" fill-opacity=\".6\"><\/path><path d=\"M23 14h-4v4h-4v4h12v-4h-4v-4Z\" fill=\"#fff\"><\/path><\/svg><\/div><\/div>\n<h2 class=\"wp-block-heading\" id=\"coordonnees\">Contact information<\/h2>\n\n\n\n<p>guillaume.sparks-beaule@ithq.qc.ca<\/p>\n<\/div><\/div>\n<\/div><\/section>\n","protected":false},"excerpt":{"rendered":"<p>Bio Chef by trade, Guillaume Sparks-Beaul\u00e9 has been teaching management and cooking at the ITHQ since 2018. He is currently completing a Master&#8217;s degree in specialized education and training at&hellip;<\/p>\n","protected":false},"author":3816,"featured_media":0,"parent":23906,"menu_order":0,"comment_status":"closed","ping_status":"closed","template":"","meta":{"_acf_changed":false,"_oasis_is_in_workflow":0,"_oasis_original":0,"_oasis_task_priority":"","_price":"","_stock":"","_tribe_ticket_header":"","_tribe_default_ticket_provider":"","_ticket_start_date":"","_ticket_end_date":"","_tribe_ticket_show_description":"","_tribe_ticket_show_not_going":false,"_tribe_ticket_use_global_stock":"","_tribe_ticket_global_stock_level":"","_global_stock_mode":"","_global_stock_cap":"","_tribe_rsvp_for_event":"","_tribe_ticket_going_count":"","_tribe_ticket_not_going_count":"","_tribe_tickets_list":"[]","_tribe_ticket_has_attendee_info_fields":false,"wpo365_audiences":[],"wpo365_private":false,"footnotes":"","_tec_slr_enabled":"","_tec_slr_layout":""},"class_list":["post-24035","page","type-page","status-publish","hentry"],"acf":[],"ticketed":false,"_links":{"self":[{"href":"https:\/\/www.ithq.qc.ca\/en\/wp-json\/wp\/v2\/pages\/24035","targetHints":{"allow":["GET"]}}],"collection":[{"href":"https:\/\/www.ithq.qc.ca\/en\/wp-json\/wp\/v2\/pages"}],"about":[{"href":"https:\/\/www.ithq.qc.ca\/en\/wp-json\/wp\/v2\/types\/page"}],"author":[{"embeddable":true,"href":"https:\/\/www.ithq.qc.ca\/en\/wp-json\/wp\/v2\/users\/3816"}],"replies":[{"embeddable":true,"href":"https:\/\/www.ithq.qc.ca\/en\/wp-json\/wp\/v2\/comments?post=24035"}],"version-history":[{"count":0,"href":"https:\/\/www.ithq.qc.ca\/en\/wp-json\/wp\/v2\/pages\/24035\/revisions"}],"up":[{"embeddable":true,"href":"https:\/\/www.ithq.qc.ca\/en\/wp-json\/wp\/v2\/pages\/23906"}],"wp:attachment":[{"href":"https:\/\/www.ithq.qc.ca\/en\/wp-json\/wp\/v2\/media?parent=24035"}],"curies":[{"name":"wp","href":"https:\/\/api.w.org\/{rel}","templated":true}]}}