{"id":23983,"date":"2023-04-25T15:47:58","date_gmt":"2023-04-25T19:47:58","guid":{"rendered":"https:\/\/www.ithq.qc.ca\/?page_id=23983"},"modified":"2026-04-13T12:59:04","modified_gmt":"2026-04-13T16:59:04","slug":"emilie-marcil","status":"publish","type":"page","link":"https:\/\/www.ithq.qc.ca\/en\/research\/experisens\/emilie-marcil\/","title":{"rendered":"\u00c9milie Marcil"},"content":{"rendered":"  <section class=\"anchors-banner-block theme-block alignfull\">\n    <div class=\"anchors-banner__links container\">\n              <div class=\"anchors-banner__btns\">\n          <div class=\"anchors-banner__btns__wrapper anchors-banner__btns-carousel swiper\">\n            <div class=\"swiper-wrapper\">\n                                <div class=\"swiper-slide\">\n                    <a href=\"#unite\" class=\"link\"><span>Research unit<\/span><\/a>                  <\/div>\n                  \n                                    <div class=\"swiper-slide\">\n                    <a href=\"#interet\" class=\"link\"><span>Research interests<\/span><\/a>                  <\/div>\n                  \n                                    <div class=\"swiper-slide\">\n                    <a href=\"#biographie\" class=\"link\"><span>Bio<\/span><\/a>                  <\/div>\n                  \n                                    <div class=\"swiper-slide\">\n                    <a href=\"#projets-de-recherche-en-cours\" class=\"link\"><span>Research projects<\/span><\/a>                  <\/div>\n                  \n                                    <div class=\"swiper-slide\">\n                    <a href=\"#communications\" class=\"link\"><span>Papers<\/span><\/a>                  <\/div>\n                  \n                                    <div class=\"swiper-slide\">\n                    <a href=\"#coordonnees\" class=\"link\"><span>Contact information<\/span><\/a>                  <\/div>\n                  \n                              <\/div>\n          <\/div>\n        <\/div>\n          <\/div>\n  <\/section>\n  \n\n\n<div class=\"wp-block-media-text alignwide has-media-on-the-right is-stacked-on-mobile\" style=\"grid-template-columns:auto 30%\"><div class=\"wp-block-media-text__content\">\n<h3 class=\"wp-block-heading\" id=\"unite\">Research unit<\/h3>\n\n\n\n<ul class=\"wp-block-list\">\n<li><mark style=\"background-color:rgba(0, 0, 0, 0)\" class=\"has-inline-color has-ctheme-02-color\"><a href=\"https:\/\/www.ithq.qc.ca\/en\/research\/experisens\/\" data-type=\"URL\" data-id=\"https:\/\/www.ithq.qc.ca\/en\/research\/experisens\/\">ExperiSens<\/a><\/mark><\/li>\n<\/ul>\n\n\n\n<h3 class=\"wp-block-heading\" id=\"interet\">Research interests<\/h3>\n\n\n\n<ul class=\"wp-block-list\">\n<li>Gender equality and women&#8217;s empowerment in the tourism sector<\/li>\n\n\n\n<li>Labour issues specific to the travel industry<\/li>\n<\/ul>\n<\/div><figure class=\"wp-block-media-text__media\"><img decoding=\"async\" width=\"768\" height=\"1024\" src=\"https:\/\/cdn.ithq.qc.ca\/uploads\/2025\/11\/Personnel_Emilie-Marcil.jpeg\" alt=\"\" class=\"wp-image-61651 size-full\" srcset=\"https:\/\/cdn.ithq.qc.ca\/uploads\/2025\/11\/Personnel_Emilie-Marcil.jpeg 768w, https:\/\/cdn.ithq.qc.ca\/uploads\/2025\/11\/Personnel_Emilie-Marcil-225x300.jpeg 225w\" sizes=\"(max-width: 768px) 100vw, 768px\" \/><\/figure><\/div>\n\n\n\n<h3 class=\"wp-block-heading\" id=\"biographie\">Bio<\/h3>\n\n\n\n<p>With a master&#8217;s degree in tourism development from the Universit\u00e9 du Qu\u00e9bec \u00e0 Montr\u00e9al (UQAM), Emilie Marcil is a research professional at Experisens since 2021.<\/p>\n\n\n\n<p>Her Master\u2019s thesis addresses the issue of affinity grouping during vacations, especially among women. Beyond the question of gender and social relationships during vacations, \u00c9milie is interested in emerging trends in the travel industry, a field in which she has worked for over 17 years.&nbsp;<\/p>\n\n\n\n<p>Drawing upon her experience as a guide and travel consultant, she remains very close to the tourism stakeholders with the concern for better theorizing their practice, considering the tourist field as a rich environment of knowledge and expertise.<\/p>\n\n\n\n<hr class=\"wp-block-separator has-alpha-channel-opacity\" id=\"projets-de-recherche-en-cours\"\/>\n\n\n  <section class=\"testimonials-carousel-block theme-block is-style-default alignfull\">\n    <div class=\"block-heading container\">\n      <h2>\n                          <span class=\"block-heading__subtitle\">Research projects<\/span>\n              <\/h2>\n          <\/div>\n    <div class=\"testimonials-carousel__carousel-wrapper\">\n      <div class=\"testimonials-carousel__carousel swiper\">\n        <div class=\"swiper-wrapper\">\n          \n            <div class=\"testimonial-item-wrapper swiper-slide\">\n\n                              <a href=\"https:\/\/www.ithq.qc.ca\/en\/research\/research-projects\/enhancing-visitor-hospitality\/\" class=\"testimonial-item\">                  <div class=\"testimonial-item__thumbnail-wrapper\">\n                    <div class=\"testimonial-item__thumbnail\" style=\"background-image:url(https:\/\/cdn.ithq.qc.ca\/uploads\/2026\/03\/Experisens_touristes-jeunes-groupe-500x710.jpg);\"><\/div>\n                  <\/div>\n                  <div class=\"testimonial-item__content-wrapper\">\n                    <div class=\"testimonial-item__content\">\n                      <div class=\"content-wrapper\">\n                        <p class=\"testimonial-item__person-name\">Strategy to enhance visitor hospitality in the Laurentians <\/p>\n                        <p class=\"testimonial-item__person-title\"><\/p>\n                      <\/div>\n                                              <div class=\"icon-wrapper icon-wrapper--arrow\">\n                          <i class=\"arrow\">\n                            <svg width=\"24\" height=\"24\" viewBox=\"0 0 24 24\" fill=\"none\" xmlns=\"http:\/\/www.w3.org\/2000\/svg\">\n<path d=\"M2 12H21M21 12L12.1013 3M21 12L12.1013 21\" stroke=\"currentColor\" stroke-width=\"2\" class=\"stroke-base-color\" \/>\n<\/svg>\n                          <\/i>\n                          <i class=\"arrow\">\n                            <svg width=\"24\" height=\"24\" viewBox=\"0 0 24 24\" fill=\"none\" xmlns=\"http:\/\/www.w3.org\/2000\/svg\">\n<path d=\"M2 12H21M21 12L12.1013 3M21 12L12.1013 21\" stroke=\"currentColor\" stroke-width=\"2\" class=\"stroke-base-color\" \/>\n<\/svg>\n                          <\/i>\n                        <\/div>\n                                          <\/div>\n                  <\/div>\n                <\/a>                \n            <\/div>\n\n          \n            <div class=\"testimonial-item-wrapper swiper-slide\">\n\n                              <a href=\"https:\/\/www.ithq.qc.ca\/en\/research\/research-projects\/impact-homelesness-hotel-industry\/\" class=\"testimonial-item\">                  <div class=\"testimonial-item__thumbnail-wrapper\">\n                    <div class=\"testimonial-item__thumbnail\" style=\"background-image:url(https:\/\/cdn.ithq.qc.ca\/uploads\/2026\/03\/Experisens_homme-itinerance-ville-500x710.jpg);\"><\/div>\n                  <\/div>\n                  <div class=\"testimonial-item__content-wrapper\">\n                    <div class=\"testimonial-item__content\">\n                      <div class=\"content-wrapper\">\n                        <p class=\"testimonial-item__person-name\">Impact of rising homelessness on Qu\u00e9bec\u2019s hotel industry <\/p>\n                        <p class=\"testimonial-item__person-title\"><\/p>\n                      <\/div>\n                                              <div class=\"icon-wrapper icon-wrapper--arrow\">\n                          <i class=\"arrow\">\n                            <svg width=\"24\" height=\"24\" viewBox=\"0 0 24 24\" fill=\"none\" xmlns=\"http:\/\/www.w3.org\/2000\/svg\">\n<path d=\"M2 12H21M21 12L12.1013 3M21 12L12.1013 21\" stroke=\"currentColor\" stroke-width=\"2\" class=\"stroke-base-color\" \/>\n<\/svg>\n                          <\/i>\n                          <i class=\"arrow\">\n                            <svg width=\"24\" height=\"24\" viewBox=\"0 0 24 24\" fill=\"none\" xmlns=\"http:\/\/www.w3.org\/2000\/svg\">\n<path d=\"M2 12H21M21 12L12.1013 3M21 12L12.1013 21\" stroke=\"currentColor\" stroke-width=\"2\" class=\"stroke-base-color\" \/>\n<\/svg>\n                          <\/i>\n                        <\/div>\n                                          <\/div>\n                  <\/div>\n                <\/a>                \n            <\/div>\n\n          \n            <div class=\"testimonial-item-wrapper swiper-slide\">\n\n                              <a href=\"https:\/\/www.ithq.qc.ca\/en\/research\/research-projects\/key-factors-creating-wonder-hotel-room\/\" class=\"testimonial-item\">                  <div class=\"testimonial-item__thumbnail-wrapper\">\n                    <div class=\"testimonial-item__thumbnail\" style=\"background-image:url(https:\/\/cdn.ithq.qc.ca\/uploads\/2023\/04\/ExperiSens_hotel-femme-menage_iStock-1366940492.jpg);\"><\/div>\n                  <\/div>\n                  <div class=\"testimonial-item__content-wrapper\">\n                    <div class=\"testimonial-item__content\">\n                      <div class=\"content-wrapper\">\n                        <p class=\"testimonial-item__person-name\">Key factors creating wonder in a hotel room <\/p>\n                        <p class=\"testimonial-item__person-title\"><\/p>\n                      <\/div>\n                                              <div class=\"icon-wrapper icon-wrapper--arrow\">\n                          <i class=\"arrow\">\n                            <svg width=\"24\" height=\"24\" viewBox=\"0 0 24 24\" fill=\"none\" xmlns=\"http:\/\/www.w3.org\/2000\/svg\">\n<path d=\"M2 12H21M21 12L12.1013 3M21 12L12.1013 21\" stroke=\"currentColor\" stroke-width=\"2\" class=\"stroke-base-color\" \/>\n<\/svg>\n                          <\/i>\n                          <i class=\"arrow\">\n                            <svg width=\"24\" height=\"24\" viewBox=\"0 0 24 24\" fill=\"none\" xmlns=\"http:\/\/www.w3.org\/2000\/svg\">\n<path d=\"M2 12H21M21 12L12.1013 3M21 12L12.1013 21\" stroke=\"currentColor\" stroke-width=\"2\" class=\"stroke-base-color\" \/>\n<\/svg>\n                          <\/i>\n                        <\/div>\n                                          <\/div>\n                  <\/div>\n                <\/a>                \n            <\/div>\n\n          \n            <div class=\"testimonial-item-wrapper swiper-slide\">\n\n                              <a href=\"https:\/\/www.ithq.qc.ca\/en\/research\/research-projects\/sensory-analysis-informational-communicational-services-hotel-context\/\" class=\"testimonial-item\">                  <div class=\"testimonial-item__thumbnail-wrapper\">\n                    <div class=\"testimonial-item__thumbnail\" style=\"background-image:url(https:\/\/cdn.ithq.qc.ca\/uploads\/2023\/04\/ExperiSens_chambre-femme-tablette.jpg);\"><\/div>\n                  <\/div>\n                  <div class=\"testimonial-item__content-wrapper\">\n                    <div class=\"testimonial-item__content\">\n                      <div class=\"content-wrapper\">\n                        <p class=\"testimonial-item__person-name\">Sensory analysis of informational and communicational services in a hotel context <\/p>\n                        <p class=\"testimonial-item__person-title\"><\/p>\n                      <\/div>\n                                              <div class=\"icon-wrapper icon-wrapper--arrow\">\n                          <i class=\"arrow\">\n                            <svg width=\"24\" height=\"24\" viewBox=\"0 0 24 24\" fill=\"none\" xmlns=\"http:\/\/www.w3.org\/2000\/svg\">\n<path d=\"M2 12H21M21 12L12.1013 3M21 12L12.1013 21\" stroke=\"currentColor\" stroke-width=\"2\" class=\"stroke-base-color\" \/>\n<\/svg>\n                          <\/i>\n                          <i class=\"arrow\">\n                            <svg width=\"24\" height=\"24\" viewBox=\"0 0 24 24\" fill=\"none\" xmlns=\"http:\/\/www.w3.org\/2000\/svg\">\n<path d=\"M2 12H21M21 12L12.1013 3M21 12L12.1013 21\" stroke=\"currentColor\" stroke-width=\"2\" class=\"stroke-base-color\" \/>\n<\/svg>\n                          <\/i>\n                        <\/div>\n                                          <\/div>\n                  <\/div>\n                <\/a>                \n            <\/div>\n\n          \n            <div class=\"testimonial-item-wrapper swiper-slide\">\n\n                              <a href=\"https:\/\/www.ithq.qc.ca\/en\/research\/research-projects\/digital-training-solution-for-the-prevention-of-infectious-risks-in-tourist-accommodation\/\" class=\"testimonial-item\">                  <div class=\"testimonial-item__thumbnail-wrapper\">\n                    <div class=\"testimonial-item__thumbnail\" style=\"background-image:url(https:\/\/cdn.ithq.qc.ca\/uploads\/2023\/04\/ExperiSens_hotel-homme-femme-discussion-face-e1691501533566.jpg);\"><\/div>\n                  <\/div>\n                  <div class=\"testimonial-item__content-wrapper\">\n                    <div class=\"testimonial-item__content\">\n                      <div class=\"content-wrapper\">\n                        <p class=\"testimonial-item__person-name\">Digital training solution for the prevention of infectious risks in tourist accommodation<\/p>\n                        <p class=\"testimonial-item__person-title\"><\/p>\n                      <\/div>\n                                              <div class=\"icon-wrapper icon-wrapper--arrow\">\n                          <i class=\"arrow\">\n                            <svg width=\"24\" height=\"24\" viewBox=\"0 0 24 24\" fill=\"none\" xmlns=\"http:\/\/www.w3.org\/2000\/svg\">\n<path d=\"M2 12H21M21 12L12.1013 3M21 12L12.1013 21\" stroke=\"currentColor\" stroke-width=\"2\" class=\"stroke-base-color\" \/>\n<\/svg>\n                          <\/i>\n                          <i class=\"arrow\">\n                            <svg width=\"24\" height=\"24\" viewBox=\"0 0 24 24\" fill=\"none\" xmlns=\"http:\/\/www.w3.org\/2000\/svg\">\n<path d=\"M2 12H21M21 12L12.1013 3M21 12L12.1013 21\" stroke=\"currentColor\" stroke-width=\"2\" class=\"stroke-base-color\" \/>\n<\/svg>\n                          <\/i>\n                        <\/div>\n                                          <\/div>\n                  <\/div>\n                <\/a>                \n            <\/div>\n\n                  <\/div>\n        <div class=\"testimonials-carousel__scrollbar-wrapper\">\n          <div class=\"swiper-scrollbar\"><\/div>\n        <\/div>\n        <div class=\"testimonials-carousel__arrows-wrapper\">\n          <div class=\"swiper-button-prev\"><\/div>\n          <div class=\"swiper-button-next\"><\/div>\n        <\/div>\n      <\/div>\n    <\/div>\n\n      <\/section>\n  \n\n\n<h3 class=\"wp-block-heading\" id=\"communications\">Papers<\/h3>\n\n\n\n<p><strong>Thesis and dissertation<\/strong><\/p>\n\n\n\n<p>Marcil, E. (2020).&nbsp; <em>\u201cFemmes et tourisme de l\u2019entre-soi \u201c M\u00e9moire. Montr\u00e9al<\/em> [unpublished master&#8217;s thesis], Universit\u00e9 du Qu\u00e9bec \u00e0 Montr\u00e9al.<\/p>\n\n\n\n<p><strong>Books<\/strong><\/p>\n\n\n\n<p>Marcil, E. (2022). <em>Femmes et tourisme de l\u2019entre-soi<\/em>, Presses de l\u2019Universit\u00e9 du Qu\u00e9bec&nbsp;: Qu\u00e9bec, 120 p.<\/p>\n\n\n\n<p><strong>Presentations<\/strong><\/p>\n\n\n\n<p>Marcil, E. (2023). Femmes et tourisme de l\u2019entre-soi. Paper presented at the Midis-conf\u00e9rences, D\u00e9partement des \u00e9tudes universitaires et de la recherche, Institut de tourisme et d\u2019h\u00f4tellerie du Qu\u00e9bec.<\/p>\n\n\n\n<p>Marcil, E. (2022). Les femmes et le voyage de groupe. Paper presented at ESTHUA, Facult\u00e9 de Tourisme, Culture et Hospitalit\u00e9, Universit\u00e9 Angers, Angers, France.<\/p>\n\n\n\n<p>Marcil, E. (2022). Femmes et tourisme. Paper presented to the Association Femmes du Tourisme, Paris.<\/p>\n\n\n\n<p><strong>Posters<\/strong>&nbsp;<\/p>\n\n\n\n<p>Marcil, E. (2023, November). Mesures d\u2019analyse sensorielle de services informationnels et communicationnels en contexte h\u00f4telier. Poster presented at <em>Ateliers des experts de Synchronex<\/em>, Qu\u00e9bec City.&nbsp;<\/p>\n\n\n\n<p><strong>Research report<\/strong>&nbsp;<\/p>\n\n\n\n<p>Marcil, E. (2023). Mesures d\u2019analyse sensorielle de services informationnels et communicationnels en contexte h\u00f4telier [Unpublished research report], Institut de tourisme et d\u2019h\u00f4tellerie du Qu\u00e9bec.&nbsp;<\/p>\n\n\n\n<section class=\"wp-block-vortex-blocks-contact-cta-columns alignwide contact-cta-columns-block\"><div class=\"contact-cta-columns-block__columns\">\n<div class=\"wp-block-vortex-blocks-contact-cta contact-cta-block\"><div class=\"contact-cta-block__inner\"><div class=\"contact-cta__icon-wrapper\"><div><svg width=\"42\" height=\"44\" viewBox=\"0 0 42 44\" fill=\"none\" xmlns=\"http:\/\/www.w3.org\/2000\/svg\"><path d=\"M0 17.1999a4 4 0 0 1 1.6594-3.2437l17-12.2672c1.3975-1.0084 3.2837-1.0084 4.6812 0l17 12.2672A3.9998 3.9998 0 0 1 42 17.1999V40c0 2.2091-1.7909 4-4 4H4c-2.2091 0-4-1.7909-4-4V17.1999Z\" fill=\"#fff\" class=\"fill-background-color\"><\/path><path d=\"M0 17.1999a4 4 0 0 1 1.6594-3.2437l17-12.2672c1.3975-1.0084 3.2837-1.0084 4.6812 0l17 12.2672A3.9998 3.9998 0 0 1 42 17.1999V40c0 2.2091-1.7909 4-4 4H4c-2.2091 0-4-1.7909-4-4V17.1999Z\" fill=\"#000\" class=\"fill-base-color\" fill-opacity=\".4\"><\/path><path fill=\"#000\" class=\"fill-base-color\" d=\"M6 5h30v33H6z\"><\/path><path d=\"m0 20 21 11.1818L42 20v20c0 2.2091-1.7909 4-4 4H4c-2.2091 0-4-1.7909-4-4V20Z\" fill=\"#fff\" class=\"fill-background-color\"><\/path><path d=\"m0 20 21 11.1818L42 20v20c0 2.2091-1.7909 4-4 4H4c-2.2091 0-4-1.7909-4-4V20Z\" fill=\"#000\" class=\"fill-base-color\" fill-opacity=\".6\"><\/path><path d=\"M23 14h-4v4h-4v4h12v-4h-4v-4Z\" fill=\"#fff\"><\/path><\/svg><\/div><\/div>\n\n<h2 class=\"wp-block-heading\" id=\"coordonnees\">Contact information<\/h2>\n\n\n<p>emilie.marcil@ithq.qc.ca&nbsp;<\/p>\n\n<\/div><\/div>\n<\/div><\/section>\n","protected":false},"excerpt":{"rendered":"<p>Bio With a master&#8217;s degree in tourism development from the Universit\u00e9 du Qu\u00e9bec \u00e0 Montr\u00e9al (UQAM), Emilie Marcil is a research professional at Experisens since 2021. Her Master\u2019s thesis addresses&hellip;<\/p>\n","protected":false},"author":3816,"featured_media":0,"parent":23948,"menu_order":0,"comment_status":"closed","ping_status":"closed","template":"","meta":{"_acf_changed":false,"_oasis_is_in_workflow":0,"_oasis_original":0,"_oasis_task_priority":"","_price":"","_stock":"","_tribe_ticket_header":"","_tribe_default_ticket_provider":"","_ticket_start_date":"","_ticket_end_date":"","_tribe_ticket_show_description":"","_tribe_ticket_show_not_going":false,"_tribe_ticket_use_global_stock":"","_tribe_ticket_global_stock_level":"","_global_stock_mode":"","_global_stock_cap":"","_tribe_rsvp_for_event":"","_tribe_ticket_going_count":"","_tribe_ticket_not_going_count":"","_tribe_tickets_list":"[]","_tribe_ticket_has_attendee_info_fields":false,"wpo365_audiences":[],"wpo365_private":false,"footnotes":"","_tec_slr_enabled":"","_tec_slr_layout":""},"class_list":["post-23983","page","type-page","status-publish","hentry"],"acf":[],"ticketed":false,"_links":{"self":[{"href":"https:\/\/www.ithq.qc.ca\/en\/wp-json\/wp\/v2\/pages\/23983","targetHints":{"allow":["GET"]}}],"collection":[{"href":"https:\/\/www.ithq.qc.ca\/en\/wp-json\/wp\/v2\/pages"}],"about":[{"href":"https:\/\/www.ithq.qc.ca\/en\/wp-json\/wp\/v2\/types\/page"}],"author":[{"embeddable":true,"href":"https:\/\/www.ithq.qc.ca\/en\/wp-json\/wp\/v2\/users\/3816"}],"replies":[{"embeddable":true,"href":"https:\/\/www.ithq.qc.ca\/en\/wp-json\/wp\/v2\/comments?post=23983"}],"version-history":[{"count":2,"href":"https:\/\/www.ithq.qc.ca\/en\/wp-json\/wp\/v2\/pages\/23983\/revisions"}],"predecessor-version":[{"id":66514,"href":"https:\/\/www.ithq.qc.ca\/en\/wp-json\/wp\/v2\/pages\/23983\/revisions\/66514"}],"up":[{"embeddable":true,"href":"https:\/\/www.ithq.qc.ca\/en\/wp-json\/wp\/v2\/pages\/23948"}],"wp:attachment":[{"href":"https:\/\/www.ithq.qc.ca\/en\/wp-json\/wp\/v2\/media?parent=23983"}],"curies":[{"name":"wp","href":"https:\/\/api.w.org\/{rel}","templated":true}]}}