{"id":23353,"date":"2023-03-06T12:41:35","date_gmt":"2023-03-06T17:41:35","guid":{"rendered":"https:\/\/www.ithq.qc.ca\/?page_id=23353"},"modified":"2026-02-24T10:49:55","modified_gmt":"2026-02-24T15:49:55","slug":"celebration-package","status":"publish","type":"page","link":"https:\/\/www.ithq.qc.ca\/en\/meetings-and-events\/packages\/celebration-package\/","title":{"rendered":"Celebration package"},"content":{"rendered":"\n<h3 class=\"wp-block-heading\">From $134 per person<\/h3>\n\n\n\n<p>It&#8217;s time to celebrate and the ITHQ is putting its expertise to work to help you organize an unforgettable event! Whether it&#8217;s for a wedding, a banquet or a party with friends, the quality of our facilities, our gourmet menus, and our outstanding service will ensure that you have an amazing time with your loved ones.&nbsp;&nbsp;&nbsp;&nbsp;<\/p>\n\n\n\n<p>For your guests who are from out of town or for those who want to party, it is also possible to book rooms in advance at the <a href=\"https:\/\/www.ithq.qc.ca\/en\/hotel\/\">H\u00f4tel de l&#8217;ITHQ<\/a>. &nbsp;&nbsp;<\/p>\n\n\n\n<p>Make your choice and celebrate; we&#8217;ll take care of the rest!<\/p>\n\n\n\n<p><strong>Drinks<\/strong><\/p>\n\n\n\n<ul class=\"wp-block-list\">\n<li>One glass of sparkling wine per person<\/li>\n\n\n\n<li>Half-bottle of wine per person (sommelier\u2019s choice)<\/li>\n\n\n\n<li>Coffee, tea and herbal tea<\/li>\n<\/ul>\n\n\n\n<p><strong>Canap\u00e9s (3 per person, chosen by our chef)<\/strong><\/p>\n\n\n\n<p><strong><strong>Appetizers (1 choice)<\/strong><\/strong><\/p>\n\n\n\n<ul class=\"wp-block-list\">\n<li>Green salad, shallot confit vinaigrette, sunflower and pumpkin seeds (vegan)&nbsp;<\/li>\n\n\n\n<li>Beef tartare, sourdough bread chip and Appalachian truffle oil, Louis D&#8217;Or shavings <strong>+2<\/strong>&nbsp;<\/li>\n\n\n\n<li>Consomm\u00e9 C\u00e9lestine (thin crepes with truffle in a poultry consomm\u00e9)&nbsp;<\/li>\n\n\n\n<li>Coquille Saint-Laurent,&nbsp;Alfred le Fermier&nbsp;and&nbsp;brown&nbsp;butter <strong>+5<\/strong>&nbsp;<\/li>\n\n\n\n<li>Foie gras torchon, Qu\u00e9bec&nbsp;berry&nbsp;gel,&nbsp;buckwheat&nbsp;tuile, brioche <strong>+4<\/strong>&nbsp;<\/li>\n\n\n\n<li>French carrot soup with wild caraway, roasted pumpkin seed oil, hemp crumble and pumpkin seeds&nbsp;<\/li>\n\n\n\n<li>Des Bobines trout marinated with boreal spices, smoked sour cream, Mujjol caviar, puffed rice, green oil <strong>+3<\/strong>&nbsp;<\/li>\n\n\n\n<li>Crunchy market vegetable salad, Quebec hazelnut crumble,&nbsp;local&nbsp;goat cheese&nbsp;&nbsp;<\/li>\n\n\n\n<li>Thin caramelized onion tart,&nbsp;mushrooms&nbsp;from a Montreal urban farm, black garlic pur\u00e9e, pickled red onion petals, fresh herbs&nbsp;<\/li>\n\n\n\n<li>Tomato salad, focaccia&nbsp;from Boulangerie Aube, late apple balsamic,&nbsp;Chemin Hatley cheese shavings&nbsp;&nbsp;<\/li>\n<\/ul>\n\n\n\n<p><strong>Main courses (1 choice)<\/strong><\/p>\n\n\n\n<ul class=\"wp-block-list\">\n<li>Free-range chicken breast, miso and maple sauce, Brussels sprouts, parsnip pur\u00e9e&nbsp;<\/li>\n\n\n\n<li>Greenland halibut (turbot), shellfish bisque,&nbsp;beluga lentil ragout, sea lettuce<\/li>\n\n\n\n<li>Fresh pasta with wild mushrooms, Au Gr\u00e9 des Champs cheese, marinated honey mushroom salad, sunflower seeds (vegetarian)&nbsp;<\/li>\n\n\n\n<li>Herb-crusted rack of lamb, red wine sauce, gratin dauphinois, braised and grilled red cabbage <strong>+15<\/strong>&nbsp;<\/li>\n\n\n\n<li>Roasted duck breast,\u00a0meat jus,\u00a0seasonal vegetables,\u00a0pan-fried oyster mushrooms\u00a0from a Montreal urban farm\u00a0<strong>+8<\/strong>\u00a0<\/li>\n\n\n\n<li>Gasp\u00e9sie Arctic char, hyssop sauce&nbsp;vierge, white bean&nbsp;and Swiss chard stew&nbsp;<\/li>\n\n\n\n<li>Beef flat iron steak, rich meat jus, Sarladaise potatoes with North Shore fleur de sel, seasonal vegetables&nbsp;<\/li>\n\n\n\n<li>House-made&nbsp;Beaurivage&nbsp;pork porchetta, maple-glazed with late-harvest apple balsamic, celeriac variations <strong>+11<\/strong><\/li>\n\n\n\n<li>Squash&nbsp;gratin with&nbsp;walnut and sunflower seed crust (vegetarian)&nbsp;<\/li>\n\n\n\n<li>House-made&nbsp;spinach&nbsp;and ricotta&nbsp;lasagna, pistou oil, tomato sauce (vegetarian)&nbsp;<\/li>\n<\/ul>\n\n\n\n<p><strong><strong>Trou normand (1 per person, chosen by the chef)<\/strong><\/strong><\/p>\n\n\n\n<p><strong>Desserts (1 choice)<\/strong><\/p>\n\n\n\n<ul class=\"wp-block-list\">\n<li>Chai tea mousse, apple compote, chiffon cake, maple whipped cream<\/li>\n\n\n\n<li>Cream puff, chef\u2019s inspiration of the moment<\/li>\n\n\n\n<li>Squash cheesecake, red berry compote, pumpkin seed praline&nbsp;<\/li>\n\n\n\n<li>Chocolate mousse, Avril amaretto whipped cream, almond crumble,&nbsp;chocolate&nbsp;and buckwheat honey cake<\/li>\n<\/ul>\n\n\n\n<div class=\"wp-block-vortex-blocks-notification-message notification-message-block\"><div class=\"notification-message-block__inner\"><p class=\"notification-message-block__title notification-title\"><\/p>\n<ul class=\"wp-block-list\">\n<li>Rental of the venue is free of charge for all groups of 40 or more with any of our package options.&nbsp;<\/li>\n\n\n\n<li>Fees, tips, and taxes are not included in the prices.<\/li>\n\n\n\n<li>Menus are subject to change without notice.&nbsp;<\/li>\n\n\n\n<li>If you have any allergies or food intolerances, please advise us by\u202f<a href=\"mailto:ventes-hotel@ithq.qc.ca\" target=\"_blank\" rel=\"noreferrer noopener\">email<\/a> at least one week before the event.&nbsp;&nbsp;<\/li>\n<\/ul>\n<\/div><\/div>\n\n\n\n<div class=\"wp-block-vortex-blocks-cta-carousel cta-carousel-block alignfull\"><div class=\"block-heading cta-carousel__heading\"><h2><span class=\"block-heading__title\">Spaces available with this package<\/span><\/h2><\/div><div class=\"cta-carousel swiper\"><div class=\"swiper-wrapper\">\n<section class=\"wp-block-vortex-blocks-cta-page cta-page-block\"><a class=\"cta-page\" href=\"https:\/\/www.ithq.qc.ca\/en\/meetings-and-events\/spaces-for-rent\/saint-louis-room\/\" target=\"_self\" rel=\"noopener noreferrer\"><div class=\"cta-page-block__thumbnail-wrapper\"><div class=\"cta-page-block__thumbnail position-center\" style=\"background-image:url(https:\/\/cdn.ithq.qc.ca\/uploads\/2023\/01\/Salle_Saint-Louis_11.jpg)\"><\/div><\/div><div class=\"cta-page-block__content\"><p>Saint-Louis room<\/p><div class=\"cta-page-block__icon-wrapper\"><div class=\"cta-page-block__icon\"><svg width=\"24\" height=\"24\" viewBox=\"0 0 24 24\" fill=\"none\" xmlns=\"http:\/\/www.w3.org\/2000\/svg\"><path d=\"M2 12h19m0 0-8.8987-9M21 12l-8.8987 9\" stroke=\"#000\" class=\"stroke-base-color\" stroke-width=\"2\"><\/path><\/svg><\/div><div class=\"cta-page-block__icon\"><svg width=\"24\" height=\"24\" viewBox=\"0 0 24 24\" fill=\"none\" xmlns=\"http:\/\/www.w3.org\/2000\/svg\"><path d=\"M2 12h19m0 0-8.8987-9M21 12l-8.8987 9\" stroke=\"#000\" class=\"stroke-base-color\" stroke-width=\"2\"><\/path><\/svg><\/div><\/div><\/div><\/a><\/section>\n\n\n\n<section class=\"wp-block-vortex-blocks-cta-page cta-page-block\"><a class=\"cta-page\" href=\"https:\/\/www.ithq.qc.ca\/en\/meetings-and-events\/spaces-for-rent\/mont-royal-room\/\" target=\"_self\" rel=\"noopener noreferrer\"><div class=\"cta-page-block__thumbnail-wrapper\"><div class=\"cta-page-block__thumbnail position-center\" style=\"background-image:url(https:\/\/cdn.ithq.qc.ca\/uploads\/2023\/03\/Salle-Mt-Royal_14.jpg)\"><\/div><\/div><div class=\"cta-page-block__content\"><p>Mont-Royal room<\/p><div class=\"cta-page-block__icon-wrapper\"><div class=\"cta-page-block__icon\"><svg width=\"24\" height=\"24\" viewBox=\"0 0 24 24\" fill=\"none\" xmlns=\"http:\/\/www.w3.org\/2000\/svg\"><path d=\"M2 12h19m0 0-8.8987-9M21 12l-8.8987 9\" stroke=\"#000\" class=\"stroke-base-color\" stroke-width=\"2\"><\/path><\/svg><\/div><div class=\"cta-page-block__icon\"><svg width=\"24\" height=\"24\" viewBox=\"0 0 24 24\" fill=\"none\" xmlns=\"http:\/\/www.w3.org\/2000\/svg\"><path d=\"M2 12h19m0 0-8.8987-9M21 12l-8.8987 9\" stroke=\"#000\" class=\"stroke-base-color\" stroke-width=\"2\"><\/path><\/svg><\/div><\/div><\/div><\/a><\/section>\n\n\n\n<section class=\"wp-block-vortex-blocks-cta-page cta-page-block\"><a class=\"cta-page\" href=\"https:\/\/www.ithq.qc.ca\/en\/meetings-and-events\/spaces-for-rent\/la-releve-gourmande\/\" target=\"_self\" rel=\"noopener noreferrer\"><div class=\"cta-page-block__thumbnail-wrapper\"><div class=\"cta-page-block__thumbnail position-center\" style=\"background-image:url(https:\/\/cdn.ithq.qc.ca\/uploads\/2023\/03\/La-Releve-gourmande_8-nov-2018.jpg)\"><\/div><\/div><div class=\"cta-page-block__content\"><p>La Rel\u00e8ve gourmande<\/p><div class=\"cta-page-block__icon-wrapper\"><div class=\"cta-page-block__icon\"><svg width=\"24\" height=\"24\" viewBox=\"0 0 24 24\" fill=\"none\" xmlns=\"http:\/\/www.w3.org\/2000\/svg\"><path d=\"M2 12h19m0 0-8.8987-9M21 12l-8.8987 9\" stroke=\"#000\" class=\"stroke-base-color\" stroke-width=\"2\"><\/path><\/svg><\/div><div class=\"cta-page-block__icon\"><svg width=\"24\" height=\"24\" viewBox=\"0 0 24 24\" fill=\"none\" xmlns=\"http:\/\/www.w3.org\/2000\/svg\"><path d=\"M2 12h19m0 0-8.8987-9M21 12l-8.8987 9\" stroke=\"#000\" class=\"stroke-base-color\" stroke-width=\"2\"><\/path><\/svg><\/div><\/div><\/div><\/a><\/section>\n<\/div><div class=\"cta-carousel__arrows-wrapper\"><div class=\"swiper-button-prev\"><\/div><div class=\"swiper-button-next\"><\/div><\/div><div class=\"cta-carousel__scrollbar-wrapper\"><div class=\"swiper-scrollbar\"><\/div><\/div><\/div><\/div>\n\n\n\n<div class=\"wp-block-vortex-blocks-cta-carousel cta-carousel-block alignfull\"><div class=\"block-heading cta-carousel__heading\"><h2><span class=\"block-heading__title\">You may also like<\/span><\/h2><\/div><div class=\"cta-carousel swiper\"><div class=\"swiper-wrapper\">\n<section class=\"wp-block-vortex-blocks-cta-page cta-page-block is-style-default has-ctheme-04-background-color has-background\"><a class=\"cta-page\" href=\"https:\/\/www.ithq.qc.ca\/en\/meetings-and-events\/packages\/meeting-package\/\" target=\"_self\" rel=\"noopener noreferrer\"><div class=\"cta-page-block__thumbnail-wrapper\"><div class=\"cta-page-block__thumbnail position-center\" style=\"background-image:url(https:\/\/cdn.ithq.qc.ca\/uploads\/2023\/03\/iStock-595761488.jpg)\"><\/div><\/div><div class=\"cta-page-block__content\"><p>Meeting package<br><strong>From $88 per person<\/strong><\/p><div class=\"cta-page-block__icon-wrapper\"><div class=\"cta-page-block__icon\"><svg width=\"24\" height=\"24\" viewBox=\"0 0 24 24\" fill=\"none\" xmlns=\"http:\/\/www.w3.org\/2000\/svg\"><path d=\"M2 12h19m0 0-8.8987-9M21 12l-8.8987 9\" stroke=\"#000\" class=\"stroke-base-color\" stroke-width=\"2\"><\/path><\/svg><\/div><div class=\"cta-page-block__icon\"><svg width=\"24\" height=\"24\" viewBox=\"0 0 24 24\" fill=\"none\" xmlns=\"http:\/\/www.w3.org\/2000\/svg\"><path d=\"M2 12h19m0 0-8.8987-9M21 12l-8.8987 9\" stroke=\"#000\" class=\"stroke-base-color\" stroke-width=\"2\"><\/path><\/svg><\/div><\/div><\/div><\/a><\/section>\n\n\n\n<section class=\"wp-block-vortex-blocks-cta-page cta-page-block is-style-default has-ctheme-04-background-color has-background\"><a class=\"cta-page\" href=\"https:\/\/www.ithq.qc.ca\/en\/meetings-and-events\/packages\/cocktail-hour-package\/\" target=\"_self\" rel=\"noopener noreferrer\"><div class=\"cta-page-block__thumbnail-wrapper\"><div class=\"cta-page-block__thumbnail position-center\" style=\"background-image:url(https:\/\/cdn.ithq.qc.ca\/uploads\/2023\/03\/iStock-599485534.jpg)\"><\/div><\/div><div class=\"cta-page-block__content\"><p>Cocktail hour package<br><strong>From $98 per person<\/strong><\/p><div class=\"cta-page-block__icon-wrapper\"><div class=\"cta-page-block__icon\"><svg width=\"24\" height=\"24\" viewBox=\"0 0 24 24\" fill=\"none\" xmlns=\"http:\/\/www.w3.org\/2000\/svg\"><path d=\"M2 12h19m0 0-8.8987-9M21 12l-8.8987 9\" stroke=\"#000\" class=\"stroke-base-color\" stroke-width=\"2\"><\/path><\/svg><\/div><div class=\"cta-page-block__icon\"><svg width=\"24\" height=\"24\" viewBox=\"0 0 24 24\" fill=\"none\" xmlns=\"http:\/\/www.w3.org\/2000\/svg\"><path d=\"M2 12h19m0 0-8.8987-9M21 12l-8.8987 9\" stroke=\"#000\" class=\"stroke-base-color\" stroke-width=\"2\"><\/path><\/svg><\/div><\/div><\/div><\/a><\/section>\n\n\n\n<section class=\"wp-block-vortex-blocks-cta-page cta-page-block is-style-default has-ctheme-04-background-color has-background\"><a class=\"cta-page\" href=\"https:\/\/www.ithq.qc.ca\/en\/meetings-and-events\/packages\/wedding-packages\/\" target=\"_self\" rel=\"noopener noreferrer\"><div class=\"cta-page-block__thumbnail-wrapper\"><div class=\"cta-page-block__thumbnail position-center\" style=\"background-image:url(https:\/\/cdn.ithq.qc.ca\/uploads\/2025\/01\/Reunion_forfaits-mariage-scaled.jpg)\"><\/div><\/div><div class=\"cta-page-block__content\"><p>Wedding packages<br><strong>From $170 per person<\/strong><\/p><div class=\"cta-page-block__icon-wrapper\"><div class=\"cta-page-block__icon\"><svg width=\"24\" height=\"24\" viewBox=\"0 0 24 24\" fill=\"none\" xmlns=\"http:\/\/www.w3.org\/2000\/svg\"><path d=\"M2 12h19m0 0-8.8987-9M21 12l-8.8987 9\" stroke=\"#000\" class=\"stroke-base-color\" stroke-width=\"2\"><\/path><\/svg><\/div><div class=\"cta-page-block__icon\"><svg width=\"24\" height=\"24\" viewBox=\"0 0 24 24\" fill=\"none\" xmlns=\"http:\/\/www.w3.org\/2000\/svg\"><path d=\"M2 12h19m0 0-8.8987-9M21 12l-8.8987 9\" stroke=\"#000\" class=\"stroke-base-color\" stroke-width=\"2\"><\/path><\/svg><\/div><\/div><\/div><\/a><\/section>\n<\/div><div class=\"cta-carousel__arrows-wrapper\"><div class=\"swiper-button-prev\"><\/div><div class=\"swiper-button-next\"><\/div><\/div><div class=\"cta-carousel__scrollbar-wrapper\"><div class=\"swiper-scrollbar\"><\/div><\/div><\/div><\/div>\n\n\n\n<section class=\"featured-card-modal-block theme-block aligndefault\"\n                           >\n   <div class=\"featured-card-modal__card-wrapper\">\n    <h2 class=\"featured-card-modal__card-wrapper__title\">Let&#039;s plan your event<\/h2>\n              <div class=\"featured-card-modal__card-wrapper__button-wrapper\">\n        <a href=\"https:\/\/www.ithq.qc.ca\/en\/meetings-and-events\/contact-the-meetings-and-events-service\/\" class=\"btn--plain\"><i class=\"vtx-icon vtx-icon-down_arrow first-arrow\"><\/i><span>Request a quote<\/span><i class=\"vtx-icon vtx-icon-down_arrow second-arrow\"><\/i><\/a>      <\/div>\n       <\/div>\n   <div class=\"featured-card-modal__image-wrapper\">\n    <img decoding=\"async\" src=\"https:\/\/cdn.ithq.qc.ca\/uploads\/2023\/01\/reunion-et-evenements_planifions-votre-evenement.jpg\" alt=\"\" \/>\n   <\/div>\n   <\/section>\n\n","protected":false},"excerpt":{"rendered":"<p>From $134 per person It&#8217;s time to celebrate and the ITHQ is putting its expertise to work to help you organize an unforgettable event! Whether it&#8217;s for a wedding, a&hellip;<\/p>\n","protected":false},"author":3816,"featured_media":0,"parent":23231,"menu_order":0,"comment_status":"closed","ping_status":"closed","template":"template-header-image.php","meta":{"_acf_changed":false,"_oasis_is_in_workflow":0,"_oasis_original":0,"_oasis_task_priority":"","_price":"","_stock":"","_tribe_ticket_header":"","_tribe_default_ticket_provider":"","_ticket_start_date":"","_ticket_end_date":"","_tribe_ticket_show_description":"","_tribe_ticket_show_not_going":false,"_tribe_ticket_use_global_stock":"","_tribe_ticket_global_stock_level":"","_global_stock_mode":"","_global_stock_cap":"","_tribe_rsvp_for_event":"","_tribe_ticket_going_count":"","_tribe_ticket_not_going_count":"","_tribe_tickets_list":"[]","_tribe_ticket_has_attendee_info_fields":false,"wpo365_audiences":[],"wpo365_private":false,"footnotes":"","_tec_slr_enabled":"","_tec_slr_layout":""},"class_list":["post-23353","page","type-page","status-publish","hentry"],"acf":[],"ticketed":false,"_links":{"self":[{"href":"https:\/\/www.ithq.qc.ca\/en\/wp-json\/wp\/v2\/pages\/23353","targetHints":{"allow":["GET"]}}],"collection":[{"href":"https:\/\/www.ithq.qc.ca\/en\/wp-json\/wp\/v2\/pages"}],"about":[{"href":"https:\/\/www.ithq.qc.ca\/en\/wp-json\/wp\/v2\/types\/page"}],"author":[{"embeddable":true,"href":"https:\/\/www.ithq.qc.ca\/en\/wp-json\/wp\/v2\/users\/3816"}],"replies":[{"embeddable":true,"href":"https:\/\/www.ithq.qc.ca\/en\/wp-json\/wp\/v2\/comments?post=23353"}],"version-history":[{"count":4,"href":"https:\/\/www.ithq.qc.ca\/en\/wp-json\/wp\/v2\/pages\/23353\/revisions"}],"predecessor-version":[{"id":65100,"href":"https:\/\/www.ithq.qc.ca\/en\/wp-json\/wp\/v2\/pages\/23353\/revisions\/65100"}],"up":[{"embeddable":true,"href":"https:\/\/www.ithq.qc.ca\/en\/wp-json\/wp\/v2\/pages\/23231"}],"wp:attachment":[{"href":"https:\/\/www.ithq.qc.ca\/en\/wp-json\/wp\/v2\/media?parent=23353"}],"curies":[{"name":"wp","href":"https:\/\/api.w.org\/{rel}","templated":true}]}}